{"id":1045,"date":"2018-08-20T09:07:15","date_gmt":"2018-08-20T13:07:15","guid":{"rendered":"https:\/\/hadx.com\/?page_id=1045"},"modified":"2019-10-14T09:25:26","modified_gmt":"2019-10-14T13:25:26","slug":"charte","status":"publish","type":"page","link":"https:\/\/lordreading.org\/fr\/histoire\/charte\/","title":{"rendered":"Charte"},"content":{"rendered":"[vc_row][vc_column][mk_revslider id=&#8221;about&#8221;][mk_padding_divider size=&#8221;70&#8243;][\/vc_column][\/vc_row][vc_row][vc_column width=&#8221;2\/3&#8243;][vc_column_text align=&#8221;center&#8221; css=&#8221;.vc_custom_1571059515134{margin-bottom: 0px !important;}&#8221;]\n<h1 style=\"text-align: left;\">Charte<\/h1>\n<p style=\"text-align: left;\">Veuillez trouver ci-dessous les liens vers les documents relative \u00e0 l&#8217;opposition de l&#8217;Association de droit Lord Reading au projet de loi 60, la <em>Charte affirmant les valeurs de la\u00efcit\u00e9 et de neutralit\u00e9 religieuse de l&#8217;\u00c9tat ainsi que d&#8217;\u00e9galit\u00e9 entre les femmes et les hommes et encadrant les demandes d&#8217;accommodement<\/em> :<\/p>\n<p style=\"text-align: left;\"><a href=\"http:\/\/lordreading.org\/_media\/declaration_charte.pdf\" target=\"_blank\" rel=\"noopener noreferrer\">L&#8217;Association de droit Lord Reading s&#8217;oppose \u00e0 la Charte des valeurs qu\u00e9b\u00e9coises &#8211; devenue le projet de loi 60<\/a> (le 19 novembre 2013)<\/p>\n<p style=\"text-align: left;\"><a href=\"http:\/\/lordreading.org\/_media\/tg_lettre.pdf\" target=\"_blank\" rel=\"noopener noreferrer\">Mise \u00e0 Jour \u00e0 l\u2019\u00c9gard de l\u2019Opposition de l\u2019Association au Projet de loi 60<\/a> (le 9 janvier 2014)<\/p>\n<p style=\"text-align: left;\">Documents d\u00e9pos\u00e9s par l&#8217;Association de droit Lord Reading \u00e0 la Commission des institutions de l&#8217;Assembl\u00e9e nationale du Qu\u00e9bec le 19 d\u00e9cembre 2013 :<\/p>\n<ul style=\"text-align: left;\">\n<li><a href=\"http:\/\/lordreading.org\/_media\/letter_commission.pdf\" target=\"_blank\" rel=\"noopener noreferrer\">Lettre \u00e0 la Commission des institutions de l&#8217;Assembl\u00e9e nationale du Qu\u00e9bec<\/a><\/li>\n<li><a href=\"http:\/\/lordreading.org\/_media\/requete.pdf\" target=\"_blank\" rel=\"noopener noreferrer\">Requ\u00eate de l&#8217;Association de droit Lord Reading \u00e0 la Commission des institutions de l&#8217;Assembl\u00e9e nationale du Qu\u00e9bec<\/a><\/li>\n<li><a href=\"http:\/\/lordreading.org\/_media\/memoire.pdf\" target=\"_blank\" rel=\"noopener noreferrer\">M\u00e9moire de l&#8217;Association de droit Lord Reading en opposition au projet de loi 60<\/a><\/li>\n<li><a href=\"http:\/\/lordreading.org\/_media\/memorandum.pdf\" target=\"_blank\" rel=\"noopener noreferrer\">M\u00e9moire de l&#8217;Association de droit Lord Reading en opposition au projet de loi 60<\/a> (version anglaise)<\/li>\n<li><a href=\"http:\/\/lordreading.org\/_media\/R_1.pdf\" target=\"_blank\" rel=\"noopener noreferrer\">Pi\u00e8ce R-1<\/a> \u00e0 la requ\u00eate<\/li>\n<li><a href=\"http:\/\/lordreading.org\/_media\/R_2.pdf\" target=\"_blank\" rel=\"noopener noreferrer\">Pi\u00e8ce R-2<\/a> \u00e0 la requ\u00eate<\/li>\n<li><a href=\"http:\/\/lordreading.org\/_media\/summary.pdf\" target=\"_blank\" rel=\"noopener noreferrer\">Sommaire du m\u00e9moire<\/a> de l&#8217;Association de droit Lord Reading en opposition au projet de loi 60<\/li>\n<\/ul>\n<p style=\"text-align: left;\">Lord Reading dans les m\u00e9dias :<\/p>\n<p style=\"text-align: left;\"><a href=\"http:\/\/www.lapresse.ca\/debats\/votre-opinion\/201311\/18\/01-4712040-des-premisses-douteuses.php\" target=\"_blank\" rel=\"noopener noreferrer\">La Presse<\/a><br \/>\n<a href=\"http:\/\/www.cjnews.com\/?q=node\/120890\" target=\"_blank\" rel=\"noopener noreferrer\">Canadian Jewish News<\/a><br \/>\n<a href=\"http:\/\/globalnews.ca\/news\/1079931\/leger-marketing-survey-shows-more-stereotyping-after-charter\/\" target=\"_blank\" rel=\"noopener noreferrer\">Global News<\/a><\/p>\n<p style=\"text-align: left;\">Pour toutes demandes de renseignements SVP\u00a0contactez\u00a0<a href=\"mailto:gregory.azancot@lordreading.org\">gregory.azancot@lordreading.org <\/a><\/p>\n[\/vc_column_text][mk_padding_divider size=&#8221;70&#8243;][\/vc_column][vc_column width=&#8221;1\/3&#8243;][mk_custom_sidebar sidebar=&#8221;sidebar-1&#8243;][\/vc_column][\/vc_row]\n","protected":false},"excerpt":{"rendered":"<p>[vc_row][vc_column][mk_revslider id=&#8221;about&#8221;][mk_padding_divider size=&#8221;70&#8243;][\/vc_column][\/vc_row][vc_row][vc_column width=&#8221;2\/3&#8243;][vc_column_text align=&#8221;center&#8221; css=&#8221;.vc_custom_1571059515134{margin-bottom: 0px !important;}&#8221;] Charte Veuillez trouver ci-dessous les liens vers les documents relative \u00e0 l&#8217;opposition de l&#8217;Association de droit Lord Reading au projet de loi 60, la Charte affirmant les valeurs de la\u00efcit\u00e9 et de neutralit\u00e9 religieuse de l&#8217;\u00c9tat ainsi que d&#8217;\u00e9galit\u00e9 entre les femmes et les hommes et encadrant [&hellip;]<\/p>\n","protected":false},"author":1,"featured_media":0,"parent":894,"menu_order":0,"comment_status":"closed","ping_status":"closed","template":"","meta":[],"categories":[49],"tags":[],"yoast_head":"<!-- This site is optimized with the Yoast SEO plugin v16.6.1 - https:\/\/yoast.com\/wordpress\/plugins\/seo\/ -->\n<title>Charte - L&#039;association de droit Lord Reading<\/title>\n<meta name=\"robots\" content=\"index, follow, max-snippet:-1, max-image-preview:large, max-video-preview:-1\" \/>\n<link rel=\"canonical\" href=\"https:\/\/lordreading.org\/fr\/?page_id=1046\" \/>\n<meta property=\"og:locale\" content=\"fr_FR\" \/>\n<meta property=\"og:type\" content=\"article\" \/>\n<meta property=\"og:title\" content=\"Charte - L&#039;association de droit Lord Reading\" \/>\n<meta property=\"og:description\" content=\"[vc_row][vc_column][mk_revslider id=&#8221;about&#8221;][mk_padding_divider size=&#8221;70&#8243;][\/vc_column][\/vc_row][vc_row][vc_column width=&#8221;2\/3&#8243;][vc_column_text align=&#8221;center&#8221; css=&#8221;.vc_custom_1571059515134{margin-bottom: 0px !important;}&#8221;] Charte Veuillez trouver ci-dessous les liens vers les documents relative \u00e0 l&#8217;opposition de l&#8217;Association de droit Lord Reading au projet de loi 60, la Charte affirmant les valeurs de la\u00efcit\u00e9 et de neutralit\u00e9 religieuse de l&#8217;\u00c9tat ainsi que d&#8217;\u00e9galit\u00e9 entre les femmes et les hommes et encadrant [&hellip;]\" \/>\n<meta property=\"og:url\" content=\"https:\/\/lordreading.org\/?page_id=1046\" \/>\n<meta property=\"og:site_name\" content=\"L&#039;association de droit Lord Reading\" \/>\n<meta property=\"article:publisher\" content=\"https:\/\/www.facebook.com\/LordReadingLawSociety\/\" \/>\n<meta property=\"article:modified_time\" content=\"2019-10-14T13:25:26+00:00\" \/>\n<meta name=\"twitter:card\" content=\"summary_large_image\" \/>\n<meta name=\"twitter:site\" content=\"@LRLawSociety\" \/>\n<meta name=\"twitter:label1\" content=\"Dur\u00e9e de lecture est.\" \/>\n\t<meta name=\"twitter:data1\" content=\"1 minute\" \/>\n<script type=\"application\/ld+json\" class=\"yoast-schema-graph\">{\"@context\":\"https:\/\/schema.org\",\"@graph\":[{\"@type\":\"WebSite\",\"@id\":\"https:\/\/lordreading.org\/#website\",\"url\":\"https:\/\/lordreading.org\/\",\"name\":\"L'association de droit Lord Reading\",\"description\":\"The Collective Voice of Jewish Jurists in Quebec\",\"potentialAction\":[{\"@type\":\"SearchAction\",\"target\":{\"@type\":\"EntryPoint\",\"urlTemplate\":\"https:\/\/lordreading.org\/?s={search_term_string}\"},\"query-input\":\"required name=search_term_string\"}],\"inLanguage\":\"fr-FR\"},{\"@type\":\"WebPage\",\"@id\":\"https:\/\/lordreading.org\/?page_id=1046#webpage\",\"url\":\"https:\/\/lordreading.org\/?page_id=1046\",\"name\":\"Charte - L'association de droit Lord Reading\",\"isPartOf\":{\"@id\":\"https:\/\/lordreading.org\/#website\"},\"datePublished\":\"2018-08-20T13:07:15+00:00\",\"dateModified\":\"2019-10-14T13:25:26+00:00\",\"breadcrumb\":{\"@id\":\"https:\/\/lordreading.org\/?page_id=1046#breadcrumb\"},\"inLanguage\":\"fr-FR\",\"potentialAction\":[{\"@type\":\"ReadAction\",\"target\":[\"https:\/\/lordreading.org\/?page_id=1046\"]}]},{\"@type\":\"BreadcrumbList\",\"@id\":\"https:\/\/lordreading.org\/?page_id=1046#breadcrumb\",\"itemListElement\":[{\"@type\":\"ListItem\",\"position\":1,\"name\":\"Home\",\"item\":\"https:\/\/lordreading.org\/fr\/\"},{\"@type\":\"ListItem\",\"position\":2,\"name\":\"Histoire\",\"item\":\"https:\/\/lordreading.org\/history\/\"},{\"@type\":\"ListItem\",\"position\":3,\"name\":\"Charte\"}]}]}<\/script>\n<!-- \/ Yoast SEO plugin. -->","_links":{"self":[{"href":"https:\/\/lordreading.org\/fr\/wp-json\/wp\/v2\/pages\/1045"}],"collection":[{"href":"https:\/\/lordreading.org\/fr\/wp-json\/wp\/v2\/pages"}],"about":[{"href":"https:\/\/lordreading.org\/fr\/wp-json\/wp\/v2\/types\/page"}],"author":[{"embeddable":true,"href":"https:\/\/lordreading.org\/fr\/wp-json\/wp\/v2\/users\/1"}],"replies":[{"embeddable":true,"href":"https:\/\/lordreading.org\/fr\/wp-json\/wp\/v2\/comments?post=1045"}],"version-history":[{"count":3,"href":"https:\/\/lordreading.org\/fr\/wp-json\/wp\/v2\/pages\/1045\/revisions"}],"predecessor-version":[{"id":2066,"href":"https:\/\/lordreading.org\/fr\/wp-json\/wp\/v2\/pages\/1045\/revisions\/2066"}],"up":[{"embeddable":true,"href":"https:\/\/lordreading.org\/fr\/wp-json\/wp\/v2\/pages\/894"}],"wp:attachment":[{"href":"https:\/\/lordreading.org\/fr\/wp-json\/wp\/v2\/media?parent=1045"}],"wp:term":[{"taxonomy":"category","embeddable":true,"href":"https:\/\/lordreading.org\/fr\/wp-json\/wp\/v2\/categories?post=1045"},{"taxonomy":"post_tag","embeddable":true,"href":"https:\/\/lordreading.org\/fr\/wp-json\/wp\/v2\/tags?post=1045"}],"curies":[{"name":"wp","href":"https:\/\/api.w.org\/{rel}","templated":true}]}}