{"id":2267,"date":"2020-03-17T09:40:15","date_gmt":"2020-03-17T13:40:15","guid":{"rendered":"https:\/\/lordreading.org\/lrls-helps\/"},"modified":"2020-03-25T13:44:34","modified_gmt":"2020-03-25T17:44:34","slug":"lrls-helps","status":"publish","type":"page","link":"https:\/\/lordreading.org\/fr\/lrls-helps\/","title":{"rendered":"LRLS Helps"},"content":{"rendered":"<h2>Un appel continu \u00e0 l&#8217;action du Pr\u00e9sident<\/h2>\n<p>Chers honorables juges, coll\u00e8gues, \u00e9tudiant(e)s, stagiaires et ami(e)s de l\u2019Association,<\/p>\n<p>Le virus COVID-19 nous a tous affect\u00e9s, certains plus que d&#8217;autres. Certains de nos amis et voisins sont malades et nous avons tous, \u00e0 des degr\u00e9s divers, peur. Cette p\u00e9riode sans pr\u00e9c\u00e9dent nous obligent \u00e0 faire une introspection et exigent que nous surmontions nos craintes et que nous r\u00e9pondions \u00e0 l&#8217;appel car \u00ab\u00a0<em>En fait, il y aura toujours des n\u00e9cessiteux dans le pays\u202f: c\u2019est pourquoi, je t\u2019ordonne d\u2019ouvrir toute grande ta main \u00e0 ton compatriote, au malheureux et au pauvre dans ton pays.<\/em>\u00a0\u00bb<\/p>\n<p>Pendant cette p\u00e9riode, Lord Reading, \u00e0 travers son r\u00e9seau et ses connaissances, doit agir avec audace pour aider de toutes les mani\u00e8res possibles. \u00a0La soci\u00e9t\u00e9 qu\u00e9b\u00e9coise et la communaut\u00e9 juive ont des besoins urgents et pressants.<\/p>\n<p>J&#8217;implore tous ceux d&#8217;entre vous qui le peuvent, d&#8217;aider.<\/p>\n<p>De plus, si vous ou une personne de votre entourage avez besoin d&#8217;une aide quelconque, veuillez nous contacter au\u00a0<a href=\"mailto:resources@lordreading.org\" target=\"_blank\" rel=\"noopener noreferrer\">resources@lordreading.org<\/a>.<\/p>\n<p><strong>F\u00eate de la P\u00e2que \u2013 MADA a besoin de b\u00e9n\u00e9voles<\/strong><\/p>\n<p>Centre Communitaire MADA a un besoin urgent de b\u00e9n\u00e9voles. Ils ont mis en place des mesures de s\u00e9curit\u00e9 strictes, ce qui, ajout\u00e9 au virus et aux f\u00eates de P\u00e2ques, a cr\u00e9\u00e9 une importante p\u00e9nurie de personnel. \u00a0Voici ce dont ils ont besoin :<\/p>\n<ol>\n<li><u>Le plus grand nombre possible de chauffeurs avec voiture dimanche 29 mars et\/ou lundi 30 mars<\/u>\u00a0pour livrer les paniers de nourriture de la P\u00e2que aux personnes dans le besoin. Normalement, un grand nombre de personnes viennent chercher les paniers, mais avec le Covid-19, cela n&#8217;est plus possible.\u00a0 Les bo\u00eetes sont grandes et une voiture normale pourra contenir environ 5 bo\u00eetes. Toutes les zones doivent \u00eatre couvertes, donc d&#8217;o\u00f9 que vous veniez, ils ont besoin de vous ;<\/li>\n<li><u>Mardi 7 avril-le plus grand nombre possible de chauffeurs avec voiture<\/u>. Cette ann\u00e9e il n&#8217;y aura pas de Seder communautaire pour les moins fortun\u00e9s de notre communaut\u00e9. MADA livrera \u00e0 la place un &#8221; Seder dans une boite &#8220;. Il y aura au moins 2 500 seders \u00e0 livrer et ils doivent tous \u00eatre livr\u00e9s ce jour-l\u00e0. Toutes les zones doivent \u00eatre couvertes, donc d&#8217;o\u00f9 que vous veniez, ils ont besoin de vous ;<\/li>\n<li><u>Pr\u00e9paration de la nourriture de la P\u00e2que du dimanche 29 mars au lundi 6 avril.<\/u>\u00a0Ils ont besoin de b\u00e9n\u00e9voles pour couper, pr\u00e9parer et emballer la nourriture pour la distribuer aux n\u00e9cessiteux.<\/li>\n<\/ol>\n<p>Si vous pouvez aider, veuillez nous envoyer un courriel au\u00a0<a href=\"mailto:volunteer@lordreading.org\" target=\"_blank\" rel=\"noopener noreferrer\">volunteer@lordreading.org<\/a>, ou vous pouvez remplir le formulaire directement sur le site web de MADA au \u00a0<a href=\"https:\/\/madacenter.com\/passover\/passover-volunteering\/\" target=\"_blank\" rel=\"noopener noreferrer\">https:\/\/madacenter.com\/passover\/passover-volunteering\/<\/a>.<\/p>\n<p><em>Si vous avez 65 ans ou plus, ou si vous avez des sympt\u00f4mes ressemblant \u00e0 ceux du rhume ou si vous avez \u00e9t\u00e9 \u00e0 proximit\u00e9 d&#8217;une personne qui a \u00e9t\u00e9 d\u00e9clar\u00e9e positive au Covid-19, ou si vous avez quitt\u00e9 le Qu\u00e9bec au cours des 14 derniers jours, vous n&#8217;\u00eates pas admissible.\u00a0<a href=\"https:\/\/madacenter.com\/fr\/passover\/donate-passover\/\" target=\"_blank\" rel=\"noopener noreferrer\">Les dons mon\u00e9taires \u00e0 MADA<\/a>\u00a0sont toujours les bienvenus.<\/em><\/p>\n<p><strong>Ligne t\u00e9l\u00e9phonique d&#8217;aide juridique du Barreau<\/strong><\/p>\n<p>Merci \u00e0 ceux qui ont r\u00e9pondu \u00e0 l&#8217;appel et donn\u00e9 de leur temps. Je sais que nos vies ont \u00e9t\u00e9 s\u00e9rieusement perturb\u00e9es, mais le Barreau du Qu\u00e9bec a toujours besoin de b\u00e9n\u00e9voles et nous sommes en mesure de les aider. \u00a0Des gens appellent et des avocats offrent des consultations t\u00e9l\u00e9phoniques gratuites de 15 minutes sur diverses questions juridiques dont une grande partie a trait aux impacts du virus Covid-19.<\/p>\n<p>Veuillez envoyer un courriel \u00e0\u00a0<a href=\"mailto:legalhelp@lordreading.org\" target=\"_blank\" rel=\"noopener noreferrer\">legalhelp@lordreading.org<\/a>\u00a0et nous indiquer les dates et les plages horaires o\u00f9 vous \u00eates disponibles au cours des deux prochaines semaines (lundi \u00e0 vendredi), toutes les langues dans lesquelles vous pouvez communiquer et les domaines du droit pour lesquels vous \u00eates \u00e0 l&#8217;aise pour donner des conseils. Nous transmettrons ces informations au Barreau, qui prendra contact avec vous.<\/p>\n<p><strong>Ressources pour les membres<\/strong><\/p>\n<p>Si vous, ou l&#8217;une de vos connaissances, avez besoin d&#8217;une aide quelconque, veuillez-nous en faire part. Cette aide peut \u00eatre aussi simple qu\u2019une visite en ligne ou par t\u00e9l\u00e9phone \u00e0 l&#8217;achat de produits alimentaires en raison d&#8217;une mise en quarantaine ou d&#8217;une incapacit\u00e9. Sachez que ces demandes seront trait\u00e9es avec le plus haut niveau de confidentialit\u00e9. Si quelqu&#8217;un a besoin de quoi que ce soit, de quelque nature que ce soit, ne soyez pas timides et faites-le nous savoir \u00e0 l&#8217;adresse suivante : <a href=\"mailto:resources@lordreading.org\">resources@lordreading.org<\/a>.<\/p>\n<p>Prenez soin de votre sant\u00e9,<br \/>\nGregory Azancot<br \/>\nPr\u00e9sident<\/p>\n","protected":false},"excerpt":{"rendered":"<p>Un appel continu \u00e0 l&#8217;action du Pr\u00e9sident Chers honorables juges, coll\u00e8gues, \u00e9tudiant(e)s, stagiaires et ami(e)s de l\u2019Association, Le virus COVID-19 nous a tous affect\u00e9s, certains plus que d&#8217;autres. Certains de nos amis et voisins sont malades et nous avons tous, \u00e0 des degr\u00e9s divers, peur. Cette p\u00e9riode sans pr\u00e9c\u00e9dent nous obligent \u00e0 faire une introspection [&hellip;]<\/p>\n","protected":false},"author":1,"featured_media":0,"parent":0,"menu_order":0,"comment_status":"closed","ping_status":"closed","template":"","meta":[],"categories":[],"tags":[],"yoast_head":"<!-- This site is optimized with the Yoast SEO plugin v16.6.1 - https:\/\/yoast.com\/wordpress\/plugins\/seo\/ -->\n<title>LRLS Helps - L&#039;association de droit Lord Reading<\/title>\n<meta name=\"robots\" content=\"index, follow, max-snippet:-1, max-image-preview:large, max-video-preview:-1\" \/>\n<link rel=\"canonical\" href=\"https:\/\/lordreading.org\/fr\/lrls-helps\/\" \/>\n<meta property=\"og:locale\" content=\"fr_FR\" \/>\n<meta property=\"og:type\" content=\"article\" \/>\n<meta property=\"og:title\" content=\"LRLS Helps - L&#039;association de droit Lord Reading\" \/>\n<meta property=\"og:description\" content=\"Un appel continu \u00e0 l&#8217;action du Pr\u00e9sident Chers honorables juges, coll\u00e8gues, \u00e9tudiant(e)s, stagiaires et ami(e)s de l\u2019Association, Le virus COVID-19 nous a tous affect\u00e9s, certains plus que d&#8217;autres. Certains de nos amis et voisins sont malades et nous avons tous, \u00e0 des degr\u00e9s divers, peur. Cette p\u00e9riode sans pr\u00e9c\u00e9dent nous obligent \u00e0 faire une introspection [&hellip;]\" \/>\n<meta property=\"og:url\" content=\"https:\/\/lordreading.org\/lrls-helps\/\" \/>\n<meta property=\"og:site_name\" content=\"L&#039;association de droit Lord Reading\" \/>\n<meta property=\"article:publisher\" content=\"https:\/\/www.facebook.com\/LordReadingLawSociety\/\" \/>\n<meta property=\"article:modified_time\" content=\"2020-03-25T17:44:34+00:00\" \/>\n<meta name=\"twitter:card\" content=\"summary_large_image\" \/>\n<meta name=\"twitter:site\" content=\"@LRLawSociety\" \/>\n<meta name=\"twitter:label1\" content=\"Dur\u00e9e de lecture est.\" \/>\n\t<meta name=\"twitter:data1\" content=\"4 minutes\" \/>\n<script type=\"application\/ld+json\" class=\"yoast-schema-graph\">{\"@context\":\"https:\/\/schema.org\",\"@graph\":[{\"@type\":\"WebSite\",\"@id\":\"https:\/\/lordreading.org\/#website\",\"url\":\"https:\/\/lordreading.org\/\",\"name\":\"L'association de droit Lord Reading\",\"description\":\"The Collective Voice of Jewish Jurists in Quebec\",\"potentialAction\":[{\"@type\":\"SearchAction\",\"target\":{\"@type\":\"EntryPoint\",\"urlTemplate\":\"https:\/\/lordreading.org\/?s={search_term_string}\"},\"query-input\":\"required name=search_term_string\"}],\"inLanguage\":\"fr-FR\"},{\"@type\":\"WebPage\",\"@id\":\"https:\/\/lordreading.org\/lrls-helps\/#webpage\",\"url\":\"https:\/\/lordreading.org\/lrls-helps\/\",\"name\":\"LRLS Helps - L'association de droit Lord Reading\",\"isPartOf\":{\"@id\":\"https:\/\/lordreading.org\/#website\"},\"datePublished\":\"2020-03-17T13:40:15+00:00\",\"dateModified\":\"2020-03-25T17:44:34+00:00\",\"breadcrumb\":{\"@id\":\"https:\/\/lordreading.org\/lrls-helps\/#breadcrumb\"},\"inLanguage\":\"fr-FR\",\"potentialAction\":[{\"@type\":\"ReadAction\",\"target\":[\"https:\/\/lordreading.org\/lrls-helps\/\"]}]},{\"@type\":\"BreadcrumbList\",\"@id\":\"https:\/\/lordreading.org\/lrls-helps\/#breadcrumb\",\"itemListElement\":[{\"@type\":\"ListItem\",\"position\":1,\"name\":\"Home\",\"item\":\"https:\/\/lordreading.org\/fr\/\"},{\"@type\":\"ListItem\",\"position\":2,\"name\":\"LRLS Helps\"}]}]}<\/script>\n<!-- \/ Yoast SEO plugin. -->","_links":{"self":[{"href":"https:\/\/lordreading.org\/fr\/wp-json\/wp\/v2\/pages\/2267"}],"collection":[{"href":"https:\/\/lordreading.org\/fr\/wp-json\/wp\/v2\/pages"}],"about":[{"href":"https:\/\/lordreading.org\/fr\/wp-json\/wp\/v2\/types\/page"}],"author":[{"embeddable":true,"href":"https:\/\/lordreading.org\/fr\/wp-json\/wp\/v2\/users\/1"}],"replies":[{"embeddable":true,"href":"https:\/\/lordreading.org\/fr\/wp-json\/wp\/v2\/comments?post=2267"}],"version-history":[{"count":4,"href":"https:\/\/lordreading.org\/fr\/wp-json\/wp\/v2\/pages\/2267\/revisions"}],"predecessor-version":[{"id":2278,"href":"https:\/\/lordreading.org\/fr\/wp-json\/wp\/v2\/pages\/2267\/revisions\/2278"}],"wp:attachment":[{"href":"https:\/\/lordreading.org\/fr\/wp-json\/wp\/v2\/media?parent=2267"}],"wp:term":[{"taxonomy":"category","embeddable":true,"href":"https:\/\/lordreading.org\/fr\/wp-json\/wp\/v2\/categories?post=2267"},{"taxonomy":"post_tag","embeddable":true,"href":"https:\/\/lordreading.org\/fr\/wp-json\/wp\/v2\/tags?post=2267"}],"curies":[{"name":"wp","href":"https:\/\/api.w.org\/{rel}","templated":true}]}}