{"id":2776,"date":"2018-10-23T04:04:29","date_gmt":"2018-10-23T08:04:29","guid":{"rendered":"https:\/\/lordreading.org\/videos\/"},"modified":"2021-09-16T11:39:04","modified_gmt":"2021-09-16T15:39:04","slug":"videos","status":"publish","type":"page","link":"https:\/\/lordreading.org\/fr\/videos\/","title":{"rendered":"Vid\u00e9os"},"content":{"rendered":"[vc_row][vc_column][mk_revslider id=&#8221;about&#8221;][mk_padding_divider size=&#8221;70&#8243;][\/vc_column][\/vc_row][vc_row][vc_column width=&#8221;2\/3&#8243;][vc_column_text align=&#8221;center&#8221; css=&#8221;.vc_custom_1540583285669{margin-bottom: 0px !important;}&#8221;]\n<h1 style=\"text-align: left;\">Vid\u00e9os<\/h1>\n<p style=\"text-align: left;\"><strong>Vid\u00e9os du 70e anniversaire<\/strong><\/p>\n<p style=\"text-align: left;\">Nous sommes ravis de partager avec vous toutes les vid\u00e9os c\u00e9l\u00e9brant le 70e anniversaire de la Soci\u00e9t\u00e9. Nous avons une grande collection !<\/p>\n<p style=\"text-align: left;\">Le Premier ministre du Canada s&#8217;adresse \u00e0 l\u2019Association :<\/p>\n<p style=\"text-align: left;\"><iframe loading=\"lazy\" src=\"https:\/\/player.vimeo.com\/video\/296541324\" width=\"640\" height=\"360\" frameborder=\"0\" allowfullscreen=\"allowfullscreen\"><\/iframe><\/p>\n<p style=\"text-align: left;\">Extrait du discours des anciens pr\u00e9sidents :<\/p>\n<p style=\"text-align: left;\"><iframe loading=\"lazy\" src=\"https:\/\/player.vimeo.com\/video\/297197406\" width=\"640\" height=\"360\" frameborder=\"0\" allowfullscreen=\"allowfullscreen\"><\/iframe><\/p>\n<p style=\"text-align: left;\">La vid\u00e9o compl\u00e8te \u2013 le discours des anciens pr\u00e9sidents :<\/p>\n<p style=\"text-align: left;\"><iframe loading=\"lazy\" src=\"https:\/\/player.vimeo.com\/video\/296514735\" width=\"640\" height=\"360\" frameborder=\"0\" allowfullscreen=\"allowfullscreen\"><\/iframe><\/p>\n<p style=\"text-align: left;\">L\u2019honorable Rosalie Abella de la Cour supr\u00eame du Canada :<\/p>\n<p style=\"text-align: left;\"><iframe loading=\"lazy\" src=\"https:\/\/player.vimeo.com\/video\/296532479\" width=\"640\" height=\"360\" frameborder=\"0\" allowfullscreen=\"allowfullscreen\"><\/iframe><\/p>\n<p style=\"text-align: left;\">Juge en chef de la Cour du Qu\u00e9bec Lucie Rondeau:<\/p>\n<p style=\"text-align: left;\"><iframe loading=\"lazy\" src=\"https:\/\/player.vimeo.com\/video\/297252858\" width=\"640\" height=\"1138\" frameborder=\"0\" allowfullscreen=\"allowfullscreen\"><\/iframe><\/p>\n<p><strong>Anciennes vid\u00e9os<\/strong><\/p>\n<p style=\"text-align: left;\">L\u2019un de nos \u00e9v\u00e9nements r\u00e9cents qui a connu un tr\u00e8s grand succ\u00e8s a \u00e9t\u00e9 un gala en hommage \u00e0 l\u2019honorable Irwin Cotler. \u00c0 cette occasion, le premier ministre du Canada a exprim\u00e9 les v\u0153ux suivants :<\/p>\n<p style=\"text-align: left;\"><iframe loading=\"lazy\" src=\"https:\/\/player.vimeo.com\/video\/168989045\" width=\"640\" height=\"358\" frameborder=\"0\" allowfullscreen=\"allowfullscreen\"><\/iframe><\/p>\n[\/vc_column_text][mk_padding_divider size=&#8221;70&#8243;][\/vc_column][vc_column width=&#8221;1\/3&#8243;][mk_custom_sidebar sidebar=&#8221;sidebar-1&#8243;][\/vc_column][\/vc_row]\n","protected":false},"excerpt":{"rendered":"<p>[vc_row][vc_column][mk_revslider id=&#8221;about&#8221;][mk_padding_divider size=&#8221;70&#8243;][\/vc_column][\/vc_row][vc_row][vc_column width=&#8221;2\/3&#8243;][vc_column_text align=&#8221;center&#8221; css=&#8221;.vc_custom_1540583285669{margin-bottom: 0px !important;}&#8221;] Vid\u00e9os Vid\u00e9os du 70e anniversaire Nous sommes ravis de partager avec vous toutes les vid\u00e9os c\u00e9l\u00e9brant le 70e anniversaire de la Soci\u00e9t\u00e9. Nous avons une grande collection ! Le Premier ministre du Canada s&#8217;adresse \u00e0 l\u2019Association : Extrait du discours des anciens pr\u00e9sidents : La vid\u00e9o compl\u00e8te [&hellip;]<\/p>\n","protected":false},"author":1,"featured_media":0,"parent":0,"menu_order":0,"comment_status":"closed","ping_status":"closed","template":"","meta":[],"categories":[],"tags":[],"yoast_head":"<!-- This site is optimized with the Yoast SEO plugin v16.6.1 - https:\/\/yoast.com\/wordpress\/plugins\/seo\/ -->\n<title>Vid\u00e9os - L&#039;association de droit Lord Reading<\/title>\n<meta name=\"robots\" content=\"index, follow, max-snippet:-1, max-image-preview:large, max-video-preview:-1\" \/>\n<link rel=\"canonical\" href=\"https:\/\/lordreading.org\/fr\/videos-2\/\" \/>\n<meta property=\"og:locale\" content=\"fr_FR\" \/>\n<meta property=\"og:type\" content=\"article\" \/>\n<meta property=\"og:title\" content=\"Vid\u00e9os - L&#039;association de droit Lord Reading\" \/>\n<meta property=\"og:description\" content=\"[vc_row][vc_column][mk_revslider id=&#8221;about&#8221;][mk_padding_divider size=&#8221;70&#8243;][\/vc_column][\/vc_row][vc_row][vc_column width=&#8221;2\/3&#8243;][vc_column_text align=&#8221;center&#8221; css=&#8221;.vc_custom_1540583285669{margin-bottom: 0px !important;}&#8221;] Vid\u00e9os Vid\u00e9os du 70e anniversaire Nous sommes ravis de partager avec vous toutes les vid\u00e9os c\u00e9l\u00e9brant le 70e anniversaire de la Soci\u00e9t\u00e9. Nous avons une grande collection ! Le Premier ministre du Canada s&#8217;adresse \u00e0 l\u2019Association : Extrait du discours des anciens pr\u00e9sidents : La vid\u00e9o compl\u00e8te [&hellip;]\" \/>\n<meta property=\"og:url\" content=\"https:\/\/lordreading.org\/videos-2\/\" \/>\n<meta property=\"og:site_name\" content=\"L&#039;association de droit Lord Reading\" \/>\n<meta property=\"article:publisher\" content=\"https:\/\/www.facebook.com\/LordReadingLawSociety\/\" \/>\n<meta property=\"article:modified_time\" content=\"2021-09-16T15:39:04+00:00\" \/>\n<meta name=\"twitter:card\" content=\"summary_large_image\" \/>\n<meta name=\"twitter:site\" content=\"@LRLawSociety\" \/>\n<meta name=\"twitter:label1\" content=\"Dur\u00e9e de lecture est.\" \/>\n\t<meta name=\"twitter:data1\" content=\"1 minute\" \/>\n<script type=\"application\/ld+json\" class=\"yoast-schema-graph\">{\"@context\":\"https:\/\/schema.org\",\"@graph\":[{\"@type\":\"WebSite\",\"@id\":\"https:\/\/lordreading.org\/#website\",\"url\":\"https:\/\/lordreading.org\/\",\"name\":\"L'association de droit Lord Reading\",\"description\":\"The Collective Voice of Jewish Jurists in Quebec\",\"potentialAction\":[{\"@type\":\"SearchAction\",\"target\":{\"@type\":\"EntryPoint\",\"urlTemplate\":\"https:\/\/lordreading.org\/?s={search_term_string}\"},\"query-input\":\"required name=search_term_string\"}],\"inLanguage\":\"fr-FR\"},{\"@type\":\"WebPage\",\"@id\":\"https:\/\/lordreading.org\/videos-2\/#webpage\",\"url\":\"https:\/\/lordreading.org\/videos-2\/\",\"name\":\"Vid\\u00e9os - L'association de droit Lord Reading\",\"isPartOf\":{\"@id\":\"https:\/\/lordreading.org\/#website\"},\"datePublished\":\"2018-10-23T08:04:29+00:00\",\"dateModified\":\"2021-09-16T15:39:04+00:00\",\"breadcrumb\":{\"@id\":\"https:\/\/lordreading.org\/videos-2\/#breadcrumb\"},\"inLanguage\":\"fr-FR\",\"potentialAction\":[{\"@type\":\"ReadAction\",\"target\":[\"https:\/\/lordreading.org\/videos-2\/\"]}]},{\"@type\":\"BreadcrumbList\",\"@id\":\"https:\/\/lordreading.org\/videos-2\/#breadcrumb\",\"itemListElement\":[{\"@type\":\"ListItem\",\"position\":1,\"name\":\"Home\",\"item\":\"https:\/\/lordreading.org\/fr\/\"},{\"@type\":\"ListItem\",\"position\":2,\"name\":\"Vid\\u00e9os\"}]}]}<\/script>\n<!-- \/ Yoast SEO plugin. -->","_links":{"self":[{"href":"https:\/\/lordreading.org\/fr\/wp-json\/wp\/v2\/pages\/2776"}],"collection":[{"href":"https:\/\/lordreading.org\/fr\/wp-json\/wp\/v2\/pages"}],"about":[{"href":"https:\/\/lordreading.org\/fr\/wp-json\/wp\/v2\/types\/page"}],"author":[{"embeddable":true,"href":"https:\/\/lordreading.org\/fr\/wp-json\/wp\/v2\/users\/1"}],"replies":[{"embeddable":true,"href":"https:\/\/lordreading.org\/fr\/wp-json\/wp\/v2\/comments?post=2776"}],"version-history":[{"count":3,"href":"https:\/\/lordreading.org\/fr\/wp-json\/wp\/v2\/pages\/2776\/revisions"}],"predecessor-version":[{"id":2779,"href":"https:\/\/lordreading.org\/fr\/wp-json\/wp\/v2\/pages\/2776\/revisions\/2779"}],"wp:attachment":[{"href":"https:\/\/lordreading.org\/fr\/wp-json\/wp\/v2\/media?parent=2776"}],"wp:term":[{"taxonomy":"category","embeddable":true,"href":"https:\/\/lordreading.org\/fr\/wp-json\/wp\/v2\/categories?post=2776"},{"taxonomy":"post_tag","embeddable":true,"href":"https:\/\/lordreading.org\/fr\/wp-json\/wp\/v2\/tags?post=2776"}],"curies":[{"name":"wp","href":"https:\/\/api.w.org\/{rel}","templated":true}]}}