{"id":3997,"date":"2023-11-15T08:50:07","date_gmt":"2023-11-15T13:50:07","guid":{"rendered":"https:\/\/lordreading.org\/?page_id=3997"},"modified":"2024-03-25T07:05:23","modified_gmt":"2024-03-25T11:05:23","slug":"concours-de-dissertation-75e-anniversaire","status":"publish","type":"page","link":"https:\/\/lordreading.org\/fr\/concours-de-dissertation-75e-anniversaire\/","title":{"rendered":"Concours de dissertation sur les droits de la personne de l\u2019Association de droit Lord Reading"},"content":{"rendered":"<p>&nbsp;<\/p>\n<h3>Concours de dissertation sur les droits de la personne de l\u2019Association de droit Lord Reading<\/h3>\n<p>&nbsp;<\/p>\n<p>Nous sommes ravis d\u2019annoncer le lancement du Concours de dissertation sur les droits de la personne de l\u2019Association de droit Lord Reading. Ce concours rend non seulement hommage \u00e0 l\u2019h\u00e9ritage remarquable de l\u2019Association de droit Lord Reading, mais cherche \u00e9galement \u00e0 explorer d\u2019un point de vue juridique les questions les plus importantes en mati\u00e8re de droits de la personne au Canada en 2024. Ce concours de dissertation vise \u00e0 t\u00e9moigner de l\u2019engagement de l\u2019Association envers les droits de la personne, la poursuite de la justice et la d\u00e9fense de l\u2019\u00c9tat de droit.<\/p>\n<p>Nous invitons tous les avocats, y compris les membres du Barreau du Qu\u00e9bec, de tout autre barreau, les notaires, les professeurs de droit et les \u00e9tudiants en droit \u00e0 participer \u00e0 cette occasion unique de contribuer \u00e0 l\u2019avancement de la l\u00e9gislation sur les droits de la personne au Canada.<\/p>\n<p>Profitez de l\u2019occasion pour exprimer vos r\u00e9flexions et vos id\u00e9es en anglais ou en fran\u00e7ais, en r\u00e9digeant une dissertation qui aborde votre point de vue sur les questions les plus pressantes en mati\u00e8re de droits de la personne dans le Canada d\u2019aujourd\u2019hui. Le champ des sujets qui peuvent \u00eatre abord\u00e9s est vaste et les soumissions peuvent traiter des questions li\u00e9es \u00e0 la race, la religion, la langue, les droits des Autochtones, les personnes LGBTQ+, les r\u00e9fugi\u00e9s, la libert\u00e9 d\u2019expression ou toute autre question de droits de la personne susceptible de pr\u00e9senter un d\u2019int\u00e9r\u00eat, qu\u2019elle soit li\u00e9e \u00e0 la Charte qu\u00e9b\u00e9coise des droits et libert\u00e9s de la personne, la Charte canadienne des droits et libert\u00e9s, l\u2019utilisation de la \u00ab clause d\u00e9rogatoire \u00bb, la D\u00e9claration universelle des droits de l\u2019homme, la jurisprudence, la proc\u00e9dure judiciaire ou tout autre sujet choisi par le contributeur se rapportant \u00e0 ce qui pr\u00e9c\u00e8de.<\/p>\n<p>Les auteurs disposent d\u2019un maximum de 2 000 mots (\u00e0 l\u2019exclusion des notes de bas de page) pour pr\u00e9senter un argument juridique convaincant. Pour soumettre leur dissertation, les auteurs doivent l\u2019envoyer en format \u00e9lectronique (Word ou PDF) \u00e0 <a href=\"mailto:submissions@lordreading.org\">submissions@lordreading.org<\/a> avant le 15 ao\u00fbt 2024 \u00e0 17 h (HNE) avec le sujet \u00ab VOTRE NOM \u2013 Dissertation sur les droits de la personne \u00bb. Aucune soumission tardive ne sera consid\u00e9r\u00e9e pour la r\u00e9vision.<\/p>\n<p>Apr\u00e8s la soumission, un jury estim\u00e9 compos\u00e9 de membres de Lord Reading nomm\u00e9s par le conseil d\u2019administration de l\u2019Association de droit Lord Reading \u00e9valuera les dissertations en fonction d\u2019un ensemble complet de crit\u00e8res. Nous recherchons l\u2019originalit\u00e9 et la cr\u00e9ativit\u00e9, encourageant les participants \u00e0 offrir des perspectives nouvelles et des solutions innovantes. La clart\u00e9 et la coh\u00e9rence des arguments sont essentielles pour que votre message r\u00e9sonne avec force.<\/p>\n<p>Chaque essai sera soumis \u00e0 un processus d\u2019\u00e9valuation rigoureux, men\u00e9 par notre jury. Afin de garantir le plus haut degr\u00e9 d\u2019\u00e9quit\u00e9 et d\u2019impartialit\u00e9, toutes les dissertations seront soumises de mani\u00e8re anonyme. Les noms et les renseignements personnels seront retir\u00e9s au cours du processus d\u2019\u00e9valuation, ce qui permettra au jury de se concentrer uniquement sur le m\u00e9rite des soumissions. Cette ann\u00e9e, le jury sera compos\u00e9 de Gregory Azancot (Azancot &amp; Associates), Karen Eltis (Centre de recherche en droit, technologie et soci\u00e9t\u00e9 de l\u2019Universit\u00e9 d\u2019Ottawa), Mara Greenstone (MT&gt;Align, une division de McCarthy Tetrault LLP), Neil Hazan (Borden Ladner Gervais), Erin Lesser (RBC), Manuel Shacter (McMillan LLP) et Ian Solloway (Spunt &amp; Carin).<\/p>\n<p>Alors que nous c\u00e9l\u00e9brons cette occasion m\u00e9morable, l\u2019Association de droit Lord Reading s\u2019est engag\u00e9e \u00e0 partager les meilleures contributions dans un recueil virtuel intitul\u00e9 \u00ab S\u00e9rie de dissertations sur les droits de la personne de l\u2019Association de droit Lord Reading \u00bb, la moiti\u00e9 provenant de contributeurs \u00e9tudiants et l\u2019autre moiti\u00e9 de contributeurs professionnels.<\/p>\n<p>Les gagnants du concours (les \u00e9tudiants et les contributeurs professionnels se classant en premi\u00e8re, deuxi\u00e8me et troisi\u00e8me place) recevront chacun un abonnement \u00e0 Lord Reading valable pour une saison ainsi qu\u2019un laisser-passer permettant d\u2019assister gratuitement \u00e0 deux \u00e9v\u00e9nements de Lord Reading lors de cette m\u00eame saison. Les gagnants recevront \u00e9galement les prix mon\u00e9taires suivants:<\/p>\n<ol>\n<li><strong>Premier prix : 1 000 $<\/strong><\/li>\n<li><strong>Deuxi\u00e8me prix : 600 $<\/strong><\/li>\n<li><strong>Troisi\u00e8me prix : 400 $<\/strong><\/li>\n<\/ol>\n<p>Les meilleures soumissions seront fi\u00e8rement publi\u00e9es et disponibles sur notre site web. En outre, une version PDF vicaire sera distribu\u00e9e \u00e0 divers organismes, notamment des organisations juridiques, des agences gouvernementaux, des institutions acad\u00e9miques, des revues et des m\u00e9dias, afin de promouvoir un discours avanc\u00e9 sur les droits de la personne.<\/p>\n<p>Ensemble, c\u00e9l\u00e9brons l\u2019h\u00e9ritage remarquable de l\u2019Association de droit Lord Reading, honorons le riche patrimoine juridique du Qu\u00e9bec et du Canada et d\u00e9fendons les principes fondamentaux des droits de la personne qui sont \u00e0 la base m\u00eame de la mission de l\u2019Association de droit Lord Reading et au c\u0153ur de notre profession. Votre voix peut fa\u00e7onner le discours canadien sur les droits de la personne, ce qui aura un impact ind\u00e9l\u00e9bile sur le paysage juridique de notre pays.<\/p>\n<p><strong>Termes et conditions<\/strong><\/p>\n<p>En soumettant des ouvrages susceptibles d\u2019\u00eatre inclus dans la s\u00e9rie d\u2019essais de l\u2019Association de droit Lord Reading, toute personne soumettant un texte reconna\u00eet et accepte les conditions suivantes :<\/p>\n<ol>\n<li>Le contributeur reconna\u00eet que la s\u00e9rie d\u2019essais est destin\u00e9e \u00e0 promouvoir la recherche juridique de bonne foi.<\/li>\n<li>Le contributeur d\u00e9clare et garantit qu\u2019il est l\u2019auteur de la contribution en question (\u201cContribution\u201d) et qu\u2019il a le droit l\u00e9gal d\u2019apporter cette contribution.<\/li>\n<li>Le contributeur d\u00e9clare et garantit qu\u2019il accorde \u00e0 la Lord Reading Law Society et \u00e0 ses sous-licenci\u00e9s le droit irr\u00e9vocable de publier et de faire conna\u00eetre la Contribution.<\/li>\n<li>Le contributeur reconna\u00eet et accepte que l\u2019attribution des prix par le jury est \u00e0 sa seule et enti\u00e8re discr\u00e9tion et qu\u2019elle est d\u00e9finitive, contraignante et sans appel.<\/li>\n<li>Le contributeur reconna\u00eet et accepte qu\u2019il n\u2019a aucun droit d\u2019acc\u00e8s aux informations relatives \u00e0 sa Contribution, aux autres contributions, aux d\u00e9lib\u00e9rations du jury ou \u00e0 toute prise de d\u00e9cision relative \u00e0 la s\u00e9rie d\u2019essais.<\/li>\n<\/ol>\n","protected":false},"excerpt":{"rendered":"<p>&nbsp; Concours de dissertation sur les droits de la personne de l\u2019Association de droit Lord Reading &nbsp; Nous sommes ravis d\u2019annoncer le lancement du Concours de dissertation sur les droits de la personne de l\u2019Association de droit Lord Reading. Ce concours rend non seulement hommage \u00e0 l\u2019h\u00e9ritage remarquable de l\u2019Association de droit Lord Reading, mais [&hellip;]<\/p>\n","protected":false},"author":1,"featured_media":0,"parent":0,"menu_order":0,"comment_status":"closed","ping_status":"closed","template":"","meta":[],"categories":[],"tags":[],"yoast_head":"<!-- This site is optimized with the Yoast SEO plugin v16.6.1 - https:\/\/yoast.com\/wordpress\/plugins\/seo\/ -->\n<title>Concours de dissertation sur les droits de la personne de l\u2019Association de droit Lord Reading - L&#039;association de droit Lord Reading<\/title>\n<meta name=\"robots\" content=\"index, follow, max-snippet:-1, max-image-preview:large, max-video-preview:-1\" \/>\n<link rel=\"canonical\" href=\"https:\/\/lordreading.org\/fr\/concours-de-dissertation-75e-anniversaire\/\" \/>\n<meta property=\"og:locale\" content=\"fr_FR\" \/>\n<meta property=\"og:type\" content=\"article\" \/>\n<meta property=\"og:title\" content=\"Concours de dissertation sur les droits de la personne de l\u2019Association de droit Lord Reading - L&#039;association de droit Lord Reading\" \/>\n<meta property=\"og:description\" content=\"&nbsp; Concours de dissertation sur les droits de la personne de l\u2019Association de droit Lord Reading &nbsp; Nous sommes ravis d\u2019annoncer le lancement du Concours de dissertation sur les droits de la personne de l\u2019Association de droit Lord Reading. Ce concours rend non seulement hommage \u00e0 l\u2019h\u00e9ritage remarquable de l\u2019Association de droit Lord Reading, mais [&hellip;]\" \/>\n<meta property=\"og:url\" content=\"https:\/\/lordreading.org\/fr\/concours-de-dissertation-75e-anniversaire\/\" \/>\n<meta property=\"og:site_name\" content=\"L&#039;association de droit Lord Reading\" \/>\n<meta property=\"article:publisher\" content=\"https:\/\/www.facebook.com\/LordReadingLawSociety\/\" \/>\n<meta property=\"article:modified_time\" content=\"2024-03-25T11:05:23+00:00\" \/>\n<meta name=\"twitter:card\" content=\"summary_large_image\" \/>\n<meta name=\"twitter:site\" content=\"@LRLawSociety\" \/>\n<meta name=\"twitter:label1\" content=\"Dur\u00e9e de lecture est.\" \/>\n\t<meta name=\"twitter:data1\" content=\"5 minutes\" \/>\n<script type=\"application\/ld+json\" class=\"yoast-schema-graph\">{\"@context\":\"https:\/\/schema.org\",\"@graph\":[{\"@type\":\"WebSite\",\"@id\":\"https:\/\/lordreading.org\/#website\",\"url\":\"https:\/\/lordreading.org\/\",\"name\":\"L'association de droit Lord Reading\",\"description\":\"The Collective Voice of Jewish Jurists in Quebec\",\"potentialAction\":[{\"@type\":\"SearchAction\",\"target\":{\"@type\":\"EntryPoint\",\"urlTemplate\":\"https:\/\/lordreading.org\/?s={search_term_string}\"},\"query-input\":\"required name=search_term_string\"}],\"inLanguage\":\"fr-FR\"},{\"@type\":\"WebPage\",\"@id\":\"https:\/\/lordreading.org\/fr\/concours-de-dissertation-75e-anniversaire\/#webpage\",\"url\":\"https:\/\/lordreading.org\/fr\/concours-de-dissertation-75e-anniversaire\/\",\"name\":\"Concours de dissertation sur les droits de la personne de l\\u2019Association de droit Lord Reading - L'association de droit Lord Reading\",\"isPartOf\":{\"@id\":\"https:\/\/lordreading.org\/#website\"},\"datePublished\":\"2023-11-15T13:50:07+00:00\",\"dateModified\":\"2024-03-25T11:05:23+00:00\",\"breadcrumb\":{\"@id\":\"https:\/\/lordreading.org\/fr\/concours-de-dissertation-75e-anniversaire\/#breadcrumb\"},\"inLanguage\":\"fr-FR\",\"potentialAction\":[{\"@type\":\"ReadAction\",\"target\":[\"https:\/\/lordreading.org\/fr\/concours-de-dissertation-75e-anniversaire\/\"]}]},{\"@type\":\"BreadcrumbList\",\"@id\":\"https:\/\/lordreading.org\/fr\/concours-de-dissertation-75e-anniversaire\/#breadcrumb\",\"itemListElement\":[{\"@type\":\"ListItem\",\"position\":1,\"name\":\"Home\",\"item\":\"https:\/\/lordreading.org\/fr\/\"},{\"@type\":\"ListItem\",\"position\":2,\"name\":\"Concours de dissertation sur les droits de la personne de l\\u2019Association de droit Lord Reading\"}]}]}<\/script>\n<!-- \/ Yoast SEO plugin. -->","_links":{"self":[{"href":"https:\/\/lordreading.org\/fr\/wp-json\/wp\/v2\/pages\/3997"}],"collection":[{"href":"https:\/\/lordreading.org\/fr\/wp-json\/wp\/v2\/pages"}],"about":[{"href":"https:\/\/lordreading.org\/fr\/wp-json\/wp\/v2\/types\/page"}],"author":[{"embeddable":true,"href":"https:\/\/lordreading.org\/fr\/wp-json\/wp\/v2\/users\/1"}],"replies":[{"embeddable":true,"href":"https:\/\/lordreading.org\/fr\/wp-json\/wp\/v2\/comments?post=3997"}],"version-history":[{"count":5,"href":"https:\/\/lordreading.org\/fr\/wp-json\/wp\/v2\/pages\/3997\/revisions"}],"predecessor-version":[{"id":4170,"href":"https:\/\/lordreading.org\/fr\/wp-json\/wp\/v2\/pages\/3997\/revisions\/4170"}],"wp:attachment":[{"href":"https:\/\/lordreading.org\/fr\/wp-json\/wp\/v2\/media?parent=3997"}],"wp:term":[{"taxonomy":"category","embeddable":true,"href":"https:\/\/lordreading.org\/fr\/wp-json\/wp\/v2\/categories?post=3997"},{"taxonomy":"post_tag","embeddable":true,"href":"https:\/\/lordreading.org\/fr\/wp-json\/wp\/v2\/tags?post=3997"}],"curies":[{"name":"wp","href":"https:\/\/api.w.org\/{rel}","templated":true}]}}