{"id":4218,"date":"2024-05-03T14:50:19","date_gmt":"2024-05-03T18:50:19","guid":{"rendered":"https:\/\/lordreading.org\/?page_id=4218"},"modified":"2024-05-03T14:50:19","modified_gmt":"2024-05-03T18:50:19","slug":"75e-anniversaire","status":"publish","type":"page","link":"https:\/\/lordreading.org\/fr\/histoire\/75e-anniversaire\/","title":{"rendered":"75e anniversaire"},"content":{"rendered":"[vc_row][vc_column][mk_revslider id=&#8221;about&#8221;][mk_padding_divider size=&#8221;70&#8243;][\/vc_column][\/vc_row][vc_row][vc_column width=&#8221;2\/3&#8243;][vc_column_text align=&#8221;center&#8221; css=&#8221;.vc_custom_1505854736218{margin-bottom: 0px !important;}&#8221;]\n<h1 style=\"text-align: left;\">75e Anniversaire<\/h1>\n<p>\u00c0 l&#8217;occasion du 75e anniversaire de l\u2019Association de droit Lord Reading, l\u2019Association a eu le plaisir d&#8217;accueillir trois invit\u00e9s tr\u00e8s sp\u00e9ciaux dans le cadre d&#8217;un gala du 75e anniversaire qui s&#8217;est tenu le 4 avril 2024, pour un panel intitul\u00e9 \u00ab H\u00e9ritages juridiques : une conversation avec le juge Morris Fish et Brian Greenspan, anim\u00e9e par la juge Nicole Duval Hesler \u00bb. Cette page pr\u00e9sente les temps forts du gala du 75e anniversaire marquant cette \u00e9tape importante.<\/p>\n<p>Vous pouvez regarder les vid\u00e9os, consulter les photos et les documents, et bien plus encore !\u00a0 Merci \u00e0 nos g\u00e9n\u00e9reux commanditaires de la soir\u00e9e qui ont contribu\u00e9 \u00e0 rendre tout cela possible :<\/p>\n<p><img loading=\"lazy\" class=\"wp-image-4221 aligncenter\" src=\"https:\/\/lordreading.org\/wp-content\/uploads\/2024\/04\/1713185447756-aeb320a8-5b6c-40bf-bf40-a1a7d251829f_1.jpg\" alt=\"\" width=\"700\" height=\"394\" srcset=\"https:\/\/lordreading.org\/wp-content\/uploads\/2024\/04\/1713185447756-aeb320a8-5b6c-40bf-bf40-a1a7d251829f_1.jpg 1024w, https:\/\/lordreading.org\/wp-content\/uploads\/2024\/04\/1713185447756-aeb320a8-5b6c-40bf-bf40-a1a7d251829f_1-300x169.jpg 300w, https:\/\/lordreading.org\/wp-content\/uploads\/2024\/04\/1713185447756-aeb320a8-5b6c-40bf-bf40-a1a7d251829f_1-768x432.jpg 768w, https:\/\/lordreading.org\/wp-content\/uploads\/2024\/04\/1713185447756-aeb320a8-5b6c-40bf-bf40-a1a7d251829f_1-1000x563.jpg 1000w\" sizes=\"(max-width: 700px) 100vw, 700px\" \/><\/p>\n<p>&nbsp;<\/p>\n<h3>Vid\u00e9os<\/h3>\n<p>Bande-annonce de la vid\u00e9o c\u00e9l\u00e9brant notre 75e anniversaire\u00a0:<\/p>\n<p><iframe loading=\"lazy\" title=\"75th Anniversary Video Trailer\" src=\"https:\/\/player.vimeo.com\/video\/934754527?badge=0&amp;autopause=0&amp;player_id=0&amp;app_id=58479\" width=\"640\" height=\"360\" frameborder=\"0\"><\/iframe><\/p>\n<p>L&#8217;honorable Arit Virani, ministre de la Justice et procureur g\u00e9n\u00e9ral du Canada<\/p>\n<p><iframe loading=\"lazy\" title=\"The Hon. Arit Virani on the Society's 75th\" src=\"https:\/\/player.vimeo.com\/video\/934885014?badge=0&amp;autopause=0&amp;player_id=0&amp;app_id=58479\" width=\"640\" height=\"360\" frameborder=\"0\"><\/iframe><\/p>\n<p>&nbsp;<\/p>\n<h3>L&#8217;Association \u00e0 l&#8217;Assembl\u00e9e nationale !<\/h3>\n<p>Nous remercions Elisabeth Prass, d\u00e9put\u00e9e de D&#8217;Arcy McGee, d&#8217;avoir soulign\u00e9 la \u00ab contribution exceptionnelle (de Lord Reading) \u00e0 la communaut\u00e9 juridique juive et la soci\u00e9t\u00e9 qu\u00e9b\u00e9coise dans son ensemble \u00bb \u00e0 l&#8217;Assembl\u00e9e nationale \u00e0 l&#8217;occasion de notre 75e\u00a0anniversaire. Vous pouvez <a href=\"https:\/\/fb.watch\/rveh0D4Mj0\/\" target=\"_blank\" rel=\"noopener\">visionner la vid\u00e9o sur Facebook<\/a>.<\/p>\n<h3>Photos<\/h3>\n<p>Pour une s\u00e9rie compl\u00e8te de photos du gala du 75e anniversaire, veuillez consulter <a href=\"https:\/\/www.facebook.com\/media\/set\/?vanity=LordReadingLawSociety&amp;set=a.753449863595608\" target=\"_blank\" rel=\"noopener\">l&#8217;album photo sur notre page Facebook<\/a>.<\/p>\n<h3>Lettres de f\u00e9licitations de dignitaires<\/h3>\n<p><a href=\"https:\/\/lordreading.org\/wp-content\/uploads\/2024\/04\/governor-general_letter.pdf\" target=\"_blank\" rel=\"noopener\">Son Excellence la tr\u00e8s honorable Mary Simon<\/a>, gouverneure g\u00e9n\u00e9rale du Canada<\/p>\n<p><a href=\"https:\/\/lordreading.org\/wp-content\/uploads\/2024\/04\/trudeau_letter.pdf\" target=\"_blank\" rel=\"noopener\">Le tr\u00e8s honorable Justin Trudeau<\/a>, premier ministre du Canada<\/p>\n<p><a href=\"https:\/\/lordreading.org\/wp-content\/uploads\/2024\/04\/pollievre_letter_fr.pdf\" target=\"_blank\" rel=\"noopener\">L&#8217;honorable Pierre Poilievre<\/a>, chef de la loyale opposition de Sa Majest\u00e9<\/p>\n<p><a href=\"https:\/\/lordreading.org\/wp-content\/uploads\/2024\/04\/housefather_letter.pdf\" target=\"_blank\" rel=\"noopener\">Anthony Housefather<\/a>, d\u00e9put\u00e9 de Mont-Royal<\/p>\n<p><a href=\"https:\/\/lordreading.org\/wp-content\/uploads\/2024\/04\/gainey_letter_fr.pdf\" target=\"_blank\" rel=\"noopener\">Anna Gainey<\/a>, d\u00e9put\u00e9e de Notre-Dame-de-Gr\u00e2ce\u2014Westmount<\/p>\n<p><a href=\"https:\/\/lordreading.org\/wp-content\/uploads\/2024\/04\/battonier_letter.pdf\" target=\"_blank\" rel=\"noopener\">David Ettedgui<\/a>, b\u00e2tonnier de Montr\u00e9al et ancien pr\u00e9sident de l\u2019Association<\/p>\n<p><a href=\"https:\/\/lordreading.org\/wp-content\/uploads\/2024\/04\/maccarone_letter.pdf\" target=\"_blank\" rel=\"noopener\">Jennifer Maccarone<\/a>, d\u00e9put\u00e9e de Westmount\u2013Saint-Louis<\/p>\n<p><a href=\"https:\/\/lordreading.org\/wp-content\/uploads\/2024\/04\/garceau_letter.pdf\" target=\"_blank\" rel=\"noopener\">Brigitte Garceau<\/a>, d\u00e9put\u00e9e de Robert-Baldwin<\/p>\n<p><a href=\"https:\/\/lordreading.org\/wp-content\/uploads\/2024\/04\/prass_letter.pdf\" target=\"_blank\" rel=\"noopener\">Elisabeth Prass<\/a>, d\u00e9put\u00e9e de D\u2019Arcy-McGee<\/p>\n<h3>Le programme<\/h3>\n<p>L\u2019Association a \u00e9labor\u00e9 une magnifique brochure de programme qui a \u00e9t\u00e9 imprim\u00e9e et remise \u00e0 tous les participants au gala du 75e anniversaire. La version imprim\u00e9e deviendra certainement un objet de collection, mais la version num\u00e9rique <a href=\"https:\/\/lordreading.org\/wp-content\/uploads\/2024\/04\/program_french.pdf\" target=\"_blank\" rel=\"noopener\">peut \u00eatre consult\u00e9e ici<\/a>.<\/p>\n<p>&nbsp;<\/p>\n","protected":false},"excerpt":{"rendered":"<p>[vc_row][vc_column][mk_revslider id=&#8221;about&#8221;][mk_padding_divider size=&#8221;70&#8243;][\/vc_column][\/vc_row][vc_row][vc_column width=&#8221;2\/3&#8243;][vc_column_text align=&#8221;center&#8221; css=&#8221;.vc_custom_1505854736218{margin-bottom: 0px !important;}&#8221;] 75e Anniversaire \u00c0 l&#8217;occasion du 75e anniversaire de l\u2019Association de droit Lord Reading, l\u2019Association a eu le plaisir d&#8217;accueillir trois invit\u00e9s tr\u00e8s sp\u00e9ciaux dans le cadre d&#8217;un gala du 75e anniversaire qui s&#8217;est tenu le 4 avril 2024, pour un panel intitul\u00e9 \u00ab H\u00e9ritages juridiques : une [&hellip;]<\/p>\n","protected":false},"author":1,"featured_media":4262,"parent":894,"menu_order":0,"comment_status":"closed","ping_status":"closed","template":"","meta":[],"categories":[49],"tags":[],"yoast_head":"<!-- This site is optimized with the Yoast SEO plugin v16.6.1 - https:\/\/yoast.com\/wordpress\/plugins\/seo\/ -->\n<title>75e anniversaire - L&#039;association de droit Lord Reading<\/title>\n<meta name=\"robots\" content=\"index, follow, max-snippet:-1, max-image-preview:large, max-video-preview:-1\" \/>\n<link rel=\"canonical\" href=\"https:\/\/lordreading.org\/fr\/histoire\/75e-anniversaire\/\" \/>\n<meta property=\"og:locale\" content=\"fr_FR\" \/>\n<meta property=\"og:type\" content=\"article\" \/>\n<meta property=\"og:title\" content=\"75e anniversaire - L&#039;association de droit Lord Reading\" \/>\n<meta property=\"og:description\" content=\"[vc_row][vc_column][mk_revslider id=&#8221;about&#8221;][mk_padding_divider size=&#8221;70&#8243;][\/vc_column][\/vc_row][vc_row][vc_column width=&#8221;2\/3&#8243;][vc_column_text align=&#8221;center&#8221; css=&#8221;.vc_custom_1505854736218{margin-bottom: 0px !important;}&#8221;] 75e Anniversaire \u00c0 l&#8217;occasion du 75e anniversaire de l\u2019Association de droit Lord Reading, l\u2019Association a eu le plaisir d&#8217;accueillir trois invit\u00e9s tr\u00e8s sp\u00e9ciaux dans le cadre d&#8217;un gala du 75e anniversaire qui s&#8217;est tenu le 4 avril 2024, pour un panel intitul\u00e9 \u00ab H\u00e9ritages juridiques : une [&hellip;]\" \/>\n<meta property=\"og:url\" content=\"https:\/\/lordreading.org\/fr\/histoire\/75e-anniversaire\/\" \/>\n<meta property=\"og:site_name\" content=\"L&#039;association de droit Lord Reading\" \/>\n<meta property=\"article:publisher\" content=\"https:\/\/www.facebook.com\/LordReadingLawSociety\/\" \/>\n<meta property=\"og:image\" content=\"https:\/\/lordreading.org\/wp-content\/uploads\/2024\/04\/75galapic_behindandroom.jpg\" \/>\n\t<meta property=\"og:image:width\" content=\"1024\" \/>\n\t<meta property=\"og:image:height\" content=\"683\" \/>\n<meta name=\"twitter:card\" content=\"summary_large_image\" \/>\n<meta name=\"twitter:site\" content=\"@LRLawSociety\" \/>\n<meta name=\"twitter:label1\" content=\"Dur\u00e9e de lecture est.\" \/>\n\t<meta name=\"twitter:data1\" content=\"2 minutes\" \/>\n<script type=\"application\/ld+json\" class=\"yoast-schema-graph\">{\"@context\":\"https:\/\/schema.org\",\"@graph\":[{\"@type\":\"WebSite\",\"@id\":\"https:\/\/lordreading.org\/#website\",\"url\":\"https:\/\/lordreading.org\/\",\"name\":\"L'association de droit Lord Reading\",\"description\":\"The Collective Voice of Jewish Jurists in Quebec\",\"potentialAction\":[{\"@type\":\"SearchAction\",\"target\":{\"@type\":\"EntryPoint\",\"urlTemplate\":\"https:\/\/lordreading.org\/?s={search_term_string}\"},\"query-input\":\"required name=search_term_string\"}],\"inLanguage\":\"fr-FR\"},{\"@type\":\"ImageObject\",\"@id\":\"https:\/\/lordreading.org\/fr\/histoire\/75e-anniversaire\/#primaryimage\",\"inLanguage\":\"fr-FR\",\"url\":\"https:\/\/lordreading.org\/wp-content\/uploads\/2024\/04\/75galapic_behindandroom.jpg\",\"contentUrl\":\"https:\/\/lordreading.org\/wp-content\/uploads\/2024\/04\/75galapic_behindandroom.jpg\",\"width\":1024,\"height\":683},{\"@type\":\"WebPage\",\"@id\":\"https:\/\/lordreading.org\/fr\/histoire\/75e-anniversaire\/#webpage\",\"url\":\"https:\/\/lordreading.org\/fr\/histoire\/75e-anniversaire\/\",\"name\":\"75e anniversaire - L'association de droit Lord Reading\",\"isPartOf\":{\"@id\":\"https:\/\/lordreading.org\/#website\"},\"primaryImageOfPage\":{\"@id\":\"https:\/\/lordreading.org\/fr\/histoire\/75e-anniversaire\/#primaryimage\"},\"datePublished\":\"2024-05-03T18:50:19+00:00\",\"dateModified\":\"2024-05-03T18:50:19+00:00\",\"breadcrumb\":{\"@id\":\"https:\/\/lordreading.org\/fr\/histoire\/75e-anniversaire\/#breadcrumb\"},\"inLanguage\":\"fr-FR\",\"potentialAction\":[{\"@type\":\"ReadAction\",\"target\":[\"https:\/\/lordreading.org\/fr\/histoire\/75e-anniversaire\/\"]}]},{\"@type\":\"BreadcrumbList\",\"@id\":\"https:\/\/lordreading.org\/fr\/histoire\/75e-anniversaire\/#breadcrumb\",\"itemListElement\":[{\"@type\":\"ListItem\",\"position\":1,\"name\":\"Home\",\"item\":\"https:\/\/lordreading.org\/fr\/\"},{\"@type\":\"ListItem\",\"position\":2,\"name\":\"Histoire\",\"item\":\"https:\/\/lordreading.org\/history\/\"},{\"@type\":\"ListItem\",\"position\":3,\"name\":\"75e anniversaire\"}]}]}<\/script>\n<!-- \/ Yoast SEO plugin. -->","_links":{"self":[{"href":"https:\/\/lordreading.org\/fr\/wp-json\/wp\/v2\/pages\/4218"}],"collection":[{"href":"https:\/\/lordreading.org\/fr\/wp-json\/wp\/v2\/pages"}],"about":[{"href":"https:\/\/lordreading.org\/fr\/wp-json\/wp\/v2\/types\/page"}],"author":[{"embeddable":true,"href":"https:\/\/lordreading.org\/fr\/wp-json\/wp\/v2\/users\/1"}],"replies":[{"embeddable":true,"href":"https:\/\/lordreading.org\/fr\/wp-json\/wp\/v2\/comments?post=4218"}],"version-history":[{"count":3,"href":"https:\/\/lordreading.org\/fr\/wp-json\/wp\/v2\/pages\/4218\/revisions"}],"predecessor-version":[{"id":4273,"href":"https:\/\/lordreading.org\/fr\/wp-json\/wp\/v2\/pages\/4218\/revisions\/4273"}],"up":[{"embeddable":true,"href":"https:\/\/lordreading.org\/fr\/wp-json\/wp\/v2\/pages\/894"}],"wp:featuredmedia":[{"embeddable":true,"href":"https:\/\/lordreading.org\/fr\/wp-json\/wp\/v2\/media\/4262"}],"wp:attachment":[{"href":"https:\/\/lordreading.org\/fr\/wp-json\/wp\/v2\/media?parent=4218"}],"wp:term":[{"taxonomy":"category","embeddable":true,"href":"https:\/\/lordreading.org\/fr\/wp-json\/wp\/v2\/categories?post=4218"},{"taxonomy":"post_tag","embeddable":true,"href":"https:\/\/lordreading.org\/fr\/wp-json\/wp\/v2\/tags?post=4218"}],"curies":[{"name":"wp","href":"https:\/\/api.w.org\/{rel}","templated":true}]}}