{"id":694,"date":"2018-08-13T10:44:11","date_gmt":"2018-08-13T14:44:11","guid":{"rendered":"https:\/\/hadx.com\/?page_id=694"},"modified":"2019-10-14T09:22:04","modified_gmt":"2019-10-14T13:22:04","slug":"a-propos-de-nous","status":"publish","type":"page","link":"https:\/\/lordreading.org\/fr\/a-propos\/a-propos-de-nous\/","title":{"rendered":"\u00c0 propos de nous"},"content":{"rendered":"[vc_row][vc_column][mk_revslider id=&#8221;about&#8221;][mk_padding_divider size=&#8221;70&#8243;][\/vc_column][\/vc_row][vc_row][vc_column width=&#8221;2\/3&#8243;][vc_column_text align=&#8221;center&#8221; css=&#8221;.vc_custom_1571059318871{margin-bottom: 0px !important;}&#8221;]\n<h1 style=\"text-align: left;\">\u00c0 propos de nous<\/h1>\n<p style=\"text-align: left;\">L\u2019Association de droit du Lord Reading a \u00e9t\u00e9 fond\u00e9e en 1948 afin de promouvoir les int\u00e9r\u00eats des membres juifs du Barreau Qu\u00e9b\u00e9cois.<\/p>\n<p style=\"text-align: left;\">Les activit\u00e9s principales de l\u2019Association sont ax\u00e9es sur le programme des conf\u00e9renciers. Ces derniers d\u00e9batent de l\u2019actualit\u00e9 ou de sujets d\u2019ordre professionels et culturels aupr\u00e9s de l\u2019Association.<\/p>\n<p style=\"text-align: left;\">Par ailleurs, nous avons \u00e9tabli une remise de prix visant \u00e0 honorer ceux qui contribuent \u00e0 l\u2019avancement des droits et libert\u00e9s fondamentaux.De plus, nous remettons annuellement trois prix aux \u00e9tudiants en droit pour leur excellence acad\u00e9mique.<\/p>\n<p style=\"text-align: left;\">Par dessus tout, nous mettons \u00e0 la disposition de nos membres un forum o\u00f9 r\u00e8gne la confraternit\u00e9 et o\u00f9 circulent et s\u2019\u00e9changent les id\u00e9es.Ainsi, nous encourageons leur participation dans la communaut\u00e9 juridique en g\u00e9n\u00e9ral.<\/p>\n<p style=\"text-align: left;\">Nous esp\u00e9rons que vous trouvez agr\u00e9able de naviguer sur notre site afin d\u2019y d\u00e9couvrir notre histoire, et nos activit\u00e9s \u00e0 venir.<\/p>\n[\/vc_column_text][mk_padding_divider size=&#8221;70&#8243;][\/vc_column][vc_column width=&#8221;1\/3&#8243;][mk_custom_sidebar sidebar=&#8221;sidebar-1&#8243;][\/vc_column][\/vc_row]\n","protected":false},"excerpt":{"rendered":"<p>[vc_row][vc_column][mk_revslider id=&#8221;about&#8221;][mk_padding_divider size=&#8221;70&#8243;][\/vc_column][\/vc_row][vc_row][vc_column width=&#8221;2\/3&#8243;][vc_column_text align=&#8221;center&#8221; css=&#8221;.vc_custom_1571059318871{margin-bottom: 0px !important;}&#8221;] \u00c0 propos de nous L\u2019Association de droit du Lord Reading a \u00e9t\u00e9 fond\u00e9e en 1948 afin de promouvoir les int\u00e9r\u00eats des membres juifs du Barreau Qu\u00e9b\u00e9cois. Les activit\u00e9s principales de l\u2019Association sont ax\u00e9es sur le programme des conf\u00e9renciers. Ces derniers d\u00e9batent de l\u2019actualit\u00e9 ou de sujets d\u2019ordre [&hellip;]<\/p>\n","protected":false},"author":1,"featured_media":0,"parent":690,"menu_order":0,"comment_status":"closed","ping_status":"closed","template":"","meta":[],"categories":[47],"tags":[],"yoast_head":"<!-- This site is optimized with the Yoast SEO plugin v16.6.1 - https:\/\/yoast.com\/wordpress\/plugins\/seo\/ -->\n<title>\u00c0 propos de nous - L&#039;association de droit Lord Reading<\/title>\n<meta name=\"robots\" content=\"index, follow, max-snippet:-1, max-image-preview:large, max-video-preview:-1\" \/>\n<link rel=\"canonical\" href=\"https:\/\/lordreading.org\/fr\/about\/about-us\/\" \/>\n<meta property=\"og:locale\" content=\"fr_FR\" \/>\n<meta property=\"og:type\" content=\"article\" \/>\n<meta property=\"og:title\" content=\"\u00c0 propos de nous - L&#039;association de droit Lord Reading\" \/>\n<meta property=\"og:description\" content=\"[vc_row][vc_column][mk_revslider id=&#8221;about&#8221;][mk_padding_divider size=&#8221;70&#8243;][\/vc_column][\/vc_row][vc_row][vc_column width=&#8221;2\/3&#8243;][vc_column_text align=&#8221;center&#8221; css=&#8221;.vc_custom_1571059318871{margin-bottom: 0px !important;}&#8221;] \u00c0 propos de nous L\u2019Association de droit du Lord Reading a \u00e9t\u00e9 fond\u00e9e en 1948 afin de promouvoir les int\u00e9r\u00eats des membres juifs du Barreau Qu\u00e9b\u00e9cois. Les activit\u00e9s principales de l\u2019Association sont ax\u00e9es sur le programme des conf\u00e9renciers. Ces derniers d\u00e9batent de l\u2019actualit\u00e9 ou de sujets d\u2019ordre [&hellip;]\" \/>\n<meta property=\"og:url\" content=\"https:\/\/lordreading.org\/about\/about-us\/\" \/>\n<meta property=\"og:site_name\" content=\"L&#039;association de droit Lord Reading\" \/>\n<meta property=\"article:publisher\" content=\"https:\/\/www.facebook.com\/LordReadingLawSociety\/\" \/>\n<meta property=\"article:modified_time\" content=\"2019-10-14T13:22:04+00:00\" \/>\n<meta name=\"twitter:card\" content=\"summary_large_image\" \/>\n<meta name=\"twitter:site\" content=\"@LRLawSociety\" \/>\n<meta name=\"twitter:label1\" content=\"Dur\u00e9e de lecture est.\" \/>\n\t<meta name=\"twitter:data1\" content=\"1 minute\" \/>\n<script type=\"application\/ld+json\" class=\"yoast-schema-graph\">{\"@context\":\"https:\/\/schema.org\",\"@graph\":[{\"@type\":\"WebSite\",\"@id\":\"https:\/\/lordreading.org\/#website\",\"url\":\"https:\/\/lordreading.org\/\",\"name\":\"L'association de droit Lord Reading\",\"description\":\"The Collective Voice of Jewish Jurists in Quebec\",\"potentialAction\":[{\"@type\":\"SearchAction\",\"target\":{\"@type\":\"EntryPoint\",\"urlTemplate\":\"https:\/\/lordreading.org\/?s={search_term_string}\"},\"query-input\":\"required name=search_term_string\"}],\"inLanguage\":\"fr-FR\"},{\"@type\":\"WebPage\",\"@id\":\"https:\/\/lordreading.org\/about\/about-us\/#webpage\",\"url\":\"https:\/\/lordreading.org\/about\/about-us\/\",\"name\":\"\\u00c0 propos de nous - L'association de droit Lord Reading\",\"isPartOf\":{\"@id\":\"https:\/\/lordreading.org\/#website\"},\"datePublished\":\"2018-08-13T14:44:11+00:00\",\"dateModified\":\"2019-10-14T13:22:04+00:00\",\"breadcrumb\":{\"@id\":\"https:\/\/lordreading.org\/about\/about-us\/#breadcrumb\"},\"inLanguage\":\"fr-FR\",\"potentialAction\":[{\"@type\":\"ReadAction\",\"target\":[\"https:\/\/lordreading.org\/about\/about-us\/\"]}]},{\"@type\":\"BreadcrumbList\",\"@id\":\"https:\/\/lordreading.org\/about\/about-us\/#breadcrumb\",\"itemListElement\":[{\"@type\":\"ListItem\",\"position\":1,\"name\":\"Home\",\"item\":\"https:\/\/lordreading.org\/fr\/\"},{\"@type\":\"ListItem\",\"position\":2,\"name\":\"\\u00c0 propos\",\"item\":\"https:\/\/lordreading.org\/about\/\"},{\"@type\":\"ListItem\",\"position\":3,\"name\":\"\\u00c0 propos de nous\"}]}]}<\/script>\n<!-- \/ Yoast SEO plugin. -->","_links":{"self":[{"href":"https:\/\/lordreading.org\/fr\/wp-json\/wp\/v2\/pages\/694"}],"collection":[{"href":"https:\/\/lordreading.org\/fr\/wp-json\/wp\/v2\/pages"}],"about":[{"href":"https:\/\/lordreading.org\/fr\/wp-json\/wp\/v2\/types\/page"}],"author":[{"embeddable":true,"href":"https:\/\/lordreading.org\/fr\/wp-json\/wp\/v2\/users\/1"}],"replies":[{"embeddable":true,"href":"https:\/\/lordreading.org\/fr\/wp-json\/wp\/v2\/comments?post=694"}],"version-history":[{"count":6,"href":"https:\/\/lordreading.org\/fr\/wp-json\/wp\/v2\/pages\/694\/revisions"}],"predecessor-version":[{"id":2065,"href":"https:\/\/lordreading.org\/fr\/wp-json\/wp\/v2\/pages\/694\/revisions\/2065"}],"up":[{"embeddable":true,"href":"https:\/\/lordreading.org\/fr\/wp-json\/wp\/v2\/pages\/690"}],"wp:attachment":[{"href":"https:\/\/lordreading.org\/fr\/wp-json\/wp\/v2\/media?parent=694"}],"wp:term":[{"taxonomy":"category","embeddable":true,"href":"https:\/\/lordreading.org\/fr\/wp-json\/wp\/v2\/categories?post=694"},{"taxonomy":"post_tag","embeddable":true,"href":"https:\/\/lordreading.org\/fr\/wp-json\/wp\/v2\/tags?post=694"}],"curies":[{"name":"wp","href":"https:\/\/api.w.org\/{rel}","templated":true}]}}