{"id":703,"date":"2018-08-13T12:17:53","date_gmt":"2018-08-13T16:17:53","guid":{"rendered":"https:\/\/hadx.com\/?page_id=703"},"modified":"2021-09-16T09:58:47","modified_gmt":"2021-09-16T13:58:47","slug":"contact","status":"publish","type":"page","link":"https:\/\/lordreading.org\/fr\/contact\/","title":{"rendered":"Contact"},"content":{"rendered":"[vc_row][vc_column][mk_revslider id=&#8221;about&#8221;][mk_padding_divider size=&#8221;70&#8243;][\/vc_column][\/vc_row][vc_row][vc_column width=&#8221;2\/3&#8243;][vc_column_text align=&#8221;center&#8221; css=&#8221;.vc_custom_1564056558625{margin-bottom: 0px !important;}&#8221;]\n<h1 style=\"text-align: left;\">Contact<\/h1>\n<p style=\"text-align: left;\">Pour toute demande, SVP communiquez avec l&#8217;Associaion par courriel \u00e0 info [at] lordreading [dot] org.<\/p>\n<p style=\"text-align: left;\">Si vous voulez contacter notre pr\u00e9sidente actuelle, Doree Levine, envoyez un courriel \u00e0 president [at] lordreading [dot] org.<\/p>\n<p style=\"text-align: left;\">L&#8217;addresse postale est le :<\/p>\n<p style=\"text-align: left;\">Association de droit Lord Reading<br \/>\nc\/o Jonathan Gordon<br \/>\n500 Place d&#8217;Armes, suite 2350<br \/>\nMontr\u00e9al, QC H2Y 2W2<\/p>\n<p style=\"text-align: left;\">Nous trouvez sur :<\/p>\n<p style=\"text-align: left;\">[mk_social_networks size=&#8221;large&#8221; style=&#8221;circle&#8221; margin=&#8221;4&#8243; icon_color=&#8221;#000000&#8243; align=&#8221;left&#8221; facebook=&#8221;https:\/\/www.facebook.com\/LordReadingLawSociety\/&#8221; twitter=&#8221;https:\/\/twitter.com\/LRLawSociety&#8221; linkedin=&#8221;https:\/\/www.linkedin.com\/company\/10786523&#8243;]\n[\/vc_column_text][mk_padding_divider size=&#8221;70&#8243;][\/vc_column][vc_column width=&#8221;1\/3&#8243;][mk_custom_sidebar sidebar=&#8221;sidebar-1&#8243;][\/vc_column][\/vc_row]\n","protected":false},"excerpt":{"rendered":"<p>[vc_row][vc_column][mk_revslider id=&#8221;about&#8221;][mk_padding_divider size=&#8221;70&#8243;][\/vc_column][\/vc_row][vc_row][vc_column width=&#8221;2\/3&#8243;][vc_column_text align=&#8221;center&#8221; css=&#8221;.vc_custom_1564056558625{margin-bottom: 0px !important;}&#8221;] Contact Pour toute demande, SVP communiquez avec l&#8217;Associaion par courriel \u00e0 info [at] lordreading [dot] org. Si vous voulez contacter notre pr\u00e9sidente actuelle, Doree Levine, envoyez un courriel \u00e0 president [at] lordreading [dot] org. L&#8217;addresse postale est le : Association de droit Lord Reading c\/o Jonathan Gordon [&hellip;]<\/p>\n","protected":false},"author":1,"featured_media":0,"parent":0,"menu_order":0,"comment_status":"closed","ping_status":"closed","template":"","meta":[],"categories":[],"tags":[],"yoast_head":"<!-- This site is optimized with the Yoast SEO plugin v16.6.1 - https:\/\/yoast.com\/wordpress\/plugins\/seo\/ -->\n<title>Contact - L&#039;association de droit Lord Reading<\/title>\n<meta name=\"robots\" content=\"index, follow, max-snippet:-1, max-image-preview:large, max-video-preview:-1\" \/>\n<link rel=\"canonical\" href=\"https:\/\/lordreading.org\/fr\/contact\/\" \/>\n<meta property=\"og:locale\" content=\"fr_FR\" \/>\n<meta property=\"og:type\" content=\"article\" \/>\n<meta property=\"og:title\" content=\"Contact - L&#039;association de droit Lord Reading\" \/>\n<meta property=\"og:description\" content=\"[vc_row][vc_column][mk_revslider id=&#8221;about&#8221;][mk_padding_divider size=&#8221;70&#8243;][\/vc_column][\/vc_row][vc_row][vc_column width=&#8221;2\/3&#8243;][vc_column_text align=&#8221;center&#8221; css=&#8221;.vc_custom_1564056558625{margin-bottom: 0px !important;}&#8221;] Contact Pour toute demande, SVP communiquez avec l&#8217;Associaion par courriel \u00e0 info [at] lordreading [dot] org. Si vous voulez contacter notre pr\u00e9sidente actuelle, Doree Levine, envoyez un courriel \u00e0 president [at] lordreading [dot] org. L&#8217;addresse postale est le : Association de droit Lord Reading c\/o Jonathan Gordon [&hellip;]\" \/>\n<meta property=\"og:url\" content=\"https:\/\/lordreading.org\/contact\/\" \/>\n<meta property=\"og:site_name\" content=\"L&#039;association de droit Lord Reading\" \/>\n<meta property=\"article:publisher\" content=\"https:\/\/www.facebook.com\/LordReadingLawSociety\/\" \/>\n<meta property=\"article:modified_time\" content=\"2021-09-16T13:58:47+00:00\" \/>\n<meta name=\"twitter:card\" content=\"summary_large_image\" \/>\n<meta name=\"twitter:site\" content=\"@LRLawSociety\" \/>\n<meta name=\"twitter:label1\" content=\"Dur\u00e9e de lecture est.\" \/>\n\t<meta name=\"twitter:data1\" content=\"1 minute\" \/>\n<script type=\"application\/ld+json\" class=\"yoast-schema-graph\">{\"@context\":\"https:\/\/schema.org\",\"@graph\":[{\"@type\":\"WebSite\",\"@id\":\"https:\/\/lordreading.org\/#website\",\"url\":\"https:\/\/lordreading.org\/\",\"name\":\"L'association de droit Lord Reading\",\"description\":\"The Collective Voice of Jewish Jurists in Quebec\",\"potentialAction\":[{\"@type\":\"SearchAction\",\"target\":{\"@type\":\"EntryPoint\",\"urlTemplate\":\"https:\/\/lordreading.org\/?s={search_term_string}\"},\"query-input\":\"required name=search_term_string\"}],\"inLanguage\":\"fr-FR\"},{\"@type\":\"WebPage\",\"@id\":\"https:\/\/lordreading.org\/contact\/#webpage\",\"url\":\"https:\/\/lordreading.org\/contact\/\",\"name\":\"Contact - L'association de droit Lord Reading\",\"isPartOf\":{\"@id\":\"https:\/\/lordreading.org\/#website\"},\"datePublished\":\"2018-08-13T16:17:53+00:00\",\"dateModified\":\"2021-09-16T13:58:47+00:00\",\"breadcrumb\":{\"@id\":\"https:\/\/lordreading.org\/contact\/#breadcrumb\"},\"inLanguage\":\"fr-FR\",\"potentialAction\":[{\"@type\":\"ReadAction\",\"target\":[\"https:\/\/lordreading.org\/contact\/\"]}]},{\"@type\":\"BreadcrumbList\",\"@id\":\"https:\/\/lordreading.org\/contact\/#breadcrumb\",\"itemListElement\":[{\"@type\":\"ListItem\",\"position\":1,\"name\":\"Home\",\"item\":\"https:\/\/lordreading.org\/fr\/\"},{\"@type\":\"ListItem\",\"position\":2,\"name\":\"Contact\"}]}]}<\/script>\n<!-- \/ Yoast SEO plugin. -->","_links":{"self":[{"href":"https:\/\/lordreading.org\/fr\/wp-json\/wp\/v2\/pages\/703"}],"collection":[{"href":"https:\/\/lordreading.org\/fr\/wp-json\/wp\/v2\/pages"}],"about":[{"href":"https:\/\/lordreading.org\/fr\/wp-json\/wp\/v2\/types\/page"}],"author":[{"embeddable":true,"href":"https:\/\/lordreading.org\/fr\/wp-json\/wp\/v2\/users\/1"}],"replies":[{"embeddable":true,"href":"https:\/\/lordreading.org\/fr\/wp-json\/wp\/v2\/comments?post=703"}],"version-history":[{"count":13,"href":"https:\/\/lordreading.org\/fr\/wp-json\/wp\/v2\/pages\/703\/revisions"}],"predecessor-version":[{"id":2764,"href":"https:\/\/lordreading.org\/fr\/wp-json\/wp\/v2\/pages\/703\/revisions\/2764"}],"wp:attachment":[{"href":"https:\/\/lordreading.org\/fr\/wp-json\/wp\/v2\/media?parent=703"}],"wp:term":[{"taxonomy":"category","embeddable":true,"href":"https:\/\/lordreading.org\/fr\/wp-json\/wp\/v2\/categories?post=703"},{"taxonomy":"post_tag","embeddable":true,"href":"https:\/\/lordreading.org\/fr\/wp-json\/wp\/v2\/tags?post=703"}],"curies":[{"name":"wp","href":"https:\/\/api.w.org\/{rel}","templated":true}]}}