{"id":711,"date":"2018-08-13T12:34:55","date_gmt":"2018-08-13T16:34:55","guid":{"rendered":"https:\/\/hadx.com\/?page_id=711"},"modified":"2025-12-20T17:22:29","modified_gmt":"2025-12-20T22:22:29","slug":"bienvenue","status":"publish","type":"page","link":"https:\/\/lordreading.org\/fr\/","title":{"rendered":"Bienvenue"},"content":{"rendered":"[vc_row][vc_column][mk_revslider id=&#8221;banner-home&#8221;][mk_padding_divider size=&#8221;70&#8243;][\/vc_column][\/vc_row][vc_row][vc_column width=&#8221;1\/12&#8243;][\/vc_column][vc_column width=&#8221;10\/12&#8243;][vc_column_text align=&#8221;center&#8221; css=&#8221;.vc_custom_1534177875902{margin-bottom: 0px !important;}&#8221;]\n<h2 style=\"text-align: center;\">Fond\u00e9e en 1948, l&#8217;Association de droit Lord Reading est la voix collective des juristes juifs au Qu\u00e9bec.<\/h2>\n<p style=\"text-align: center;\">Nous sommes d\u00e9di\u00e9s \u00e0 la promotion des droits de la personne et des libert\u00e9s fondamentales, et nous visons \u00e0 desservir la communaut\u00e9 juridique, la communaut\u00e9 juive et la communaut\u00e9 en g\u00e9n\u00e9ral.<\/p>\n<p style=\"text-align: center;\">En plus de d\u00e9fendre les droits fondamentaux, l\u2019Association est connue pour ses d\u00eeners, mettant en vedette d&#8217;\u00e9minents conf\u00e9renciers provenant de la magistrature et du milieu universitaire, ainsi que des cabinets d&#8217;avocats, de la politique et du monde des affaires. Nos activit\u00e9s sont devenues partie int\u00e9grante du calendrier de la communaut\u00e9 juridique de Montr\u00e9al.<\/p>\n[\/vc_column_text][mk_padding_divider size=&#8221;70&#8243;][\/vc_column][vc_column width=&#8221;1\/12&#8243;][\/vc_column][\/vc_row][vc_row fullwidth=&#8221;true&#8221; fullwidth_content=&#8221;false&#8221; css=&#8221;.vc_custom_1504037366535{background-image: url(https:\/\/lordreading.org\/wp-content\/uploads\/2017\/08\/event-background.jpg?id=26) !important;background-position: center !important;background-repeat: no-repeat !important;background-size: cover !important;}&#8221;][vc_column][mk_padding_divider][mk_custom_sidebar el_class=&#8221;wapio-events-home-page-footer&#8221; sidebar=&#8221;wapio-home-events-sidebar&#8221;][mk_padding_divider size=&#8221;10&#8243;][mk_button dimension=&#8221;two&#8221; url=&#8221;https:\/\/lordreading.org\/fr\/evenements\/&#8221; align=&#8221;center&#8221;]Voir tous les \u00e9v\u00e9nements \u00bb[\/mk_button][mk_padding_divider][\/vc_column][\/vc_row][vc_row fullwidth=&#8221;true&#8221; fullwidth_content=&#8221;false&#8221; attached=&#8221;true&#8221; column_padding=&#8221;3&#8243; css=&#8221;.vc_custom_1534790957488{background-color: #e6eaed !important;}&#8221;][vc_column width=&#8221;4\/12&#8243;][mk_padding_divider][vc_column_text css=&#8221;.vc_custom_1766269346144{margin-bottom: 0px !important;}&#8221;]\n<h2>Derni\u00e8res nouvelles<\/h2>\n<p>L&#8217;Association <a href=\"\/\/lordreading.org\/wp-content\/uploads\/2025\/12\/2025-12-21_lrls_bilingual-statement_re-australia.pdf\" target=\"_blank\" rel=\"noopener\">a publi\u00e9 une d\u00e9claration<\/a> concernant les \u00e9v\u00e9nements r\u00e9cents en Australie pendant Hanoucca.<\/p>\n<hr \/>\n<p>L&#8217;Association <a href=\"https:\/\/lordreading.org\/wp-content\/uploads\/2025\/08\/bilingual-statement_re-pm-carney-declaration-palestine.pdf\" target=\"_blank\" rel=\"noopener\">a publi\u00e9 une d\u00e9claration<\/a> concernant la d\u00e9claration du premier ministre Carney sur la reconnaissance par le Canada d\u2019un \u00c9tat palestinien.<\/p>\n<hr \/>\n<p>L&#8217;Association <a href=\"https:\/\/lordreading.org\/wp-content\/uploads\/2024\/11\/lrls-statement-on-november-22-events.pdf\" target=\"_blank\" rel=\"noopener\">a publi\u00e9 une d\u00e9claration<\/a> concernant les \u00e9v\u00e9nements r\u00e9cents au centre-ville de Montr\u00e9al.<\/p>\n<hr \/>\n<p>L&#8217;Association <a href=\"https:\/\/lordreading.org\/wp-content\/uploads\/2024\/11\/lrls-statement-on-shaar-hashomayim-events.pdf\" target=\"_blank\" rel=\"noopener\">a publi\u00e9 une d\u00e9claration<\/a> concernant les \u00e9v\u00e9nements r\u00e9cents \u00e0 la synagogue Shaar Hashomayim.<\/p>\n<hr \/>\n<p>Vous pouvez lire notre <a href=\"https:\/\/lordreading.org\/bill96\/\">m\u00e9moire et communiqu\u00e9 de presse concernat le projet de loi 96<\/a>.<\/p>\n<hr \/>\n[\/vc_column_text][mk_padding_divider size=&#8221;20&#8243;][\/vc_column][vc_column width=&#8221;8\/12&#8243;][mk_padding_divider visibility=&#8221;hidden-sm&#8221;][vc_video link=&#8221;https:\/\/vimeo.com\/934754527&#8243;][mk_padding_divider size=&#8221;20&#8243;][\/vc_column][\/vc_row]\n","protected":false},"excerpt":{"rendered":"<p>[vc_row][vc_column][mk_revslider id=&#8221;banner-home&#8221;][mk_padding_divider size=&#8221;70&#8243;][\/vc_column][\/vc_row][vc_row][vc_column width=&#8221;1\/12&#8243;][\/vc_column][vc_column width=&#8221;10\/12&#8243;][vc_column_text align=&#8221;center&#8221; css=&#8221;.vc_custom_1534177875902{margin-bottom: 0px !important;}&#8221;] Fond\u00e9e en 1948, l&#8217;Association de droit Lord Reading est la voix collective des juristes juifs au Qu\u00e9bec. Nous sommes d\u00e9di\u00e9s \u00e0 la promotion des droits de la personne et des libert\u00e9s fondamentales, et nous visons \u00e0 desservir la communaut\u00e9 juridique, la communaut\u00e9 juive et la communaut\u00e9 [&hellip;]<\/p>\n","protected":false},"author":1,"featured_media":0,"parent":0,"menu_order":0,"comment_status":"closed","ping_status":"closed","template":"","meta":[],"categories":[],"tags":[],"yoast_head":"<!-- This site is optimized with the Yoast SEO plugin v16.6.1 - https:\/\/yoast.com\/wordpress\/plugins\/seo\/ -->\n<title>Bienvenue - L&#039;association de droit Lord Reading<\/title>\n<meta name=\"robots\" content=\"index, follow, max-snippet:-1, max-image-preview:large, max-video-preview:-1\" \/>\n<link rel=\"canonical\" href=\"https:\/\/lordreading.org\/fr\/\" \/>\n<meta property=\"og:locale\" content=\"fr_FR\" \/>\n<meta property=\"og:type\" content=\"article\" \/>\n<meta property=\"og:title\" content=\"Bienvenue - L&#039;association de droit Lord Reading\" \/>\n<meta property=\"og:description\" content=\"[vc_row][vc_column][mk_revslider id=&#8221;banner-home&#8221;][mk_padding_divider size=&#8221;70&#8243;][\/vc_column][\/vc_row][vc_row][vc_column width=&#8221;1\/12&#8243;][\/vc_column][vc_column width=&#8221;10\/12&#8243;][vc_column_text align=&#8221;center&#8221; css=&#8221;.vc_custom_1534177875902{margin-bottom: 0px !important;}&#8221;] Fond\u00e9e en 1948, l&#8217;Association de droit Lord Reading est la voix collective des juristes juifs au Qu\u00e9bec. Nous sommes d\u00e9di\u00e9s \u00e0 la promotion des droits de la personne et des libert\u00e9s fondamentales, et nous visons \u00e0 desservir la communaut\u00e9 juridique, la communaut\u00e9 juive et la communaut\u00e9 [&hellip;]\" \/>\n<meta property=\"og:url\" content=\"https:\/\/lordreading.org\/fr\/\" \/>\n<meta property=\"og:site_name\" content=\"L&#039;association de droit Lord Reading\" \/>\n<meta property=\"article:publisher\" content=\"https:\/\/www.facebook.com\/LordReadingLawSociety\/\" \/>\n<meta property=\"article:modified_time\" content=\"2025-12-20T22:22:29+00:00\" \/>\n<meta name=\"twitter:card\" content=\"summary_large_image\" \/>\n<meta name=\"twitter:site\" content=\"@LRLawSociety\" \/>\n<meta name=\"twitter:label1\" content=\"Dur\u00e9e de lecture est.\" \/>\n\t<meta name=\"twitter:data1\" content=\"2 minutes\" \/>\n<script type=\"application\/ld+json\" class=\"yoast-schema-graph\">{\"@context\":\"https:\/\/schema.org\",\"@graph\":[{\"@type\":\"WebSite\",\"@id\":\"https:\/\/lordreading.org\/#website\",\"url\":\"https:\/\/lordreading.org\/\",\"name\":\"L'association de droit Lord Reading\",\"description\":\"The Collective Voice of Jewish Jurists in Quebec\",\"potentialAction\":[{\"@type\":\"SearchAction\",\"target\":{\"@type\":\"EntryPoint\",\"urlTemplate\":\"https:\/\/lordreading.org\/?s={search_term_string}\"},\"query-input\":\"required name=search_term_string\"}],\"inLanguage\":\"fr-FR\"},{\"@type\":\"WebPage\",\"@id\":\"https:\/\/lordreading.org\/fr\/#webpage\",\"url\":\"https:\/\/lordreading.org\/fr\/\",\"name\":\"Bienvenue - L'association de droit Lord Reading\",\"isPartOf\":{\"@id\":\"https:\/\/lordreading.org\/#website\"},\"datePublished\":\"2018-08-13T16:34:55+00:00\",\"dateModified\":\"2025-12-20T22:22:29+00:00\",\"breadcrumb\":{\"@id\":\"https:\/\/lordreading.org\/fr\/#breadcrumb\"},\"inLanguage\":\"fr-FR\",\"potentialAction\":[{\"@type\":\"ReadAction\",\"target\":[\"https:\/\/lordreading.org\/fr\/\"]}]},{\"@type\":\"BreadcrumbList\",\"@id\":\"https:\/\/lordreading.org\/fr\/#breadcrumb\",\"itemListElement\":[{\"@type\":\"ListItem\",\"position\":1,\"name\":\"Home\",\"item\":\"https:\/\/lordreading.org\/fr\/\"},{\"@type\":\"ListItem\",\"position\":2,\"name\":\"Bienvenue\"}]}]}<\/script>\n<!-- \/ Yoast SEO plugin. -->","_links":{"self":[{"href":"https:\/\/lordreading.org\/fr\/wp-json\/wp\/v2\/pages\/711"}],"collection":[{"href":"https:\/\/lordreading.org\/fr\/wp-json\/wp\/v2\/pages"}],"about":[{"href":"https:\/\/lordreading.org\/fr\/wp-json\/wp\/v2\/types\/page"}],"author":[{"embeddable":true,"href":"https:\/\/lordreading.org\/fr\/wp-json\/wp\/v2\/users\/1"}],"replies":[{"embeddable":true,"href":"https:\/\/lordreading.org\/fr\/wp-json\/wp\/v2\/comments?post=711"}],"version-history":[{"count":28,"href":"https:\/\/lordreading.org\/fr\/wp-json\/wp\/v2\/pages\/711\/revisions"}],"predecessor-version":[{"id":4995,"href":"https:\/\/lordreading.org\/fr\/wp-json\/wp\/v2\/pages\/711\/revisions\/4995"}],"wp:attachment":[{"href":"https:\/\/lordreading.org\/fr\/wp-json\/wp\/v2\/media?parent=711"}],"wp:term":[{"taxonomy":"category","embeddable":true,"href":"https:\/\/lordreading.org\/fr\/wp-json\/wp\/v2\/categories?post=711"},{"taxonomy":"post_tag","embeddable":true,"href":"https:\/\/lordreading.org\/fr\/wp-json\/wp\/v2\/tags?post=711"}],"curies":[{"name":"wp","href":"https:\/\/api.w.org\/{rel}","templated":true}]}}