{"id":879,"date":"2018-08-17T11:20:38","date_gmt":"2018-08-17T15:20:38","guid":{"rendered":"https:\/\/hadx.com\/?page_id=879"},"modified":"2021-09-16T14:36:20","modified_gmt":"2021-09-16T18:36:20","slug":"mission","status":"publish","type":"page","link":"https:\/\/lordreading.org\/fr\/a-propos\/mission\/","title":{"rendered":"Mission"},"content":{"rendered":"[vc_row][vc_column][mk_revslider id=&#8221;about&#8221;][mk_padding_divider size=&#8221;70&#8243;][\/vc_column][\/vc_row][vc_row][vc_column width=&#8221;2\/3&#8243;][vc_column_text align=&#8221;center&#8221; css=&#8221;.vc_custom_1505761290791{margin-bottom: 0px !important;}&#8221;]\n<h1 style=\"text-align: left;\">Mission<\/h1>\n<p style=\"text-align: left;\">Les objectifs et l&#8217;\u00e9nonc\u00e9 de mission suivants de l\u2019Association ont \u00e9t\u00e9 approuv\u00e9s et adopt\u00e9s lors d&#8217;une r\u00e9union sp\u00e9ciale de l&#8217;ex\u00e9cutif, du conseil d\u2019administration, et des anciens pr\u00e9sidents le 5 d\u00e9cembre 2000.<\/p>\n<p style=\"text-align: left;\"><b>OBJECTIFS<\/b><\/p>\n<p style=\"text-align: left;\">\u00catre la voix collective des juristes juifs du Qu\u00e9bec aupr\u00e8s de l\u2019ensemble de la communaut\u00e9 juridique et du gouvernement.<\/p>\n<p style=\"text-align: left;\">Offrir un forum stimulant et convivial pour la formation continue sur des questions d&#8217;int\u00e9r\u00eat professionnel, d&#8217;actualit\u00e9 ou culturel.<\/p>\n<p style=\"text-align: left;\">Promouvoir les int\u00e9r\u00eats et reconna\u00eetre les contributions exceptionnelles \u00e0 l&#8217;avancement des droits de la personne et des libert\u00e9s fondamentales.<\/p>\n<p style=\"text-align: left;\">Promouvoir la nomination \u00e0 la magistrature et aux organes gouvernementaux de membres juifs qualifi\u00e9s du Barreau et de la Chambre des notaires.<\/p>\n<p style=\"text-align: left;\">Fournir aux membres de l\u2019Association un forum pour la camaraderie.<\/p>\n<p style=\"text-align: left;\">Promouvoir et encourager la participation active des membres de l\u2019Association dans les institutions et les activit\u00e9s de la grande communaut\u00e9 juridique.<\/p>\n<p style=\"text-align: left;\">Encourager et reconna\u00eetre l&#8217;excellence acad\u00e9mique des \u00e9tudiant.es en droit en finan\u00e7ant des prix.<\/p>\n<p style=\"text-align: left;\"><b>MISSION<\/b><\/p>\n<p style=\"text-align: left;\">Consciente de ses origines et de l&#8217;h\u00e9ritage de ses fondateurs,\u00a0L\u2019Association de droit Lord Reading poursuit son r\u00f4le de voix collective des juristes juifs du Qu\u00e9bec, d\u00e9di\u00e9e \u00e0 la promotion des droits de la personne et des libert\u00e9s fondamentales.<\/p>\n<p style=\"text-align: left;\">Gr\u00e2ce \u00e0 son programme de conf\u00e9rences renomm\u00e9, l\u2019Association maintient sa tradition de forum de premier plan pour la formation continue sur des questions d&#8217;actualit\u00e9 et d&#8217;int\u00e9r\u00eat culturel dans une ambiance unique de convivialit\u00e9 et de camaraderie.\u00a0 En finan\u00e7ant des prix dans les facult\u00e9s de droit, l\u2019Association encourage et reconna\u00eet l&#8217;excellence acad\u00e9mique.<\/p>\n<p style=\"text-align: left;\">L\u2019Association pr\u00e9serve et promeut sa relation avec les institutions et les activit\u00e9s de la communaut\u00e9 juridique dans son ensemble, ainsi que sa participation active \u00e0 celles-ci.<\/p>\n[\/vc_column_text][mk_padding_divider size=&#8221;70&#8243;][\/vc_column][vc_column width=&#8221;1\/3&#8243;][mk_custom_sidebar sidebar=&#8221;sidebar-1&#8243;][\/vc_column][\/vc_row]\n","protected":false},"excerpt":{"rendered":"<p>[vc_row][vc_column][mk_revslider id=&#8221;about&#8221;][mk_padding_divider size=&#8221;70&#8243;][\/vc_column][\/vc_row][vc_row][vc_column width=&#8221;2\/3&#8243;][vc_column_text align=&#8221;center&#8221; css=&#8221;.vc_custom_1505761290791{margin-bottom: 0px !important;}&#8221;] Mission Les objectifs et l&#8217;\u00e9nonc\u00e9 de mission suivants de l\u2019Association ont \u00e9t\u00e9 approuv\u00e9s et adopt\u00e9s lors d&#8217;une r\u00e9union sp\u00e9ciale de l&#8217;ex\u00e9cutif, du conseil d\u2019administration, et des anciens pr\u00e9sidents le 5 d\u00e9cembre 2000. OBJECTIFS \u00catre la voix collective des juristes juifs du Qu\u00e9bec aupr\u00e8s de l\u2019ensemble de la [&hellip;]<\/p>\n","protected":false},"author":1,"featured_media":0,"parent":690,"menu_order":0,"comment_status":"closed","ping_status":"closed","template":"","meta":[],"categories":[47],"tags":[],"yoast_head":"<!-- This site is optimized with the Yoast SEO plugin v16.6.1 - https:\/\/yoast.com\/wordpress\/plugins\/seo\/ -->\n<title>Mission - L&#039;association de droit Lord Reading<\/title>\n<meta name=\"robots\" content=\"index, follow, max-snippet:-1, max-image-preview:large, max-video-preview:-1\" \/>\n<link rel=\"canonical\" href=\"https:\/\/lordreading.org\/fr\/about\/mission\/\" \/>\n<meta property=\"og:locale\" content=\"fr_FR\" \/>\n<meta property=\"og:type\" content=\"article\" \/>\n<meta property=\"og:title\" content=\"Mission - L&#039;association de droit Lord Reading\" \/>\n<meta property=\"og:description\" content=\"[vc_row][vc_column][mk_revslider id=&#8221;about&#8221;][mk_padding_divider size=&#8221;70&#8243;][\/vc_column][\/vc_row][vc_row][vc_column width=&#8221;2\/3&#8243;][vc_column_text align=&#8221;center&#8221; css=&#8221;.vc_custom_1505761290791{margin-bottom: 0px !important;}&#8221;] Mission Les objectifs et l&#8217;\u00e9nonc\u00e9 de mission suivants de l\u2019Association ont \u00e9t\u00e9 approuv\u00e9s et adopt\u00e9s lors d&#8217;une r\u00e9union sp\u00e9ciale de l&#8217;ex\u00e9cutif, du conseil d\u2019administration, et des anciens pr\u00e9sidents le 5 d\u00e9cembre 2000. OBJECTIFS \u00catre la voix collective des juristes juifs du Qu\u00e9bec aupr\u00e8s de l\u2019ensemble de la [&hellip;]\" \/>\n<meta property=\"og:url\" content=\"https:\/\/lordreading.org\/about\/mission\/\" \/>\n<meta property=\"og:site_name\" content=\"L&#039;association de droit Lord Reading\" \/>\n<meta property=\"article:publisher\" content=\"https:\/\/www.facebook.com\/LordReadingLawSociety\/\" \/>\n<meta property=\"article:modified_time\" content=\"2021-09-16T18:36:20+00:00\" \/>\n<meta name=\"twitter:card\" content=\"summary_large_image\" \/>\n<meta name=\"twitter:site\" content=\"@LRLawSociety\" \/>\n<meta name=\"twitter:label1\" content=\"Dur\u00e9e de lecture est.\" \/>\n\t<meta name=\"twitter:data1\" content=\"2 minutes\" \/>\n<script type=\"application\/ld+json\" class=\"yoast-schema-graph\">{\"@context\":\"https:\/\/schema.org\",\"@graph\":[{\"@type\":\"WebSite\",\"@id\":\"https:\/\/lordreading.org\/#website\",\"url\":\"https:\/\/lordreading.org\/\",\"name\":\"L'association de droit Lord Reading\",\"description\":\"The Collective Voice of Jewish Jurists in Quebec\",\"potentialAction\":[{\"@type\":\"SearchAction\",\"target\":{\"@type\":\"EntryPoint\",\"urlTemplate\":\"https:\/\/lordreading.org\/?s={search_term_string}\"},\"query-input\":\"required name=search_term_string\"}],\"inLanguage\":\"fr-FR\"},{\"@type\":\"WebPage\",\"@id\":\"https:\/\/lordreading.org\/about\/mission\/#webpage\",\"url\":\"https:\/\/lordreading.org\/about\/mission\/\",\"name\":\"Mission - L'association de droit Lord Reading\",\"isPartOf\":{\"@id\":\"https:\/\/lordreading.org\/#website\"},\"datePublished\":\"2018-08-17T15:20:38+00:00\",\"dateModified\":\"2021-09-16T18:36:20+00:00\",\"breadcrumb\":{\"@id\":\"https:\/\/lordreading.org\/about\/mission\/#breadcrumb\"},\"inLanguage\":\"fr-FR\",\"potentialAction\":[{\"@type\":\"ReadAction\",\"target\":[\"https:\/\/lordreading.org\/about\/mission\/\"]}]},{\"@type\":\"BreadcrumbList\",\"@id\":\"https:\/\/lordreading.org\/about\/mission\/#breadcrumb\",\"itemListElement\":[{\"@type\":\"ListItem\",\"position\":1,\"name\":\"Home\",\"item\":\"https:\/\/lordreading.org\/fr\/\"},{\"@type\":\"ListItem\",\"position\":2,\"name\":\"\\u00c0 propos\",\"item\":\"https:\/\/lordreading.org\/about\/\"},{\"@type\":\"ListItem\",\"position\":3,\"name\":\"Mission\"}]}]}<\/script>\n<!-- \/ Yoast SEO plugin. -->","_links":{"self":[{"href":"https:\/\/lordreading.org\/fr\/wp-json\/wp\/v2\/pages\/879"}],"collection":[{"href":"https:\/\/lordreading.org\/fr\/wp-json\/wp\/v2\/pages"}],"about":[{"href":"https:\/\/lordreading.org\/fr\/wp-json\/wp\/v2\/types\/page"}],"author":[{"embeddable":true,"href":"https:\/\/lordreading.org\/fr\/wp-json\/wp\/v2\/users\/1"}],"replies":[{"embeddable":true,"href":"https:\/\/lordreading.org\/fr\/wp-json\/wp\/v2\/comments?post=879"}],"version-history":[{"count":5,"href":"https:\/\/lordreading.org\/fr\/wp-json\/wp\/v2\/pages\/879\/revisions"}],"predecessor-version":[{"id":2788,"href":"https:\/\/lordreading.org\/fr\/wp-json\/wp\/v2\/pages\/879\/revisions\/2788"}],"up":[{"embeddable":true,"href":"https:\/\/lordreading.org\/fr\/wp-json\/wp\/v2\/pages\/690"}],"wp:attachment":[{"href":"https:\/\/lordreading.org\/fr\/wp-json\/wp\/v2\/media?parent=879"}],"wp:term":[{"taxonomy":"category","embeddable":true,"href":"https:\/\/lordreading.org\/fr\/wp-json\/wp\/v2\/categories?post=879"},{"taxonomy":"post_tag","embeddable":true,"href":"https:\/\/lordreading.org\/fr\/wp-json\/wp\/v2\/tags?post=879"}],"curies":[{"name":"wp","href":"https:\/\/api.w.org\/{rel}","templated":true}]}}