{"id":882,"date":"2018-08-17T11:21:02","date_gmt":"2018-08-17T15:21:02","guid":{"rendered":"https:\/\/hadx.com\/?page_id=882"},"modified":"2021-09-16T11:29:37","modified_gmt":"2021-09-16T15:29:37","slug":"carrieres","status":"publish","type":"page","link":"https:\/\/lordreading.org\/fr\/carrieres\/carrieres\/","title":{"rendered":"Carri\u00e8res"},"content":{"rendered":"[vc_row][vc_column][mk_revslider id=&#8221;about&#8221;][mk_padding_divider size=&#8221;70&#8243;][\/vc_column][\/vc_row][vc_row][vc_column width=&#8221;2\/3&#8243;][vc_column_text align=&#8221;center&#8221; css=&#8221;.vc_custom_1532446686399{margin-bottom: 0px !important;}&#8221;]\n<h1 style=\"text-align: left;\">Carri\u00e8res<\/h1>\n<p style=\"text-align: left;\">Cr\u00e9\u00e9 en 2006 dans le but de soutenir et d&#8217;encourager les membres de la LRLS, le Comit\u00e9 pour l&#8217;avancement professionnel est le point de contact unique pour les employeurs, employ\u00e9s et personnes recherchant des conseils relativement au perfectionnement professionnel. Toute communication est strictement confidentielle. Le service est gratuit, mais les candidats retenus et les employeurs sont invit\u00e9s \u00e0 faire une contribution au fonds de publicit\u00e9 LRLS. \u00a0N&#8217;h\u00e9sitez surtout pas \u00e0 nous contacter ou \u00e0 nous envoyer votre dossier de candidature.<\/p>\n<p style=\"text-align: left;\">Si vous souhaitez obtenir de l&#8217;aide pour trouver un emploi ou un stage, veuillez nous envoyer <a href=\"mailto:careers@lordreading.org\">un courriel<\/a>. \u00a0Nous nous efforcerons de vous r\u00e9pondre dans les plus brefs d\u00e9lais, mais nous vous demandons de garder \u00e0 l\u2019esprit que le comit\u00e9 est compos\u00e9 d\u2019avocats b\u00e9n\u00e9voles ayant chacun leurs propres contraintes de temps. Nous ferons de notre mieux pour vous aider, mais il est \u00e0 noter que nous ne sommes pas une agence de placement \u00e0 temps plein.<\/p>\n<p style=\"text-align: left;\"><strong>Collaboration avec l&#8217;AEJD of Universit\u00e9 de Montr\u00e9al<\/strong><\/p>\n<p style=\"text-align: left;\">Dans l\u2019espoir de mettre en contact des \u00e9tudiants en droit avec des cabinets qui cherchent \u00e0 embaucher des \u00e9tudiants \u00e0 temps plein ou \u00e0 temps partiel, l\u2019Association des \u00e9tudiants en droit (AEJD) est heureuse de collaborer avec le Comit\u00e9 pour l&#8217;avancement professionnel de la Lord Reading Law Society dans la cr\u00e9ation d\u2019un projet commun.<\/p>\n<p style=\"text-align: left;\">Les cabinets ou les avocats cherchant \u00e0 embaucher des \u00e9tudiants peuvent pr\u00e9sentement communiquer directement avec l&#8217;AEJD\u00a0 \u00e0 <a href=\"mailto:aejd.udem@gmail.com\">aejd.udem@gmail.com<\/a>. L&#8217;AEJD sera en contact avec vous au sujet des sp\u00e9cificit\u00e9s de vos besoins et contactera ensuite les \u00e9tudiants afin de pourvoir les postes. Veuillez noter que l&#8217;AEJD agit \u00e0 titre d\u2019interm\u00e9diaire entre les \u00e9tudiants et les employeurs potentiels, mais n&#8217;effectue aucune v\u00e9rification pr\u00e9alable des candidats.<\/p>\n<p style=\"text-align: left;\">Vous remerciant de votre attention,<\/p>\n<p style=\"text-align: left;\">La LRLS et l\u2019AEJD<\/p>\n[\/vc_column_text][mk_padding_divider size=&#8221;70&#8243;][\/vc_column][vc_column width=&#8221;1\/3&#8243;][mk_custom_sidebar sidebar=&#8221;sidebar-1&#8243;][\/vc_column][\/vc_row]\n","protected":false},"excerpt":{"rendered":"<p>[vc_row][vc_column][mk_revslider id=&#8221;about&#8221;][mk_padding_divider size=&#8221;70&#8243;][\/vc_column][\/vc_row][vc_row][vc_column width=&#8221;2\/3&#8243;][vc_column_text align=&#8221;center&#8221; css=&#8221;.vc_custom_1532446686399{margin-bottom: 0px !important;}&#8221;] Carri\u00e8res Cr\u00e9\u00e9 en 2006 dans le but de soutenir et d&#8217;encourager les membres de la LRLS, le Comit\u00e9 pour l&#8217;avancement professionnel est le point de contact unique pour les employeurs, employ\u00e9s et personnes recherchant des conseils relativement au perfectionnement professionnel. Toute communication est strictement confidentielle. Le service [&hellip;]<\/p>\n","protected":false},"author":1,"featured_media":0,"parent":881,"menu_order":0,"comment_status":"closed","ping_status":"closed","template":"","meta":[],"categories":[48],"tags":[],"yoast_head":"<!-- This site is optimized with the Yoast SEO plugin v16.6.1 - https:\/\/yoast.com\/wordpress\/plugins\/seo\/ -->\n<title>Carri\u00e8res - L&#039;association de droit Lord Reading<\/title>\n<meta name=\"robots\" content=\"index, follow, max-snippet:-1, max-image-preview:large, max-video-preview:-1\" \/>\n<link rel=\"canonical\" href=\"https:\/\/lordreading.org\/fr\/careers\/careers\/\" \/>\n<meta property=\"og:locale\" content=\"fr_FR\" \/>\n<meta property=\"og:type\" content=\"article\" \/>\n<meta property=\"og:title\" content=\"Carri\u00e8res - L&#039;association de droit Lord Reading\" \/>\n<meta property=\"og:description\" content=\"[vc_row][vc_column][mk_revslider id=&#8221;about&#8221;][mk_padding_divider size=&#8221;70&#8243;][\/vc_column][\/vc_row][vc_row][vc_column width=&#8221;2\/3&#8243;][vc_column_text align=&#8221;center&#8221; css=&#8221;.vc_custom_1532446686399{margin-bottom: 0px !important;}&#8221;] Carri\u00e8res Cr\u00e9\u00e9 en 2006 dans le but de soutenir et d&#8217;encourager les membres de la LRLS, le Comit\u00e9 pour l&#8217;avancement professionnel est le point de contact unique pour les employeurs, employ\u00e9s et personnes recherchant des conseils relativement au perfectionnement professionnel. Toute communication est strictement confidentielle. Le service [&hellip;]\" \/>\n<meta property=\"og:url\" content=\"https:\/\/lordreading.org\/careers\/careers\/\" \/>\n<meta property=\"og:site_name\" content=\"L&#039;association de droit Lord Reading\" \/>\n<meta property=\"article:publisher\" content=\"https:\/\/www.facebook.com\/LordReadingLawSociety\/\" \/>\n<meta property=\"article:modified_time\" content=\"2021-09-16T15:29:37+00:00\" \/>\n<meta name=\"twitter:card\" content=\"summary_large_image\" \/>\n<meta name=\"twitter:site\" content=\"@LRLawSociety\" \/>\n<meta name=\"twitter:label1\" content=\"Dur\u00e9e de lecture est.\" \/>\n\t<meta name=\"twitter:data1\" content=\"2 minutes\" \/>\n<script type=\"application\/ld+json\" class=\"yoast-schema-graph\">{\"@context\":\"https:\/\/schema.org\",\"@graph\":[{\"@type\":\"WebSite\",\"@id\":\"https:\/\/lordreading.org\/#website\",\"url\":\"https:\/\/lordreading.org\/\",\"name\":\"L'association de droit Lord Reading\",\"description\":\"The Collective Voice of Jewish Jurists in Quebec\",\"potentialAction\":[{\"@type\":\"SearchAction\",\"target\":{\"@type\":\"EntryPoint\",\"urlTemplate\":\"https:\/\/lordreading.org\/?s={search_term_string}\"},\"query-input\":\"required name=search_term_string\"}],\"inLanguage\":\"fr-FR\"},{\"@type\":\"WebPage\",\"@id\":\"https:\/\/lordreading.org\/careers\/careers\/#webpage\",\"url\":\"https:\/\/lordreading.org\/careers\/careers\/\",\"name\":\"Carri\\u00e8res - L'association de droit Lord Reading\",\"isPartOf\":{\"@id\":\"https:\/\/lordreading.org\/#website\"},\"datePublished\":\"2018-08-17T15:21:02+00:00\",\"dateModified\":\"2021-09-16T15:29:37+00:00\",\"breadcrumb\":{\"@id\":\"https:\/\/lordreading.org\/careers\/careers\/#breadcrumb\"},\"inLanguage\":\"fr-FR\",\"potentialAction\":[{\"@type\":\"ReadAction\",\"target\":[\"https:\/\/lordreading.org\/careers\/careers\/\"]}]},{\"@type\":\"BreadcrumbList\",\"@id\":\"https:\/\/lordreading.org\/careers\/careers\/#breadcrumb\",\"itemListElement\":[{\"@type\":\"ListItem\",\"position\":1,\"name\":\"Home\",\"item\":\"https:\/\/lordreading.org\/fr\/\"},{\"@type\":\"ListItem\",\"position\":2,\"name\":\"Carri\\u00e8res\",\"item\":\"https:\/\/lordreading.org\/careers\/\"},{\"@type\":\"ListItem\",\"position\":3,\"name\":\"Carri\\u00e8res\"}]}]}<\/script>\n<!-- \/ Yoast SEO plugin. -->","_links":{"self":[{"href":"https:\/\/lordreading.org\/fr\/wp-json\/wp\/v2\/pages\/882"}],"collection":[{"href":"https:\/\/lordreading.org\/fr\/wp-json\/wp\/v2\/pages"}],"about":[{"href":"https:\/\/lordreading.org\/fr\/wp-json\/wp\/v2\/types\/page"}],"author":[{"embeddable":true,"href":"https:\/\/lordreading.org\/fr\/wp-json\/wp\/v2\/users\/1"}],"replies":[{"embeddable":true,"href":"https:\/\/lordreading.org\/fr\/wp-json\/wp\/v2\/comments?post=882"}],"version-history":[{"count":7,"href":"https:\/\/lordreading.org\/fr\/wp-json\/wp\/v2\/pages\/882\/revisions"}],"predecessor-version":[{"id":2775,"href":"https:\/\/lordreading.org\/fr\/wp-json\/wp\/v2\/pages\/882\/revisions\/2775"}],"up":[{"embeddable":true,"href":"https:\/\/lordreading.org\/fr\/wp-json\/wp\/v2\/pages\/881"}],"wp:attachment":[{"href":"https:\/\/lordreading.org\/fr\/wp-json\/wp\/v2\/media?parent=882"}],"wp:term":[{"taxonomy":"category","embeddable":true,"href":"https:\/\/lordreading.org\/fr\/wp-json\/wp\/v2\/categories?post=882"},{"taxonomy":"post_tag","embeddable":true,"href":"https:\/\/lordreading.org\/fr\/wp-json\/wp\/v2\/tags?post=882"}],"curies":[{"name":"wp","href":"https:\/\/api.w.org\/{rel}","templated":true}]}}