{"id":888,"date":"2018-08-17T11:21:58","date_gmt":"2018-08-17T15:21:58","guid":{"rendered":"https:\/\/hadx.com\/?page_id=888"},"modified":"2019-10-30T08:21:50","modified_gmt":"2019-10-30T12:21:50","slug":"evenements","status":"publish","type":"page","link":"https:\/\/lordreading.org\/fr\/evenements\/","title":{"rendered":"\u00c9v\u00e9nements"},"content":{"rendered":"[vc_row][vc_column][mk_padding_divider size=&#8221;30&#8243;][vc_column_text align=&#8221;center&#8221; css=&#8221;.vc_custom_1572438107482{margin-bottom: 0px !important;}&#8221;]\n<h1 style=\"text-align: left;\">\u00c9v\u00e9nements<\/h1>\n<p style=\"text-align: left;\">L&#8217;Association organise environ six d\u00eeners-conf\u00e9rence entre septembre et juin. Nous organisons \u00e9galement une vari\u00e9t\u00e9 d&#8217;activit\u00e9s de formation continue r\u00e9serv\u00e9es aux membres, un cocktail pour nos jeunes membres du Barreau, et plus encore !<\/p>\n<p style=\"text-align: left;\"><strong>Cliquez sur le titre de l&#8217;\u00e9v\u00e9nement pour en savoir plus.<\/strong><\/p>\n<p style=\"text-align: left;\"><div class='css-events-list'><table class=\"events-table\" >\r\n    <thead>\r\n        <tr>\r\n\t\t\t<th class=\"event-time\" scope=\"col\" style=\"width: 20%\"><span>Date\/Time<\/span><\/th>\r\n\t\t\t<th class=\"event-description\" scope=\"col\" style=\"width: 40%\"><span>Event<\/span><\/th>\r\n\t\t\t<th class=\"event-speaker\" scope=\"col\" style=\"width: 20%\"><span>Speaker<\/span><\/th>\r\n                        <th scope=\"col\" style=\"width: 20%\">\u00a0<\/th>\r\n\t\t<\/tr>\r\n   \t<\/thead>\r\n    <tbody><tr>\r\n\t<td>12 avril 2026<br>15h00 - 16h00<\/td>\r\n        <td><a href=\"https:\/\/lordreading.org\/events\/lord-reading-hockey-game-2026\/\">Lord Reading Hockey Game!<\/a> <br\/><i style=\"clear:both; display:block;\">Samuel Moskovitch Arena in CSL, C\u00f4te Saint-Luc QC<\/i><\/td>\r\n\t<td><\/td>\r\n        <td><img width=\"120\" height=\"56\" src=\"https:\/\/lordreading.org\/wp-content\/uploads\/2026\/02\/rec_arena-120x56.jpg\" class=\"attachment-120x0 size-120x0 wp-post-image\" alt=\"\" loading=\"lazy\" srcset=\"https:\/\/lordreading.org\/wp-content\/uploads\/2026\/02\/rec_arena-120x56.jpg 120w, https:\/\/lordreading.org\/wp-content\/uploads\/2026\/02\/rec_arena-300x142.jpg 300w, https:\/\/lordreading.org\/wp-content\/uploads\/2026\/02\/rec_arena-1024x484.jpg 1024w, https:\/\/lordreading.org\/wp-content\/uploads\/2026\/02\/rec_arena-768x363.jpg 768w, https:\/\/lordreading.org\/wp-content\/uploads\/2026\/02\/rec_arena-1536x727.jpg 1536w, https:\/\/lordreading.org\/wp-content\/uploads\/2026\/02\/rec_arena-1000x473.jpg 1000w, https:\/\/lordreading.org\/wp-content\/uploads\/2026\/02\/rec_arena.jpg 2000w\" sizes=\"(max-width: 120px) 100vw, 120px\" itemprop=\"image\" \/><\/td>\r\n<\/tr><\/tbody><\/table><\/div>\n[\/vc_column_text][mk_padding_divider size=&#8221;30&#8243;][\/vc_column][\/vc_row][vc_row][vc_column][mk_padding_divider size=&#8221;70&#8243;][\/vc_column][\/vc_row]\n","protected":false},"excerpt":{"rendered":"<p>[vc_row][vc_column][mk_padding_divider size=&#8221;30&#8243;][vc_column_text align=&#8221;center&#8221; css=&#8221;.vc_custom_1572438107482{margin-bottom: 0px !important;}&#8221;] \u00c9v\u00e9nements L&#8217;Association organise environ six d\u00eeners-conf\u00e9rence entre septembre et juin. Nous organisons \u00e9galement une vari\u00e9t\u00e9 d&#8217;activit\u00e9s de formation continue r\u00e9serv\u00e9es aux membres, un cocktail pour nos jeunes membres du Barreau, et plus encore ! Cliquez sur le titre de l&#8217;\u00e9v\u00e9nement pour en savoir plus. [\/vc_column_text][mk_padding_divider size=&#8221;30&#8243;][\/vc_column][\/vc_row][vc_row][vc_column][mk_padding_divider size=&#8221;70&#8243;][\/vc_column][\/vc_row]<\/p>\n","protected":false},"author":1,"featured_media":0,"parent":0,"menu_order":0,"comment_status":"closed","ping_status":"open","template":"","meta":[],"categories":[],"tags":[],"yoast_head":"<!-- This site is optimized with the Yoast SEO plugin v16.6.1 - https:\/\/yoast.com\/wordpress\/plugins\/seo\/ -->\n<title>\u00c9v\u00e9nements - L&#039;association de droit Lord Reading<\/title>\n<meta name=\"robots\" content=\"index, follow, max-snippet:-1, max-image-preview:large, max-video-preview:-1\" \/>\n<link rel=\"canonical\" href=\"https:\/\/lordreading.org\/fr\/events\/\" \/>\n<meta property=\"og:locale\" content=\"fr_FR\" \/>\n<meta property=\"og:type\" content=\"article\" \/>\n<meta property=\"og:title\" content=\"\u00c9v\u00e9nements - L&#039;association de droit Lord Reading\" \/>\n<meta property=\"og:description\" content=\"[vc_row][vc_column][mk_padding_divider size=&#8221;30&#8243;][vc_column_text align=&#8221;center&#8221; css=&#8221;.vc_custom_1572438107482{margin-bottom: 0px !important;}&#8221;] \u00c9v\u00e9nements L&#8217;Association organise environ six d\u00eeners-conf\u00e9rence entre septembre et juin. Nous organisons \u00e9galement une vari\u00e9t\u00e9 d&#8217;activit\u00e9s de formation continue r\u00e9serv\u00e9es aux membres, un cocktail pour nos jeunes membres du Barreau, et plus encore ! Cliquez sur le titre de l&#8217;\u00e9v\u00e9nement pour en savoir plus. [\/vc_column_text][mk_padding_divider size=&#8221;30&#8243;][\/vc_column][\/vc_row][vc_row][vc_column][mk_padding_divider size=&#8221;70&#8243;][\/vc_column][\/vc_row]\" \/>\n<meta property=\"og:url\" content=\"https:\/\/lordreading.org\/events\/\" \/>\n<meta property=\"og:site_name\" content=\"L&#039;association de droit Lord Reading\" \/>\n<meta property=\"article:publisher\" content=\"https:\/\/www.facebook.com\/LordReadingLawSociety\/\" \/>\n<meta property=\"article:modified_time\" content=\"2019-10-30T12:21:50+00:00\" \/>\n<meta name=\"twitter:card\" content=\"summary_large_image\" \/>\n<meta name=\"twitter:site\" content=\"@LRLawSociety\" \/>\n<script type=\"application\/ld+json\" class=\"yoast-schema-graph\">{\"@context\":\"https:\/\/schema.org\",\"@graph\":[{\"@type\":\"WebSite\",\"@id\":\"https:\/\/lordreading.org\/#website\",\"url\":\"https:\/\/lordreading.org\/\",\"name\":\"L'association de droit Lord Reading\",\"description\":\"The Collective Voice of Jewish Jurists in Quebec\",\"potentialAction\":[{\"@type\":\"SearchAction\",\"target\":{\"@type\":\"EntryPoint\",\"urlTemplate\":\"https:\/\/lordreading.org\/?s={search_term_string}\"},\"query-input\":\"required name=search_term_string\"}],\"inLanguage\":\"fr-FR\"},{\"@type\":\"WebPage\",\"@id\":\"https:\/\/lordreading.org\/events\/#webpage\",\"url\":\"https:\/\/lordreading.org\/events\/\",\"name\":\"\\u00c9v\\u00e9nements - L'association de droit Lord Reading\",\"isPartOf\":{\"@id\":\"https:\/\/lordreading.org\/#website\"},\"datePublished\":\"2018-08-17T15:21:58+00:00\",\"dateModified\":\"2019-10-30T12:21:50+00:00\",\"breadcrumb\":{\"@id\":\"https:\/\/lordreading.org\/events\/#breadcrumb\"},\"inLanguage\":\"fr-FR\",\"potentialAction\":[{\"@type\":\"ReadAction\",\"target\":[\"https:\/\/lordreading.org\/events\/\"]}]},{\"@type\":\"BreadcrumbList\",\"@id\":\"https:\/\/lordreading.org\/events\/#breadcrumb\",\"itemListElement\":[{\"@type\":\"ListItem\",\"position\":1,\"name\":\"Home\",\"item\":\"https:\/\/lordreading.org\/fr\/\"},{\"@type\":\"ListItem\",\"position\":2,\"name\":\"\\u00c9v\\u00e9nements\"}]}]}<\/script>\n<!-- \/ Yoast SEO plugin. -->","_links":{"self":[{"href":"https:\/\/lordreading.org\/fr\/wp-json\/wp\/v2\/pages\/888"}],"collection":[{"href":"https:\/\/lordreading.org\/fr\/wp-json\/wp\/v2\/pages"}],"about":[{"href":"https:\/\/lordreading.org\/fr\/wp-json\/wp\/v2\/types\/page"}],"author":[{"embeddable":true,"href":"https:\/\/lordreading.org\/fr\/wp-json\/wp\/v2\/users\/1"}],"replies":[{"embeddable":true,"href":"https:\/\/lordreading.org\/fr\/wp-json\/wp\/v2\/comments?post=888"}],"version-history":[{"count":7,"href":"https:\/\/lordreading.org\/fr\/wp-json\/wp\/v2\/pages\/888\/revisions"}],"predecessor-version":[{"id":2093,"href":"https:\/\/lordreading.org\/fr\/wp-json\/wp\/v2\/pages\/888\/revisions\/2093"}],"wp:attachment":[{"href":"https:\/\/lordreading.org\/fr\/wp-json\/wp\/v2\/media?parent=888"}],"wp:term":[{"taxonomy":"category","embeddable":true,"href":"https:\/\/lordreading.org\/fr\/wp-json\/wp\/v2\/categories?post=888"},{"taxonomy":"post_tag","embeddable":true,"href":"https:\/\/lordreading.org\/fr\/wp-json\/wp\/v2\/tags?post=888"}],"curies":[{"name":"wp","href":"https:\/\/api.w.org\/{rel}","templated":true}]}}