{"id":893,"date":"2018-08-17T11:22:54","date_gmt":"2018-08-17T15:22:54","guid":{"rendered":"https:\/\/hadx.com\/?page_id=893"},"modified":"2021-09-16T14:40:08","modified_gmt":"2021-09-16T18:40:08","slug":"faq","status":"publish","type":"page","link":"https:\/\/lordreading.org\/fr\/faq\/","title":{"rendered":"FOIRE AUX QUESTIONS (FAQ)"},"content":{"rendered":"[vc_row][vc_column][mk_revslider id=&#8221;about&#8221;][mk_padding_divider size=&#8221;70&#8243;][\/vc_column][\/vc_row][vc_row][vc_column width=&#8221;2\/3&#8243;][vc_column_text align=&#8221;center&#8221; css=&#8221;.vc_custom_1506974232714{margin-bottom: 0px !important;}&#8221;]\n<h1 style=\"text-align: left;\">FOIRE AUX QUESTIONS (FAQ)<\/h1>\n<p style=\"text-align: left;\"><strong>Qu&#8217;est-ce que l\u2019Association de droit Lord Reading ?<\/strong><\/p>\n<p style=\"text-align: left;\">Une organisation de juristes juifs au Qu\u00e9bec, comprenant des avocats, des juges, des notaires et des universitaires, ainsi que d\u2019autres membres de la communaut\u00e9 juridique.<\/p>\n<p style=\"text-align: left;\"><strong>Faut-il \u00eatre juif pour devenir membre ?<\/strong><\/p>\n<p style=\"text-align: left;\">En g\u00e9n\u00e9ral, nos membres sont juifs, mais il n&#8217;est pas n\u00e9cessaire d&#8217;\u00eatre juif pour adh\u00e9rer, nous sommes heureux d&#8217;accueillir tous les membres de la communaut\u00e9 juridique.<\/p>\n<p style=\"text-align: left;\"><strong>Comment puis-je devenir membre ?<\/strong><\/p>\n<p style=\"text-align: left;\">Veuillez consulter notre <a href=\"https:\/\/lordreading.org\/fr\/adhesion\/\">page d&#8217;adh\u00e9sion<\/a> pour plus d&#8217;informations.<\/p>\n<p style=\"text-align: left;\"><strong>Que fait l&#8217;Association ?<\/strong><\/p>\n<p style=\"text-align: left;\">Nous pr\u00e9sentons un vaste programme de conf\u00e9rences et d&#8217;autres \u00e9v\u00e9nements int\u00e9ressants tout au long de l&#8217;ann\u00e9e. Veuillez consulter <a href=\"https:\/\/lordreading.org\/fr\/evenements\/\">la page des \u00e9v\u00e9nements<\/a> pour plus d&#8217;informations.<\/p>\n[\/vc_column_text][mk_padding_divider size=&#8221;70&#8243;][\/vc_column][vc_column width=&#8221;1\/3&#8243;][mk_custom_sidebar sidebar=&#8221;sidebar-1&#8243;][\/vc_column][\/vc_row]\n","protected":false},"excerpt":{"rendered":"<p>[vc_row][vc_column][mk_revslider id=&#8221;about&#8221;][mk_padding_divider size=&#8221;70&#8243;][\/vc_column][\/vc_row][vc_row][vc_column width=&#8221;2\/3&#8243;][vc_column_text align=&#8221;center&#8221; css=&#8221;.vc_custom_1506974232714{margin-bottom: 0px !important;}&#8221;] FOIRE AUX QUESTIONS (FAQ) Qu&#8217;est-ce que l\u2019Association de droit Lord Reading ? Une organisation de juristes juifs au Qu\u00e9bec, comprenant des avocats, des juges, des notaires et des universitaires, ainsi que d\u2019autres membres de la communaut\u00e9 juridique. Faut-il \u00eatre juif pour devenir membre ? En g\u00e9n\u00e9ral, nos [&hellip;]<\/p>\n","protected":false},"author":1,"featured_media":0,"parent":0,"menu_order":0,"comment_status":"closed","ping_status":"closed","template":"","meta":[],"categories":[],"tags":[],"yoast_head":"<!-- This site is optimized with the Yoast SEO plugin v16.6.1 - https:\/\/yoast.com\/wordpress\/plugins\/seo\/ -->\n<title>FOIRE AUX QUESTIONS (FAQ) - L&#039;association de droit Lord Reading<\/title>\n<meta name=\"robots\" content=\"index, follow, max-snippet:-1, max-image-preview:large, max-video-preview:-1\" \/>\n<link rel=\"canonical\" href=\"https:\/\/lordreading.org\/fr\/faq\/\" \/>\n<meta property=\"og:locale\" content=\"fr_FR\" \/>\n<meta property=\"og:type\" content=\"article\" \/>\n<meta property=\"og:title\" content=\"FOIRE AUX QUESTIONS (FAQ) - L&#039;association de droit Lord Reading\" \/>\n<meta property=\"og:description\" content=\"[vc_row][vc_column][mk_revslider id=&#8221;about&#8221;][mk_padding_divider size=&#8221;70&#8243;][\/vc_column][\/vc_row][vc_row][vc_column width=&#8221;2\/3&#8243;][vc_column_text align=&#8221;center&#8221; css=&#8221;.vc_custom_1506974232714{margin-bottom: 0px !important;}&#8221;] FOIRE AUX QUESTIONS (FAQ) Qu&#8217;est-ce que l\u2019Association de droit Lord Reading ? Une organisation de juristes juifs au Qu\u00e9bec, comprenant des avocats, des juges, des notaires et des universitaires, ainsi que d\u2019autres membres de la communaut\u00e9 juridique. Faut-il \u00eatre juif pour devenir membre ? En g\u00e9n\u00e9ral, nos [&hellip;]\" \/>\n<meta property=\"og:url\" content=\"https:\/\/lordreading.org\/faq\/\" \/>\n<meta property=\"og:site_name\" content=\"L&#039;association de droit Lord Reading\" \/>\n<meta property=\"article:publisher\" content=\"https:\/\/www.facebook.com\/LordReadingLawSociety\/\" \/>\n<meta property=\"article:modified_time\" content=\"2021-09-16T18:40:08+00:00\" \/>\n<meta name=\"twitter:card\" content=\"summary_large_image\" \/>\n<meta name=\"twitter:site\" content=\"@LRLawSociety\" \/>\n<meta name=\"twitter:label1\" content=\"Dur\u00e9e de lecture est.\" \/>\n\t<meta name=\"twitter:data1\" content=\"1 minute\" \/>\n<script type=\"application\/ld+json\" class=\"yoast-schema-graph\">{\"@context\":\"https:\/\/schema.org\",\"@graph\":[{\"@type\":\"WebSite\",\"@id\":\"https:\/\/lordreading.org\/#website\",\"url\":\"https:\/\/lordreading.org\/\",\"name\":\"L'association de droit Lord Reading\",\"description\":\"The Collective Voice of Jewish Jurists in Quebec\",\"potentialAction\":[{\"@type\":\"SearchAction\",\"target\":{\"@type\":\"EntryPoint\",\"urlTemplate\":\"https:\/\/lordreading.org\/?s={search_term_string}\"},\"query-input\":\"required name=search_term_string\"}],\"inLanguage\":\"fr-FR\"},{\"@type\":\"WebPage\",\"@id\":\"https:\/\/lordreading.org\/faq\/#webpage\",\"url\":\"https:\/\/lordreading.org\/faq\/\",\"name\":\"FOIRE AUX QUESTIONS (FAQ) - L'association de droit Lord Reading\",\"isPartOf\":{\"@id\":\"https:\/\/lordreading.org\/#website\"},\"datePublished\":\"2018-08-17T15:22:54+00:00\",\"dateModified\":\"2021-09-16T18:40:08+00:00\",\"breadcrumb\":{\"@id\":\"https:\/\/lordreading.org\/faq\/#breadcrumb\"},\"inLanguage\":\"fr-FR\",\"potentialAction\":[{\"@type\":\"ReadAction\",\"target\":[\"https:\/\/lordreading.org\/faq\/\"]}]},{\"@type\":\"BreadcrumbList\",\"@id\":\"https:\/\/lordreading.org\/faq\/#breadcrumb\",\"itemListElement\":[{\"@type\":\"ListItem\",\"position\":1,\"name\":\"Home\",\"item\":\"https:\/\/lordreading.org\/fr\/\"},{\"@type\":\"ListItem\",\"position\":2,\"name\":\"FOIRE AUX QUESTIONS (FAQ)\"}]}]}<\/script>\n<!-- \/ Yoast SEO plugin. -->","_links":{"self":[{"href":"https:\/\/lordreading.org\/fr\/wp-json\/wp\/v2\/pages\/893"}],"collection":[{"href":"https:\/\/lordreading.org\/fr\/wp-json\/wp\/v2\/pages"}],"about":[{"href":"https:\/\/lordreading.org\/fr\/wp-json\/wp\/v2\/types\/page"}],"author":[{"embeddable":true,"href":"https:\/\/lordreading.org\/fr\/wp-json\/wp\/v2\/users\/1"}],"replies":[{"embeddable":true,"href":"https:\/\/lordreading.org\/fr\/wp-json\/wp\/v2\/comments?post=893"}],"version-history":[{"count":5,"href":"https:\/\/lordreading.org\/fr\/wp-json\/wp\/v2\/pages\/893\/revisions"}],"predecessor-version":[{"id":2791,"href":"https:\/\/lordreading.org\/fr\/wp-json\/wp\/v2\/pages\/893\/revisions\/2791"}],"wp:attachment":[{"href":"https:\/\/lordreading.org\/fr\/wp-json\/wp\/v2\/media?parent=893"}],"wp:term":[{"taxonomy":"category","embeddable":true,"href":"https:\/\/lordreading.org\/fr\/wp-json\/wp\/v2\/categories?post=893"},{"taxonomy":"post_tag","embeddable":true,"href":"https:\/\/lordreading.org\/fr\/wp-json\/wp\/v2\/tags?post=893"}],"curies":[{"name":"wp","href":"https:\/\/api.w.org\/{rel}","templated":true}]}}