{"id":894,"date":"2018-08-17T11:23:06","date_gmt":"2018-08-17T15:23:06","guid":{"rendered":"https:\/\/hadx.com\/?page_id=894"},"modified":"2021-09-16T09:20:27","modified_gmt":"2021-09-16T13:20:27","slug":"histoire","status":"publish","type":"page","link":"https:\/\/lordreading.org\/fr\/histoire\/","title":{"rendered":"Histoire"},"content":{"rendered":"<h2>L\u2019historique<\/h2>\n<p>Pourquoi et comment la Soci\u00e9t\u00e9 fut-elle fond\u00e9e? Le r\u00e9cit qui suit vous en donne tous les d\u00e9tails.<\/p>\n<p>\u00c0 l\u2019automne 1948, la d\u00e9cision fut prise de tenir le congr\u00e8s annuel du Barreau du Qu\u00e9bec au Mont-Tremblant Lodge, un complexe h\u00f4telier situ\u00e9 dans les Laurentides, propri\u00e9t\u00e9 de Joseph Ryan.<\/p>\n<p>\u00c0 cette \u00e9poque, le \u00ab\u00a0lodge\u00a0\u00bb, comme maints autres \u00e9tablissements h\u00f4teliers dans les Laurentides et ailleurs, avait comme politique\u00a0: \u00ab\u00a0aucun juif et aucun chien\u00a0\u00bb. Lorsque des demandes furent faites de changer d\u2019endroit, Ryan a r\u00e9pondu que, comme l\u2019\u00e9v\u00e9nement se tiendrait hors-saison, il n\u2019y aurait pas beaucoup de clients gentils pour s\u2019offusquer de la pr\u00e9sence de juifs.<\/p>\n<p>N.L. Rappaport en a alors parl\u00e9 au b\u00e2tonnier de l\u2019\u00e9poque, Gustave Monette, C.K., qui, visiblement boulevers\u00e9, a demand\u00e9 de pouvoir parler \u00e0 la r\u00e9union des avocats juifs du Club Montefiore. Il y pr\u00e9senta ses excuses, tant en son nom propre, qu\u2019au nom du conseil du Barreau, pour leur ignorance des politiques discriminatoires du Lodge Mont-Tremblant.<\/p>\n<p>Cependant, il ajouta qu\u2019il \u00e9tait trop tard pour changer de lieu et invita avec empressement les avocats juifs \u00e0 \u00eatre pr\u00e9sents.<\/p>\n<p>Les avocats juifs de Montr\u00e9al se sont r\u00e9unis et ont d\u00e9cid\u00e9 de boycotter la tenue du congr\u00e8s du Barreau au Lodge. Dans les faits, l\u2019affaire incite les avocats juifs de la ville \u00e0 s\u2019unir pour faire avancer leurs objectifs. Des r\u00e9unions de la Soci\u00e9t\u00e9 se tiennent \u00e0 la synagogue Espagnole et Portugaise, \u00e0 la Maison Hillel, \u00e0 la synagogue Jeune Isra\u00ebl de Montr\u00e9al, au Steakhouse Windsor et au restaurant Stage Coach. Le Club Montefiore devint rapidement le lieu de r\u00e9union de la Soci\u00e9t\u00e9 et m\u00eame son si\u00e8ge social officieux.<\/p>\n<p>Afin de pr\u00e9venir la r\u00e9p\u00e9tition d\u2019incidents malheureux comme l\u2019affaire du Mont-Tremblant, Gustave Monette assure le groupe que le Barreau de Montr\u00e9al amendera sa constitution pour assurer qu\u2019un membre de confession juive si\u00e8ge au conseil en tout temps. Des ententes furent prises avec la section anglophone du Barreau de Montr\u00e9al pour qu\u2019un de leurs repr\u00e9sentants soit juif.<\/p>\n<p>La Soci\u00e9t\u00e9 est ainsi n\u00e9e. Son mandat est de faire du lobbyisme pour assurer une repr\u00e9sentation \u00e9quitable des Juifs au Barreau et \u00e0 la magistrature. La Soci\u00e9t\u00e9 constitue aussi un groupe social pour les avocats juifs et leur fournit un forum pour se renseigner sur les questions juridiques nouvelles et en \u00e9volution. De plus, depuis la cr\u00e9ation de la Soci\u00e9t\u00e9,\u00a0 il est reconnu que le repr\u00e9sentant juif au Conseil du Barreau de Montr\u00e9al doit \u00eatre nomm\u00e9 par la Soci\u00e9t\u00e9.<\/p>\n<p>Benjamin Robinson fut le premier pr\u00e9sident de la Soci\u00e9t\u00e9 et le premier repr\u00e9sentant juif \u00e0 \u00eatre nomm\u00e9 au Conseil du Barreau de Montr\u00e9al<\/p>\n<p>Le nom de la soci\u00e9t\u00e9 vise \u00e0 honorer Rufus Daniel Isaacs, juriste britannique brillant et accompli, de m\u00eame qu\u2019homme d\u2018\u00c9tat. N\u00e9 en 1860, ce marin et homme d\u2019affaires sous-scolaris\u00e9 est devenu un avocat accompli, multipliant les r\u00e9ussites quand son entreprise a connu des d\u00e9boires financiers. Plus tard, comme parlementaire, il a occup\u00e9 les postes de solliciteur g\u00e9n\u00e9ral, procureur g\u00e9n\u00e9ral et Secr\u00e9taire aux affaires \u00e9trang\u00e8res, il devint la premi\u00e8re personne juive \u00e0 \u00eatre membre du cabinet. Il fut subs\u00e9quemment nomm\u00e9 Lord juge en chef d\u2019Angleterre, prenant le titre de Lord Reading.<\/p>\n<p>Depuis plus de 70 ans, la Soci\u00e9t\u00e9 de droit Lord Reading est un participant actif au sein de la communaut\u00e9 juridique qu\u00e9b\u00e9coise et m\u00eame au-del\u00e0.<\/p>\n<p>Svp, vous r\u00e9f\u00e9rez aux hyperliens situ\u00e9s \u00e0 droite pour en apprendre encore plus \u00e0 propos de notre histoire et de notre implication.<\/p>\n<p>Nous vous invitons \u00e9galement \u00e0 lire encore plus sur la Soci\u00e9t\u00e9 et de son histoire sur le site du Mus\u00e9e du Montr\u00e9al juif et sur l\u2019histoire de la Soci\u00e9t\u00e9 tel que relat\u00e9 par le Canadian Jewish News.<\/p>\n","protected":false},"excerpt":{"rendered":"<p>L\u2019historique Pourquoi et comment la Soci\u00e9t\u00e9 fut-elle fond\u00e9e? Le r\u00e9cit qui suit vous en donne tous les d\u00e9tails. \u00c0 l\u2019automne 1948, la d\u00e9cision fut prise de tenir le congr\u00e8s annuel du Barreau du Qu\u00e9bec au Mont-Tremblant Lodge, un complexe h\u00f4telier situ\u00e9 dans les Laurentides, propri\u00e9t\u00e9 de Joseph Ryan. \u00c0 cette \u00e9poque, le \u00ab\u00a0lodge\u00a0\u00bb, comme maints [&hellip;]<\/p>\n","protected":false},"author":1,"featured_media":0,"parent":0,"menu_order":0,"comment_status":"closed","ping_status":"closed","template":"","meta":[],"categories":[],"tags":[],"yoast_head":"<!-- This site is optimized with the Yoast SEO plugin v16.6.1 - https:\/\/yoast.com\/wordpress\/plugins\/seo\/ -->\n<title>Histoire - L&#039;association de droit Lord Reading<\/title>\n<meta name=\"robots\" content=\"index, follow, max-snippet:-1, max-image-preview:large, max-video-preview:-1\" \/>\n<link rel=\"canonical\" href=\"https:\/\/lordreading.org\/fr\/history\/\" \/>\n<meta property=\"og:locale\" content=\"fr_FR\" \/>\n<meta property=\"og:type\" content=\"article\" \/>\n<meta property=\"og:title\" content=\"Histoire - L&#039;association de droit Lord Reading\" \/>\n<meta property=\"og:description\" content=\"L\u2019historique Pourquoi et comment la Soci\u00e9t\u00e9 fut-elle fond\u00e9e? Le r\u00e9cit qui suit vous en donne tous les d\u00e9tails. \u00c0 l\u2019automne 1948, la d\u00e9cision fut prise de tenir le congr\u00e8s annuel du Barreau du Qu\u00e9bec au Mont-Tremblant Lodge, un complexe h\u00f4telier situ\u00e9 dans les Laurentides, propri\u00e9t\u00e9 de Joseph Ryan. \u00c0 cette \u00e9poque, le \u00ab\u00a0lodge\u00a0\u00bb, comme maints [&hellip;]\" \/>\n<meta property=\"og:url\" content=\"https:\/\/lordreading.org\/history\/\" \/>\n<meta property=\"og:site_name\" content=\"L&#039;association de droit Lord Reading\" \/>\n<meta property=\"article:publisher\" content=\"https:\/\/www.facebook.com\/LordReadingLawSociety\/\" \/>\n<meta property=\"article:modified_time\" content=\"2021-09-16T13:20:27+00:00\" \/>\n<meta name=\"twitter:card\" content=\"summary_large_image\" \/>\n<meta name=\"twitter:site\" content=\"@LRLawSociety\" \/>\n<meta name=\"twitter:label1\" content=\"Dur\u00e9e de lecture est.\" \/>\n\t<meta name=\"twitter:data1\" content=\"3 minutes\" \/>\n<script type=\"application\/ld+json\" class=\"yoast-schema-graph\">{\"@context\":\"https:\/\/schema.org\",\"@graph\":[{\"@type\":\"WebSite\",\"@id\":\"https:\/\/lordreading.org\/#website\",\"url\":\"https:\/\/lordreading.org\/\",\"name\":\"L'association de droit Lord Reading\",\"description\":\"The Collective Voice of Jewish Jurists in Quebec\",\"potentialAction\":[{\"@type\":\"SearchAction\",\"target\":{\"@type\":\"EntryPoint\",\"urlTemplate\":\"https:\/\/lordreading.org\/?s={search_term_string}\"},\"query-input\":\"required name=search_term_string\"}],\"inLanguage\":\"fr-FR\"},{\"@type\":\"WebPage\",\"@id\":\"https:\/\/lordreading.org\/history\/#webpage\",\"url\":\"https:\/\/lordreading.org\/history\/\",\"name\":\"Histoire - L'association de droit Lord Reading\",\"isPartOf\":{\"@id\":\"https:\/\/lordreading.org\/#website\"},\"datePublished\":\"2018-08-17T15:23:06+00:00\",\"dateModified\":\"2021-09-16T13:20:27+00:00\",\"breadcrumb\":{\"@id\":\"https:\/\/lordreading.org\/history\/#breadcrumb\"},\"inLanguage\":\"fr-FR\",\"potentialAction\":[{\"@type\":\"ReadAction\",\"target\":[\"https:\/\/lordreading.org\/history\/\"]}]},{\"@type\":\"BreadcrumbList\",\"@id\":\"https:\/\/lordreading.org\/history\/#breadcrumb\",\"itemListElement\":[{\"@type\":\"ListItem\",\"position\":1,\"name\":\"Home\",\"item\":\"https:\/\/lordreading.org\/fr\/\"},{\"@type\":\"ListItem\",\"position\":2,\"name\":\"Histoire\"}]}]}<\/script>\n<!-- \/ Yoast SEO plugin. -->","_links":{"self":[{"href":"https:\/\/lordreading.org\/fr\/wp-json\/wp\/v2\/pages\/894"}],"collection":[{"href":"https:\/\/lordreading.org\/fr\/wp-json\/wp\/v2\/pages"}],"about":[{"href":"https:\/\/lordreading.org\/fr\/wp-json\/wp\/v2\/types\/page"}],"author":[{"embeddable":true,"href":"https:\/\/lordreading.org\/fr\/wp-json\/wp\/v2\/users\/1"}],"replies":[{"embeddable":true,"href":"https:\/\/lordreading.org\/fr\/wp-json\/wp\/v2\/comments?post=894"}],"version-history":[{"count":4,"href":"https:\/\/lordreading.org\/fr\/wp-json\/wp\/v2\/pages\/894\/revisions"}],"predecessor-version":[{"id":2744,"href":"https:\/\/lordreading.org\/fr\/wp-json\/wp\/v2\/pages\/894\/revisions\/2744"}],"wp:attachment":[{"href":"https:\/\/lordreading.org\/fr\/wp-json\/wp\/v2\/media?parent=894"}],"wp:term":[{"taxonomy":"category","embeddable":true,"href":"https:\/\/lordreading.org\/fr\/wp-json\/wp\/v2\/categories?post=894"},{"taxonomy":"post_tag","embeddable":true,"href":"https:\/\/lordreading.org\/fr\/wp-json\/wp\/v2\/tags?post=894"}],"curies":[{"name":"wp","href":"https:\/\/api.w.org\/{rel}","templated":true}]}}