{"id":895,"date":"2018-08-17T11:23:14","date_gmt":"2018-08-17T15:23:14","guid":{"rendered":"https:\/\/hadx.com\/?page_id=895"},"modified":"2021-09-16T09:26:37","modified_gmt":"2021-09-16T13:26:37","slug":"50th-anniversary","status":"publish","type":"page","link":"https:\/\/lordreading.org\/fr\/histoire\/50th-anniversary\/","title":{"rendered":"50th Anniversary"},"content":{"rendered":"[vc_row][vc_column][mk_revslider id=&#8221;about&#8221;][mk_padding_divider size=&#8221;70&#8243;][\/vc_column][\/vc_row][vc_row][vc_column width=&#8221;2\/3&#8243;][vc_column_text align=&#8221;center&#8221; css=&#8221;.vc_custom_1505913891650{margin-bottom: 0px !important;}&#8221;]\n<h1>50e anniversaire<\/h1>\n<p style=\"text-align: left;\">Le 2 novembre 1988, \u00e0 l\u2019occasion de son 50e anniversaire, la Soci\u00e9t\u00e9 a c\u00e9l\u00e9br\u00e9 l\u2019\u00e9v\u00e9nement en tenant une soir\u00e9e de gala avec comme invit\u00e9e d\u2019honneur, l\u2019honorable juge Rosalie Abella. Pour cette occasion, la Soci\u00e9t\u00e9 a pr\u00e9par\u00e9 un livret comm\u00e9moratif. Veuillez <a href=\"http:\/\/lordreading.org\/_media\/50th_booklet.pdf\" target=\"_blank\" rel=\"noopener\">cliquer ici<\/a> pour acc\u00e9der au livret en format PDF. (Veuillez noter que ce fichier est assez volumineux et peut prendre du temps \u00e0 charger. Il s\u2019ouvrira dans une nouvelle fen\u00eatre.)<\/p>\n[\/vc_column_text][mk_padding_divider size=&#8221;70&#8243;][\/vc_column][vc_column width=&#8221;1\/3&#8243;][mk_custom_sidebar sidebar=&#8221;sidebar-1&#8243;][\/vc_column][\/vc_row]\n","protected":false},"excerpt":{"rendered":"<p>[vc_row][vc_column][mk_revslider id=&#8221;about&#8221;][mk_padding_divider size=&#8221;70&#8243;][\/vc_column][\/vc_row][vc_row][vc_column width=&#8221;2\/3&#8243;][vc_column_text align=&#8221;center&#8221; css=&#8221;.vc_custom_1505913891650{margin-bottom: 0px !important;}&#8221;] 50e anniversaire Le 2 novembre 1988, \u00e0 l\u2019occasion de son 50e anniversaire, la Soci\u00e9t\u00e9 a c\u00e9l\u00e9br\u00e9 l\u2019\u00e9v\u00e9nement en tenant une soir\u00e9e de gala avec comme invit\u00e9e d\u2019honneur, l\u2019honorable juge Rosalie Abella. Pour cette occasion, la Soci\u00e9t\u00e9 a pr\u00e9par\u00e9 un livret comm\u00e9moratif. Veuillez cliquer ici pour acc\u00e9der au [&hellip;]<\/p>\n","protected":false},"author":1,"featured_media":0,"parent":894,"menu_order":0,"comment_status":"closed","ping_status":"closed","template":"","meta":[],"categories":[49],"tags":[],"yoast_head":"<!-- This site is optimized with the Yoast SEO plugin v16.6.1 - https:\/\/yoast.com\/wordpress\/plugins\/seo\/ -->\n<title>50th Anniversary - L&#039;association de droit Lord Reading<\/title>\n<meta name=\"robots\" content=\"index, follow, max-snippet:-1, max-image-preview:large, max-video-preview:-1\" \/>\n<link rel=\"canonical\" href=\"https:\/\/lordreading.org\/fr\/history\/50th-anniversary\/\" \/>\n<meta property=\"og:locale\" content=\"fr_FR\" \/>\n<meta property=\"og:type\" content=\"article\" \/>\n<meta property=\"og:title\" content=\"50th Anniversary - L&#039;association de droit Lord Reading\" \/>\n<meta property=\"og:description\" content=\"[vc_row][vc_column][mk_revslider id=&#8221;about&#8221;][mk_padding_divider size=&#8221;70&#8243;][\/vc_column][\/vc_row][vc_row][vc_column width=&#8221;2\/3&#8243;][vc_column_text align=&#8221;center&#8221; css=&#8221;.vc_custom_1505913891650{margin-bottom: 0px !important;}&#8221;] 50e anniversaire Le 2 novembre 1988, \u00e0 l\u2019occasion de son 50e anniversaire, la Soci\u00e9t\u00e9 a c\u00e9l\u00e9br\u00e9 l\u2019\u00e9v\u00e9nement en tenant une soir\u00e9e de gala avec comme invit\u00e9e d\u2019honneur, l\u2019honorable juge Rosalie Abella. Pour cette occasion, la Soci\u00e9t\u00e9 a pr\u00e9par\u00e9 un livret comm\u00e9moratif. Veuillez cliquer ici pour acc\u00e9der au [&hellip;]\" \/>\n<meta property=\"og:url\" content=\"https:\/\/lordreading.org\/history\/50th-anniversary\/\" \/>\n<meta property=\"og:site_name\" content=\"L&#039;association de droit Lord Reading\" \/>\n<meta property=\"article:publisher\" content=\"https:\/\/www.facebook.com\/LordReadingLawSociety\/\" \/>\n<meta property=\"article:modified_time\" content=\"2021-09-16T13:26:37+00:00\" \/>\n<meta name=\"twitter:card\" content=\"summary_large_image\" \/>\n<meta name=\"twitter:site\" content=\"@LRLawSociety\" \/>\n<meta name=\"twitter:label1\" content=\"Dur\u00e9e de lecture est.\" \/>\n\t<meta name=\"twitter:data1\" content=\"1 minute\" \/>\n<script type=\"application\/ld+json\" class=\"yoast-schema-graph\">{\"@context\":\"https:\/\/schema.org\",\"@graph\":[{\"@type\":\"WebSite\",\"@id\":\"https:\/\/lordreading.org\/#website\",\"url\":\"https:\/\/lordreading.org\/\",\"name\":\"L'association de droit Lord Reading\",\"description\":\"The Collective Voice of Jewish Jurists in Quebec\",\"potentialAction\":[{\"@type\":\"SearchAction\",\"target\":{\"@type\":\"EntryPoint\",\"urlTemplate\":\"https:\/\/lordreading.org\/?s={search_term_string}\"},\"query-input\":\"required name=search_term_string\"}],\"inLanguage\":\"fr-FR\"},{\"@type\":\"WebPage\",\"@id\":\"https:\/\/lordreading.org\/history\/50th-anniversary\/#webpage\",\"url\":\"https:\/\/lordreading.org\/history\/50th-anniversary\/\",\"name\":\"50th Anniversary - L'association de droit Lord Reading\",\"isPartOf\":{\"@id\":\"https:\/\/lordreading.org\/#website\"},\"datePublished\":\"2018-08-17T15:23:14+00:00\",\"dateModified\":\"2021-09-16T13:26:37+00:00\",\"breadcrumb\":{\"@id\":\"https:\/\/lordreading.org\/history\/50th-anniversary\/#breadcrumb\"},\"inLanguage\":\"fr-FR\",\"potentialAction\":[{\"@type\":\"ReadAction\",\"target\":[\"https:\/\/lordreading.org\/history\/50th-anniversary\/\"]}]},{\"@type\":\"BreadcrumbList\",\"@id\":\"https:\/\/lordreading.org\/history\/50th-anniversary\/#breadcrumb\",\"itemListElement\":[{\"@type\":\"ListItem\",\"position\":1,\"name\":\"Home\",\"item\":\"https:\/\/lordreading.org\/fr\/\"},{\"@type\":\"ListItem\",\"position\":2,\"name\":\"Histoire\",\"item\":\"https:\/\/lordreading.org\/history\/\"},{\"@type\":\"ListItem\",\"position\":3,\"name\":\"50th Anniversary\"}]}]}<\/script>\n<!-- \/ Yoast SEO plugin. -->","_links":{"self":[{"href":"https:\/\/lordreading.org\/fr\/wp-json\/wp\/v2\/pages\/895"}],"collection":[{"href":"https:\/\/lordreading.org\/fr\/wp-json\/wp\/v2\/pages"}],"about":[{"href":"https:\/\/lordreading.org\/fr\/wp-json\/wp\/v2\/types\/page"}],"author":[{"embeddable":true,"href":"https:\/\/lordreading.org\/fr\/wp-json\/wp\/v2\/users\/1"}],"replies":[{"embeddable":true,"href":"https:\/\/lordreading.org\/fr\/wp-json\/wp\/v2\/comments?post=895"}],"version-history":[{"count":6,"href":"https:\/\/lordreading.org\/fr\/wp-json\/wp\/v2\/pages\/895\/revisions"}],"predecessor-version":[{"id":2751,"href":"https:\/\/lordreading.org\/fr\/wp-json\/wp\/v2\/pages\/895\/revisions\/2751"}],"up":[{"embeddable":true,"href":"https:\/\/lordreading.org\/fr\/wp-json\/wp\/v2\/pages\/894"}],"wp:attachment":[{"href":"https:\/\/lordreading.org\/fr\/wp-json\/wp\/v2\/media?parent=895"}],"wp:term":[{"taxonomy":"category","embeddable":true,"href":"https:\/\/lordreading.org\/fr\/wp-json\/wp\/v2\/categories?post=895"},{"taxonomy":"post_tag","embeddable":true,"href":"https:\/\/lordreading.org\/fr\/wp-json\/wp\/v2\/tags?post=895"}],"curies":[{"name":"wp","href":"https:\/\/api.w.org\/{rel}","templated":true}]}}