{"id":903,"date":"2017-09-21T15:46:21","date_gmt":"2017-09-21T19:46:21","guid":{"rendered":"https:\/\/hadx.com\/?page_id=903"},"modified":"2024-03-12T07:26:28","modified_gmt":"2024-03-12T11:26:28","slug":"past-presidents","status":"publish","type":"page","link":"https:\/\/lordreading.org\/fr\/histoire\/past-presidents\/","title":{"rendered":"Anciens pr\u00e9sident.e.s"},"content":{"rendered":"[vc_row][vc_column][mk_revslider id=&#8221;about&#8221;][mk_padding_divider size=&#8221;70&#8243;][\/vc_column][\/vc_row][vc_row][vc_column width=&#8221;2\/3&#8243;][vc_column_text align=&#8221;center&#8221; css=&#8221;.vc_custom_1541965399706{margin-bottom: 0px !important;}&#8221;]\n<h1 style=\"text-align: left;\">Anciens pr\u00e9sident.e.s<\/h1>\n<p style=\"text-align: left;\">Au cours de son histoire, certains des juristes les plus remarquables du Qu\u00e9bec ont accept\u00e9 d\u2019assumer la fonction de pr\u00e9sident de la Soci\u00e9t\u00e9 au plus grand b\u00e9n\u00e9fice de cette derni\u00e8re.<\/p>\n<p style=\"text-align: left;\">1948-50 *Benjamin Robinson, Q.C.<br \/>\n1950-52 *Louis Fitch. Q.C.<br \/>\n1952-54 *Michael Garber, Q.C<br \/>\n1954-56 *Philip Meyerovitch, Q.C.<br \/>\n1956-58 *Joseph Shapiro, Q.C.<br \/>\n1958-60 *Ne. Rappaport, Q.C.<br \/>\n1960-62 *J. Harry Blumenstein, Q.C.<br \/>\n1962-63 *Samuel Chait, Q.C<br \/>\n1963-64 *Monroe Abbey, Q.C.<br \/>\n1964-65 *Moses Yelin, Q.C.<br \/>\n1965-66 *Harold S. Freeman, Q.C.<br \/>\n1966-67 *Melvin Salmon, Q.C.<br \/>\n1967-68 Manuel Shacter, Q.C.<br \/>\n1968-69 *Jules Leavitt, Q.C.<br \/>\n1969-70 *E. Michael Berger, Q.C.<br \/>\n1970-71 *Fred Kaufman, Q.C.<br \/>\n1971-72 *Nathaniel H. Salomon<br \/>\n1972-73\u00a0Yoine Goldstein<br \/>\n1973-74 *Samuel Godinsky, Q.C.<br \/>\n1974-75 *Leo Rosentzveig, Q.C.<br \/>\n1975-76 Morris Chaikelson<br \/>\n1976-77 *Joseph A. Mendelson. Q.C.<br \/>\n1977-78 *Abraham Shuster, Q.C.<br \/>\n1978-79 William Fraiberg<br \/>\n1979-80 Arthur I. Bronstein<br \/>\n1980-81 Philip Shaposnick<br \/>\n1983-84 *Morton Bessner<br \/>\n1984-85 Sidney Cutler, Q.C.<br \/>\n1985-86\u00a0Max R. Bernard<br \/>\n1986-87 Raphael H. Schachter, Q.C<br \/>\n1987-88 Barry H. Shapiro<br \/>\n1988-89 Max Mendelsohn<br \/>\n1989-90 Lynne Kassie<br \/>\n1990-91 Samuel Minzberg<br \/>\n1991-92 Gerald Stotland<br \/>\n1992-93\u00a0<a href=\"http:\/\/lordreading.org\/en\/history\/past_presidents\/worsoff\">Michael Worsoff<\/a><br \/>\n1993-94 Michael L Garonce<br \/>\n1994-95 Brian M. Schneiderman<br \/>\n1995-96 Gerald Kandestin<br \/>\n1996-97 Sharon G. Druker, Ad.E.<br \/>\n1997-98 Casper M. Bloom, Q.C.<br \/>\n1998-99 Steven B. Katkin<br \/>\n1999-00\u00a0*Arnold Isaacson<br \/>\n2000-01\u00a0Alan M. Stein<br \/>\n2001-02\u00a0Michael D. Levinson<br \/>\n2002-03\u00a0Ian M. Solloway<br \/>\n2003-04\u00a0Suzanne Costom<br \/>\n2004-05\u00a0Ted Goloff<br \/>\n2005-06\u00a0Allan Adel<br \/>\n2006-07 Reisa Teitelbaum<br \/>\n2007-08\u00a0Mark Schrager<br \/>\n2008-09\u00a0Ronald S. Levy<br \/>\n2009-10\u00a0Irwin Rudick<br \/>\n2010-11\u00a0David Stolow<br \/>\n2011-12\u00a0Robin Schiller<br \/>\n2012-13 Mara Greenstone<br \/>\n2013-14 Heather Michelin<br \/>\n2014-15 Nancy Cleman, Ad.E.<br \/>\n2015-16 Steven Slimovitch<br \/>\n2016-17 Larry Markowitz<br \/>\n2017-18 David Ettedgui<br \/>\n2018-19 Inna Nekhim<br \/>\n2019-20 Gregory Azancot<br \/>\n2020-21 Andrew Kliger<br \/>\n2021-22 Doree Levine<br \/>\n2022-23 Jonathan Gordon<\/p>\n<p style=\"text-align: left;\"><i>*D\u00e9c\u00e9d\u00e9<\/i><\/p>\n[\/vc_column_text][mk_padding_divider size=&#8221;70&#8243;][\/vc_column][vc_column width=&#8221;1\/3&#8243;][mk_custom_sidebar sidebar=&#8221;sidebar-1&#8243;][\/vc_column][\/vc_row]\n","protected":false},"excerpt":{"rendered":"<p>[vc_row][vc_column][mk_revslider id=&#8221;about&#8221;][mk_padding_divider size=&#8221;70&#8243;][\/vc_column][\/vc_row][vc_row][vc_column width=&#8221;2\/3&#8243;][vc_column_text align=&#8221;center&#8221; css=&#8221;.vc_custom_1541965399706{margin-bottom: 0px !important;}&#8221;] Anciens pr\u00e9sident.e.s Au cours de son histoire, certains des juristes les plus remarquables du Qu\u00e9bec ont accept\u00e9 d\u2019assumer la fonction de pr\u00e9sident de la Soci\u00e9t\u00e9 au plus grand b\u00e9n\u00e9fice de cette derni\u00e8re. 1948-50 *Benjamin Robinson, Q.C. 1950-52 *Louis Fitch. Q.C. 1952-54 *Michael Garber, Q.C 1954-56 *Philip Meyerovitch, [&hellip;]<\/p>\n","protected":false},"author":1,"featured_media":0,"parent":894,"menu_order":0,"comment_status":"closed","ping_status":"closed","template":"","meta":[],"categories":[49],"tags":[],"yoast_head":"<!-- This site is optimized with the Yoast SEO plugin v16.6.1 - https:\/\/yoast.com\/wordpress\/plugins\/seo\/ -->\n<title>Anciens pr\u00e9sident.e.s - L&#039;association de droit Lord Reading<\/title>\n<meta name=\"robots\" content=\"index, follow, max-snippet:-1, max-image-preview:large, max-video-preview:-1\" \/>\n<link rel=\"canonical\" href=\"https:\/\/lordreading.org\/fr\/histoire\/past-presidents\/\" \/>\n<meta property=\"og:locale\" content=\"fr_FR\" \/>\n<meta property=\"og:type\" content=\"article\" \/>\n<meta property=\"og:title\" content=\"Anciens pr\u00e9sident.e.s - L&#039;association de droit Lord Reading\" \/>\n<meta property=\"og:description\" content=\"[vc_row][vc_column][mk_revslider id=&#8221;about&#8221;][mk_padding_divider size=&#8221;70&#8243;][\/vc_column][\/vc_row][vc_row][vc_column width=&#8221;2\/3&#8243;][vc_column_text align=&#8221;center&#8221; css=&#8221;.vc_custom_1541965399706{margin-bottom: 0px !important;}&#8221;] Anciens pr\u00e9sident.e.s Au cours de son histoire, certains des juristes les plus remarquables du Qu\u00e9bec ont accept\u00e9 d\u2019assumer la fonction de pr\u00e9sident de la Soci\u00e9t\u00e9 au plus grand b\u00e9n\u00e9fice de cette derni\u00e8re. 1948-50 *Benjamin Robinson, Q.C. 1950-52 *Louis Fitch. Q.C. 1952-54 *Michael Garber, Q.C 1954-56 *Philip Meyerovitch, [&hellip;]\" \/>\n<meta property=\"og:url\" content=\"https:\/\/lordreading.org\/fr\/histoire\/past-presidents\/\" \/>\n<meta property=\"og:site_name\" content=\"L&#039;association de droit Lord Reading\" \/>\n<meta property=\"article:publisher\" content=\"https:\/\/www.facebook.com\/LordReadingLawSociety\/\" \/>\n<meta property=\"article:modified_time\" content=\"2024-03-12T11:26:28+00:00\" \/>\n<meta name=\"twitter:card\" content=\"summary_large_image\" \/>\n<meta name=\"twitter:site\" content=\"@LRLawSociety\" \/>\n<meta name=\"twitter:label1\" content=\"Dur\u00e9e de lecture est.\" \/>\n\t<meta name=\"twitter:data1\" content=\"2 minutes\" \/>\n<script type=\"application\/ld+json\" class=\"yoast-schema-graph\">{\"@context\":\"https:\/\/schema.org\",\"@graph\":[{\"@type\":\"WebSite\",\"@id\":\"https:\/\/lordreading.org\/#website\",\"url\":\"https:\/\/lordreading.org\/\",\"name\":\"L'association de droit Lord Reading\",\"description\":\"The Collective Voice of Jewish Jurists in Quebec\",\"potentialAction\":[{\"@type\":\"SearchAction\",\"target\":{\"@type\":\"EntryPoint\",\"urlTemplate\":\"https:\/\/lordreading.org\/?s={search_term_string}\"},\"query-input\":\"required name=search_term_string\"}],\"inLanguage\":\"fr-FR\"},{\"@type\":\"WebPage\",\"@id\":\"https:\/\/lordreading.org\/fr\/histoire\/past-presidents\/#webpage\",\"url\":\"https:\/\/lordreading.org\/fr\/histoire\/past-presidents\/\",\"name\":\"Anciens pr\\u00e9sident.e.s - L'association de droit Lord Reading\",\"isPartOf\":{\"@id\":\"https:\/\/lordreading.org\/#website\"},\"datePublished\":\"2017-09-21T19:46:21+00:00\",\"dateModified\":\"2024-03-12T11:26:28+00:00\",\"breadcrumb\":{\"@id\":\"https:\/\/lordreading.org\/fr\/histoire\/past-presidents\/#breadcrumb\"},\"inLanguage\":\"fr-FR\",\"potentialAction\":[{\"@type\":\"ReadAction\",\"target\":[\"https:\/\/lordreading.org\/fr\/histoire\/past-presidents\/\"]}]},{\"@type\":\"BreadcrumbList\",\"@id\":\"https:\/\/lordreading.org\/fr\/histoire\/past-presidents\/#breadcrumb\",\"itemListElement\":[{\"@type\":\"ListItem\",\"position\":1,\"name\":\"Home\",\"item\":\"https:\/\/lordreading.org\/fr\/\"},{\"@type\":\"ListItem\",\"position\":2,\"name\":\"Histoire\",\"item\":\"https:\/\/lordreading.org\/history\/\"},{\"@type\":\"ListItem\",\"position\":3,\"name\":\"Anciens pr\\u00e9sident.e.s\"}]}]}<\/script>\n<!-- \/ Yoast SEO plugin. -->","_links":{"self":[{"href":"https:\/\/lordreading.org\/fr\/wp-json\/wp\/v2\/pages\/903"}],"collection":[{"href":"https:\/\/lordreading.org\/fr\/wp-json\/wp\/v2\/pages"}],"about":[{"href":"https:\/\/lordreading.org\/fr\/wp-json\/wp\/v2\/types\/page"}],"author":[{"embeddable":true,"href":"https:\/\/lordreading.org\/fr\/wp-json\/wp\/v2\/users\/1"}],"replies":[{"embeddable":true,"href":"https:\/\/lordreading.org\/fr\/wp-json\/wp\/v2\/comments?post=903"}],"version-history":[{"count":8,"href":"https:\/\/lordreading.org\/fr\/wp-json\/wp\/v2\/pages\/903\/revisions"}],"predecessor-version":[{"id":4159,"href":"https:\/\/lordreading.org\/fr\/wp-json\/wp\/v2\/pages\/903\/revisions\/4159"}],"up":[{"embeddable":true,"href":"https:\/\/lordreading.org\/fr\/wp-json\/wp\/v2\/pages\/894"}],"wp:attachment":[{"href":"https:\/\/lordreading.org\/fr\/wp-json\/wp\/v2\/media?parent=903"}],"wp:term":[{"taxonomy":"category","embeddable":true,"href":"https:\/\/lordreading.org\/fr\/wp-json\/wp\/v2\/categories?post=903"},{"taxonomy":"post_tag","embeddable":true,"href":"https:\/\/lordreading.org\/fr\/wp-json\/wp\/v2\/tags?post=903"}],"curies":[{"name":"wp","href":"https:\/\/api.w.org\/{rel}","templated":true}]}}