{"id":905,"date":"2018-08-17T11:24:29","date_gmt":"2018-08-17T15:24:29","guid":{"rendered":"https:\/\/hadx.com\/?page_id=905"},"modified":"2018-08-17T11:24:29","modified_gmt":"2018-08-17T15:24:29","slug":"1972-1973-yoine-goldstein","status":"publish","type":"page","link":"https:\/\/lordreading.org\/fr\/histoire\/past-presidents\/1972-1973-yoine-goldstein\/","title":{"rendered":"1972-1973 Yoine Goldstein"},"content":{"rendered":"[vc_row][vc_column][mk_revslider id=&#8221;about&#8221;][mk_padding_divider size=&#8221;70&#8243;][\/vc_column][\/vc_row][vc_row][vc_column width=&#8221;2\/3&#8243;][vc_column_text align=&#8221;center&#8221; css=&#8221;.vc_custom_1506372950490{margin-bottom: 0px !important;}&#8221;]\n<h1 style=\"text-align: left;\">1972-1973 Yoine Goldstein<\/h1>\n<p style=\"text-align: left;\">I was President of the Society in 1972-1973. My term was successful, though mostly uneventful except for the fact that my status as President led to my being the \u201cJewish\u201d representative on the council of the Montreal Bar in 1976-1977 when Bill 101 was passed.<\/p>\n<p style=\"text-align: left;\">A large group of Anglophone-Jewish lawyers got together at a Downtown hotel and we decided, collectively, that the provisions of Bill 101 requiring the language of legislation, the legislator and the courts to be unilingually French, should be challenged.<\/p>\n<p style=\"text-align: left;\">I was co-Plaintiff along with Peter Blaikie and Roland Durand. We were represented by Robert Litvack and later, by Andr\u00e9 Brossard, against the Procureur G\u00e9n\u00e9ral du Quebec. We won in Superior Court, in the Court of Appeal and in the Supreme Court of Canada.<\/p>\n<p style=\"text-align: left;\">The active and unanimous participation of the Society in this effort led to its ultimate success.<\/p>\n[\/vc_column_text][mk_padding_divider size=&#8221;70&#8243;][\/vc_column][vc_column width=&#8221;1\/3&#8243;][mk_custom_sidebar sidebar=&#8221;sidebar-1&#8243;][\/vc_column][\/vc_row]\n","protected":false},"excerpt":{"rendered":"<p>[vc_row][vc_column][mk_revslider id=&#8221;about&#8221;][mk_padding_divider size=&#8221;70&#8243;][\/vc_column][\/vc_row][vc_row][vc_column width=&#8221;2\/3&#8243;][vc_column_text align=&#8221;center&#8221; css=&#8221;.vc_custom_1506372950490{margin-bottom: 0px !important;}&#8221;] 1972-1973 Yoine Goldstein I was President of the Society in 1972-1973. My term was successful, though mostly uneventful except for the fact that my status as President led to my being the \u201cJewish\u201d representative on the council of the Montreal Bar in 1976-1977 when Bill 101 was [&hellip;]<\/p>\n","protected":false},"author":1,"featured_media":0,"parent":903,"menu_order":0,"comment_status":"closed","ping_status":"closed","template":"","meta":[],"categories":[49],"tags":[],"yoast_head":"<!-- This site is optimized with the Yoast SEO plugin v16.6.1 - https:\/\/yoast.com\/wordpress\/plugins\/seo\/ -->\n<title>1972-1973 Yoine Goldstein - L&#039;association de droit Lord Reading<\/title>\n<meta name=\"robots\" content=\"index, follow, max-snippet:-1, max-image-preview:large, max-video-preview:-1\" \/>\n<link rel=\"canonical\" href=\"https:\/\/lordreading.org\/fr\/histoire\/past-presidents\/1972-1973-yoine-goldstein\/\" \/>\n<meta property=\"og:locale\" content=\"fr_FR\" \/>\n<meta property=\"og:type\" content=\"article\" \/>\n<meta property=\"og:title\" content=\"1972-1973 Yoine Goldstein - L&#039;association de droit Lord Reading\" \/>\n<meta property=\"og:description\" content=\"[vc_row][vc_column][mk_revslider id=&#8221;about&#8221;][mk_padding_divider size=&#8221;70&#8243;][\/vc_column][\/vc_row][vc_row][vc_column width=&#8221;2\/3&#8243;][vc_column_text align=&#8221;center&#8221; css=&#8221;.vc_custom_1506372950490{margin-bottom: 0px !important;}&#8221;] 1972-1973 Yoine Goldstein I was President of the Society in 1972-1973. My term was successful, though mostly uneventful except for the fact that my status as President led to my being the \u201cJewish\u201d representative on the council of the Montreal Bar in 1976-1977 when Bill 101 was [&hellip;]\" \/>\n<meta property=\"og:url\" content=\"https:\/\/lordreading.org\/fr\/histoire\/past-presidents\/1972-1973-yoine-goldstein\/\" \/>\n<meta property=\"og:site_name\" content=\"L&#039;association de droit Lord Reading\" \/>\n<meta property=\"article:publisher\" content=\"https:\/\/www.facebook.com\/LordReadingLawSociety\/\" \/>\n<meta name=\"twitter:card\" content=\"summary_large_image\" \/>\n<meta name=\"twitter:site\" content=\"@LRLawSociety\" \/>\n<meta name=\"twitter:label1\" content=\"Dur\u00e9e de lecture est.\" \/>\n\t<meta name=\"twitter:data1\" content=\"1 minute\" \/>\n<script type=\"application\/ld+json\" class=\"yoast-schema-graph\">{\"@context\":\"https:\/\/schema.org\",\"@graph\":[{\"@type\":\"WebSite\",\"@id\":\"https:\/\/lordreading.org\/#website\",\"url\":\"https:\/\/lordreading.org\/\",\"name\":\"L'association de droit Lord Reading\",\"description\":\"The Collective Voice of Jewish Jurists in Quebec\",\"potentialAction\":[{\"@type\":\"SearchAction\",\"target\":{\"@type\":\"EntryPoint\",\"urlTemplate\":\"https:\/\/lordreading.org\/?s={search_term_string}\"},\"query-input\":\"required name=search_term_string\"}],\"inLanguage\":\"fr-FR\"},{\"@type\":\"WebPage\",\"@id\":\"https:\/\/lordreading.org\/fr\/histoire\/past-presidents\/1972-1973-yoine-goldstein\/#webpage\",\"url\":\"https:\/\/lordreading.org\/fr\/histoire\/past-presidents\/1972-1973-yoine-goldstein\/\",\"name\":\"1972-1973 Yoine Goldstein - L'association de droit Lord Reading\",\"isPartOf\":{\"@id\":\"https:\/\/lordreading.org\/#website\"},\"datePublished\":\"2018-08-17T15:24:29+00:00\",\"dateModified\":\"2018-08-17T15:24:29+00:00\",\"breadcrumb\":{\"@id\":\"https:\/\/lordreading.org\/fr\/histoire\/past-presidents\/1972-1973-yoine-goldstein\/#breadcrumb\"},\"inLanguage\":\"fr-FR\",\"potentialAction\":[{\"@type\":\"ReadAction\",\"target\":[\"https:\/\/lordreading.org\/fr\/histoire\/past-presidents\/1972-1973-yoine-goldstein\/\"]}]},{\"@type\":\"BreadcrumbList\",\"@id\":\"https:\/\/lordreading.org\/fr\/histoire\/past-presidents\/1972-1973-yoine-goldstein\/#breadcrumb\",\"itemListElement\":[{\"@type\":\"ListItem\",\"position\":1,\"name\":\"Home\",\"item\":\"https:\/\/lordreading.org\/fr\/\"},{\"@type\":\"ListItem\",\"position\":2,\"name\":\"Histoire\",\"item\":\"https:\/\/lordreading.org\/history\/\"},{\"@type\":\"ListItem\",\"position\":3,\"name\":\"Anciens pr\\u00e9sident.e.s\",\"item\":\"https:\/\/lordreading.org\/fr\/histoire\/past-presidents\/\"},{\"@type\":\"ListItem\",\"position\":4,\"name\":\"1972-1973 Yoine Goldstein\"}]}]}<\/script>\n<!-- \/ Yoast SEO plugin. -->","_links":{"self":[{"href":"https:\/\/lordreading.org\/fr\/wp-json\/wp\/v2\/pages\/905"}],"collection":[{"href":"https:\/\/lordreading.org\/fr\/wp-json\/wp\/v2\/pages"}],"about":[{"href":"https:\/\/lordreading.org\/fr\/wp-json\/wp\/v2\/types\/page"}],"author":[{"embeddable":true,"href":"https:\/\/lordreading.org\/fr\/wp-json\/wp\/v2\/users\/1"}],"replies":[{"embeddable":true,"href":"https:\/\/lordreading.org\/fr\/wp-json\/wp\/v2\/comments?post=905"}],"version-history":[{"count":2,"href":"https:\/\/lordreading.org\/fr\/wp-json\/wp\/v2\/pages\/905\/revisions"}],"predecessor-version":[{"id":977,"href":"https:\/\/lordreading.org\/fr\/wp-json\/wp\/v2\/pages\/905\/revisions\/977"}],"up":[{"embeddable":true,"href":"https:\/\/lordreading.org\/fr\/wp-json\/wp\/v2\/pages\/903"}],"wp:attachment":[{"href":"https:\/\/lordreading.org\/fr\/wp-json\/wp\/v2\/media?parent=905"}],"wp:term":[{"taxonomy":"category","embeddable":true,"href":"https:\/\/lordreading.org\/fr\/wp-json\/wp\/v2\/categories?post=905"},{"taxonomy":"post_tag","embeddable":true,"href":"https:\/\/lordreading.org\/fr\/wp-json\/wp\/v2\/tags?post=905"}],"curies":[{"name":"wp","href":"https:\/\/api.w.org\/{rel}","templated":true}]}}