{"id":991,"date":"2018-08-17T11:26:58","date_gmt":"2018-08-17T15:26:58","guid":{"rendered":"https:\/\/hadx.com\/?page_id=991"},"modified":"2018-08-17T11:26:58","modified_gmt":"2018-08-17T15:26:58","slug":"2007-2008-mark-schrager","status":"publish","type":"page","link":"https:\/\/lordreading.org\/fr\/histoire\/past-presidents\/2007-2008-mark-schrager\/","title":{"rendered":"2007-2008 Mark Schrager"},"content":{"rendered":"[vc_row][vc_column][mk_revslider id=&#8221;about&#8221;][mk_padding_divider size=&#8221;70&#8243;][\/vc_column][\/vc_row][vc_row][vc_column width=&#8221;2\/3&#8243;][vc_column_text align=&#8221;center&#8221; css=&#8221;.vc_custom_1506972101768{margin-bottom: 0px !important;}&#8221;]\n<h1 style=\"text-align: left;\">2007-2008 Mark Schrager<\/h1>\n<p style=\"text-align: left;\">Our speakers\u2019 programme this season was varied and well-attended.<\/p>\n<p style=\"text-align: left;\">The Alan B. Gold Memorial Advocacy Lecture was delivered by Shimon Fogel on \u201c<i>Feeling Good or Doing Good: Successfully Navigating the Pro-Israel Advocacy Challenge<\/i>\u201d.\u00a0 Mr Fogel succeeded in explaining the strategy of advocating the case for Israel in a clear and entertaining manner.<\/p>\n<p style=\"text-align: left;\">The Henry Steinberg Memorial Lecture was delivered by Mr. Larry Smith, the CEO of the Montreal Alouettes Football Club on \u201c<i>Leadership, Balance and Values<\/i>\u201d.\u00a0 This motivational speech was particularly appreciated by younger members of the Society.<\/p>\n<p style=\"text-align: left;\">The Human Rights Lecture was given in the form of a panel discussion on \u201c<i>Reasonable Accommodation<\/i>\u201d, moderated by Madam Justice Carol Cohen, J.C.S.\u00a0 The panel consisted of Me Julius H. Grey, Prof. Jean-Fran\u00e7ois Gaudreault-Desbiens (Universit\u00e9 de Montr\u00e9al) and Mr. Jack Jedwab (Executive Director of the Association for Canadian Studies).\u00a0 The topic was timely and in parallel with public hearings organized by the Quebec Government.<\/p>\n<p style=\"text-align: left;\">The programme for the annual students\u2019 dinner was a presentation on \u201c<i>Expert Testimony in Chief and Cross-Examination &#8211; The Use of Visualization and Data Analysis<\/i>\u201d delivered by Me G\u00e9rald R. Tremblay and Paul Levine as the expert witness.\u00a0 We also hosted the recipients of our annual prizes awarded to meritorious law students at the law faculties of each of Universit\u00e9 de Montr\u00e9al and McGill University.<\/p>\n<p style=\"text-align: left;\">At the dinner meeting held on March 31st, 2008, members of the Society were informed, enlightened and charmed by the Honourable Madam Justice Rosalie Abella of the Supreme Court of Canada.\u00a0 Madam Justice Abella addressed the Society at the 50th Anniversary celebration and we were particularly honoured that she returned during our 60th year to inspire us with some of her views on the concept of justice.<\/p>\n<p style=\"text-align: left;\">The final programme of the season had our guest speaker Edward L. Greenspan address the Society on, \u201c<i>A Stranger in a Surprisingly Strange Land, the Conrad Black Trial<\/i>\u201d.\u00a0 Because he is one of the most prominent criminal defence lawyers in the country, we were most privileged to have Mr. Greenspan\u2019s views on the American criminal justice system.<\/p>\n<p style=\"text-align: left;\">During my term as President, we commenced preparation for the official celebration of the Society\u2019s 60th year celebration which was held on September 18th, 2008.\u00a0 Most noteworthy was the approval by the Board of Directors of the construction of a website upon which you are reading this message.\u00a0 Also during the year, the participation of our younger members continued to increase in all facets of the Society\u2019s activities.\u00a0 We also were vigilant in pursuing our human rights mandate.\u00a0 In this respect, the Society wrote to Louise Arbour, the United Nations High Commissioner for Human Rights and a past recipient of the Lord Reading Law Society Human Rights Award.\u00a0 Our letter called upon Madam Arbour to speak out against the almost exclusive censures issued against Israel by the United Nations Human Rights Council.\u00a0 The letter and Madam Arbour\u2019s reply are annexed to the newsletter of the Society of September 2007. We were also granted observer status at the League for Human Rights of B\u2019nai Brith Canada and Canadian Jewish Congress.<\/p>\n<p style=\"text-align: left;\">With the interest in the 60th Anniversary and our fundraising campaign leading up to the gala celebration, the Society ended the year in great spirits and financial health.<\/p>\n[\/vc_column_text][mk_padding_divider size=&#8221;70&#8243;][\/vc_column][vc_column width=&#8221;1\/3&#8243;][mk_custom_sidebar sidebar=&#8221;sidebar-1&#8243;][\/vc_column][\/vc_row]\n","protected":false},"excerpt":{"rendered":"<p>[vc_row][vc_column][mk_revslider id=&#8221;about&#8221;][mk_padding_divider size=&#8221;70&#8243;][\/vc_column][\/vc_row][vc_row][vc_column width=&#8221;2\/3&#8243;][vc_column_text align=&#8221;center&#8221; css=&#8221;.vc_custom_1506972101768{margin-bottom: 0px !important;}&#8221;] 2007-2008 Mark Schrager Our speakers\u2019 programme this season was varied and well-attended. The Alan B. Gold Memorial Advocacy Lecture was delivered by Shimon Fogel on \u201cFeeling Good or Doing Good: Successfully Navigating the Pro-Israel Advocacy Challenge\u201d.\u00a0 Mr Fogel succeeded in explaining the strategy of advocating the case [&hellip;]<\/p>\n","protected":false},"author":1,"featured_media":0,"parent":903,"menu_order":0,"comment_status":"closed","ping_status":"closed","template":"","meta":[],"categories":[49],"tags":[],"yoast_head":"<!-- This site is optimized with the Yoast SEO plugin v16.6.1 - https:\/\/yoast.com\/wordpress\/plugins\/seo\/ -->\n<title>2007-2008 Mark Schrager - L&#039;association de droit Lord Reading<\/title>\n<meta name=\"robots\" content=\"index, follow, max-snippet:-1, max-image-preview:large, max-video-preview:-1\" \/>\n<link rel=\"canonical\" href=\"https:\/\/lordreading.org\/fr\/histoire\/past-presidents\/2007-2008-mark-schrager\/\" \/>\n<meta property=\"og:locale\" content=\"fr_FR\" \/>\n<meta property=\"og:type\" content=\"article\" \/>\n<meta property=\"og:title\" content=\"2007-2008 Mark Schrager - L&#039;association de droit Lord Reading\" \/>\n<meta property=\"og:description\" content=\"[vc_row][vc_column][mk_revslider id=&#8221;about&#8221;][mk_padding_divider size=&#8221;70&#8243;][\/vc_column][\/vc_row][vc_row][vc_column width=&#8221;2\/3&#8243;][vc_column_text align=&#8221;center&#8221; css=&#8221;.vc_custom_1506972101768{margin-bottom: 0px !important;}&#8221;] 2007-2008 Mark Schrager Our speakers\u2019 programme this season was varied and well-attended. The Alan B. Gold Memorial Advocacy Lecture was delivered by Shimon Fogel on \u201cFeeling Good or Doing Good: Successfully Navigating the Pro-Israel Advocacy Challenge\u201d.\u00a0 Mr Fogel succeeded in explaining the strategy of advocating the case [&hellip;]\" \/>\n<meta property=\"og:url\" content=\"https:\/\/lordreading.org\/fr\/histoire\/past-presidents\/2007-2008-mark-schrager\/\" \/>\n<meta property=\"og:site_name\" content=\"L&#039;association de droit Lord Reading\" \/>\n<meta property=\"article:publisher\" content=\"https:\/\/www.facebook.com\/LordReadingLawSociety\/\" \/>\n<meta name=\"twitter:card\" content=\"summary_large_image\" \/>\n<meta name=\"twitter:site\" content=\"@LRLawSociety\" \/>\n<meta name=\"twitter:label1\" content=\"Dur\u00e9e de lecture est.\" \/>\n\t<meta name=\"twitter:data1\" content=\"3 minutes\" \/>\n<script type=\"application\/ld+json\" class=\"yoast-schema-graph\">{\"@context\":\"https:\/\/schema.org\",\"@graph\":[{\"@type\":\"WebSite\",\"@id\":\"https:\/\/lordreading.org\/#website\",\"url\":\"https:\/\/lordreading.org\/\",\"name\":\"L'association de droit Lord Reading\",\"description\":\"The Collective Voice of Jewish Jurists in Quebec\",\"potentialAction\":[{\"@type\":\"SearchAction\",\"target\":{\"@type\":\"EntryPoint\",\"urlTemplate\":\"https:\/\/lordreading.org\/?s={search_term_string}\"},\"query-input\":\"required name=search_term_string\"}],\"inLanguage\":\"fr-FR\"},{\"@type\":\"WebPage\",\"@id\":\"https:\/\/lordreading.org\/fr\/histoire\/past-presidents\/2007-2008-mark-schrager\/#webpage\",\"url\":\"https:\/\/lordreading.org\/fr\/histoire\/past-presidents\/2007-2008-mark-schrager\/\",\"name\":\"2007-2008 Mark Schrager - L'association de droit Lord Reading\",\"isPartOf\":{\"@id\":\"https:\/\/lordreading.org\/#website\"},\"datePublished\":\"2018-08-17T15:26:58+00:00\",\"dateModified\":\"2018-08-17T15:26:58+00:00\",\"breadcrumb\":{\"@id\":\"https:\/\/lordreading.org\/fr\/histoire\/past-presidents\/2007-2008-mark-schrager\/#breadcrumb\"},\"inLanguage\":\"fr-FR\",\"potentialAction\":[{\"@type\":\"ReadAction\",\"target\":[\"https:\/\/lordreading.org\/fr\/histoire\/past-presidents\/2007-2008-mark-schrager\/\"]}]},{\"@type\":\"BreadcrumbList\",\"@id\":\"https:\/\/lordreading.org\/fr\/histoire\/past-presidents\/2007-2008-mark-schrager\/#breadcrumb\",\"itemListElement\":[{\"@type\":\"ListItem\",\"position\":1,\"name\":\"Home\",\"item\":\"https:\/\/lordreading.org\/fr\/\"},{\"@type\":\"ListItem\",\"position\":2,\"name\":\"Histoire\",\"item\":\"https:\/\/lordreading.org\/history\/\"},{\"@type\":\"ListItem\",\"position\":3,\"name\":\"Anciens pr\\u00e9sident.e.s\",\"item\":\"https:\/\/lordreading.org\/fr\/histoire\/past-presidents\/\"},{\"@type\":\"ListItem\",\"position\":4,\"name\":\"2007-2008 Mark Schrager\"}]}]}<\/script>\n<!-- \/ Yoast SEO plugin. -->","_links":{"self":[{"href":"https:\/\/lordreading.org\/fr\/wp-json\/wp\/v2\/pages\/991"}],"collection":[{"href":"https:\/\/lordreading.org\/fr\/wp-json\/wp\/v2\/pages"}],"about":[{"href":"https:\/\/lordreading.org\/fr\/wp-json\/wp\/v2\/types\/page"}],"author":[{"embeddable":true,"href":"https:\/\/lordreading.org\/fr\/wp-json\/wp\/v2\/users\/1"}],"replies":[{"embeddable":true,"href":"https:\/\/lordreading.org\/fr\/wp-json\/wp\/v2\/comments?post=991"}],"version-history":[{"count":2,"href":"https:\/\/lordreading.org\/fr\/wp-json\/wp\/v2\/pages\/991\/revisions"}],"predecessor-version":[{"id":1021,"href":"https:\/\/lordreading.org\/fr\/wp-json\/wp\/v2\/pages\/991\/revisions\/1021"}],"up":[{"embeddable":true,"href":"https:\/\/lordreading.org\/fr\/wp-json\/wp\/v2\/pages\/903"}],"wp:attachment":[{"href":"https:\/\/lordreading.org\/fr\/wp-json\/wp\/v2\/media?parent=991"}],"wp:term":[{"taxonomy":"category","embeddable":true,"href":"https:\/\/lordreading.org\/fr\/wp-json\/wp\/v2\/categories?post=991"},{"taxonomy":"post_tag","embeddable":true,"href":"https:\/\/lordreading.org\/fr\/wp-json\/wp\/v2\/tags?post=991"}],"curies":[{"name":"wp","href":"https:\/\/api.w.org\/{rel}","templated":true}]}}