{"id":996,"date":"2018-08-17T11:27:37","date_gmt":"2018-08-17T15:27:37","guid":{"rendered":"https:\/\/hadx.com\/?page_id=996"},"modified":"2021-09-16T09:54:24","modified_gmt":"2021-09-16T13:54:24","slug":"timeline","status":"publish","type":"page","link":"https:\/\/lordreading.org\/fr\/histoire\/timeline\/","title":{"rendered":"Chronologie"},"content":{"rendered":"[vc_row][vc_column][mk_revslider id=&#8221;about&#8221;][mk_padding_divider size=&#8221;70&#8243;][\/vc_column][\/vc_row][vc_row][vc_column width=&#8221;2\/3&#8243;][vc_column_text align=&#8221;center&#8221; css=&#8221;.vc_custom_1506022247701{margin-bottom: 0px !important;}&#8221;]\n<h1 style=\"text-align: left;\">Chronologie<\/h1>\n<p style=\"text-align: left;\">Quelques moments cl\u00e9s de la Soci\u00e9t\u00e9 et de la communaut\u00e9 juridique juive au cours des ann\u00e9es\u2026<\/p>\n<p style=\"text-align: left;\"><strong>1948<\/strong>\u00a0: Fondation de la Soci\u00e9t\u00e9<\/p>\n<p style=\"text-align: left;\"><strong>1950<\/strong>\u00a0: Harry Batshaw est le premier juif \u00e0 \u00eatre nomm\u00e9 juge de la Cour sup\u00e9rieure du Qu\u00e9bec<\/p>\n<p style=\"text-align: left;\"><strong>1960<\/strong>\u00a0: Michael Franklin est le premier juif \u00e0 \u00eatre nomm\u00e9 Procureur s\u00e9nior de la couronne au Qu\u00e9bec\u00a0? Senior Crown Prosecutor in<\/p>\n<p style=\"text-align: left;\"><strong>1965<\/strong>\u00a0: Premier tournoi de golf de la Soci\u00e9t\u00e9 qui se r\u00e9v\u00e8le un franc succ\u00e8s\u00a0!<\/p>\n<p style=\"text-align: left;\"><strong>1969<\/strong>\u00a0: Phillip F. Vineberg devient le premier b\u00e2tonnier juif lorsqu\u2019il est \u00e9lu b\u00e2tonnier du Barreau de Montr\u00e9al<\/p>\n<p style=\"text-align: left;\"><strong>1973<\/strong>\u00a0: Fred Kaufman est le premier juge juif \u00e0 \u00eatre nomm\u00e9 \u00e0 la Cour d\u2019appel du Qu\u00e9bec<\/p>\n<p style=\"text-align: left;\"><strong>1990<\/strong>\u00a0: Sylviane Borenstein est la premi\u00e8re juive ET la premi\u00e8re femme \u00e9lue b\u00e2tonni\u00e8re du Barreau du Qu\u00e9bec. En 1994, elle devient la premi\u00e8re femme juive \u00e0 acc\u00e9der au poste de juge lorsqu\u2019elle est nomm\u00e9e \u00e0 la Cour sup\u00e9rieure.<\/p>\n<p style=\"text-align: left;\">Pour plus d\u2019informations sur nos moments cl\u00e9s, consultez <a href=\"http:\/\/lordreading.org\/_media\/50th_booklet.pdf\" target=\"_blank\" rel=\"noopener\">le livret du 50<sup>e<\/sup> anniversaire<\/a>.<\/p>\n<p style=\"text-align: left;\">\n[\/vc_column_text][mk_padding_divider size=&#8221;70&#8243;][\/vc_column][vc_column width=&#8221;1\/3&#8243;][mk_custom_sidebar sidebar=&#8221;sidebar-1&#8243;][\/vc_column][\/vc_row]\n","protected":false},"excerpt":{"rendered":"<p>[vc_row][vc_column][mk_revslider id=&#8221;about&#8221;][mk_padding_divider size=&#8221;70&#8243;][\/vc_column][\/vc_row][vc_row][vc_column width=&#8221;2\/3&#8243;][vc_column_text align=&#8221;center&#8221; css=&#8221;.vc_custom_1506022247701{margin-bottom: 0px !important;}&#8221;] Chronologie Quelques moments cl\u00e9s de la Soci\u00e9t\u00e9 et de la communaut\u00e9 juridique juive au cours des ann\u00e9es\u2026 1948\u00a0: Fondation de la Soci\u00e9t\u00e9 1950\u00a0: Harry Batshaw est le premier juif \u00e0 \u00eatre nomm\u00e9 juge de la Cour sup\u00e9rieure du Qu\u00e9bec 1960\u00a0: Michael Franklin est le premier juif \u00e0 [&hellip;]<\/p>\n","protected":false},"author":1,"featured_media":0,"parent":894,"menu_order":0,"comment_status":"closed","ping_status":"closed","template":"","meta":[],"categories":[49],"tags":[],"yoast_head":"<!-- This site is optimized with the Yoast SEO plugin v16.6.1 - https:\/\/yoast.com\/wordpress\/plugins\/seo\/ -->\n<title>Chronologie - L&#039;association de droit Lord Reading<\/title>\n<meta name=\"robots\" content=\"index, follow, max-snippet:-1, max-image-preview:large, max-video-preview:-1\" \/>\n<link rel=\"canonical\" href=\"https:\/\/lordreading.org\/fr\/history\/timeline\/\" \/>\n<meta property=\"og:locale\" content=\"fr_FR\" \/>\n<meta property=\"og:type\" content=\"article\" \/>\n<meta property=\"og:title\" content=\"Chronologie - L&#039;association de droit Lord Reading\" \/>\n<meta property=\"og:description\" content=\"[vc_row][vc_column][mk_revslider id=&#8221;about&#8221;][mk_padding_divider size=&#8221;70&#8243;][\/vc_column][\/vc_row][vc_row][vc_column width=&#8221;2\/3&#8243;][vc_column_text align=&#8221;center&#8221; css=&#8221;.vc_custom_1506022247701{margin-bottom: 0px !important;}&#8221;] Chronologie Quelques moments cl\u00e9s de la Soci\u00e9t\u00e9 et de la communaut\u00e9 juridique juive au cours des ann\u00e9es\u2026 1948\u00a0: Fondation de la Soci\u00e9t\u00e9 1950\u00a0: Harry Batshaw est le premier juif \u00e0 \u00eatre nomm\u00e9 juge de la Cour sup\u00e9rieure du Qu\u00e9bec 1960\u00a0: Michael Franklin est le premier juif \u00e0 [&hellip;]\" \/>\n<meta property=\"og:url\" content=\"https:\/\/lordreading.org\/history\/timeline\/\" \/>\n<meta property=\"og:site_name\" content=\"L&#039;association de droit Lord Reading\" \/>\n<meta property=\"article:publisher\" content=\"https:\/\/www.facebook.com\/LordReadingLawSociety\/\" \/>\n<meta property=\"article:modified_time\" content=\"2021-09-16T13:54:24+00:00\" \/>\n<meta name=\"twitter:card\" content=\"summary_large_image\" \/>\n<meta name=\"twitter:site\" content=\"@LRLawSociety\" \/>\n<meta name=\"twitter:label1\" content=\"Dur\u00e9e de lecture est.\" \/>\n\t<meta name=\"twitter:data1\" content=\"1 minute\" \/>\n<script type=\"application\/ld+json\" class=\"yoast-schema-graph\">{\"@context\":\"https:\/\/schema.org\",\"@graph\":[{\"@type\":\"WebSite\",\"@id\":\"https:\/\/lordreading.org\/#website\",\"url\":\"https:\/\/lordreading.org\/\",\"name\":\"L'association de droit Lord Reading\",\"description\":\"The Collective Voice of Jewish Jurists in Quebec\",\"potentialAction\":[{\"@type\":\"SearchAction\",\"target\":{\"@type\":\"EntryPoint\",\"urlTemplate\":\"https:\/\/lordreading.org\/?s={search_term_string}\"},\"query-input\":\"required name=search_term_string\"}],\"inLanguage\":\"fr-FR\"},{\"@type\":\"WebPage\",\"@id\":\"https:\/\/lordreading.org\/history\/timeline\/#webpage\",\"url\":\"https:\/\/lordreading.org\/history\/timeline\/\",\"name\":\"Chronologie - L'association de droit Lord Reading\",\"isPartOf\":{\"@id\":\"https:\/\/lordreading.org\/#website\"},\"datePublished\":\"2018-08-17T15:27:37+00:00\",\"dateModified\":\"2021-09-16T13:54:24+00:00\",\"breadcrumb\":{\"@id\":\"https:\/\/lordreading.org\/history\/timeline\/#breadcrumb\"},\"inLanguage\":\"fr-FR\",\"potentialAction\":[{\"@type\":\"ReadAction\",\"target\":[\"https:\/\/lordreading.org\/history\/timeline\/\"]}]},{\"@type\":\"BreadcrumbList\",\"@id\":\"https:\/\/lordreading.org\/history\/timeline\/#breadcrumb\",\"itemListElement\":[{\"@type\":\"ListItem\",\"position\":1,\"name\":\"Home\",\"item\":\"https:\/\/lordreading.org\/fr\/\"},{\"@type\":\"ListItem\",\"position\":2,\"name\":\"Histoire\",\"item\":\"https:\/\/lordreading.org\/history\/\"},{\"@type\":\"ListItem\",\"position\":3,\"name\":\"Chronologie\"}]}]}<\/script>\n<!-- \/ Yoast SEO plugin. -->","_links":{"self":[{"href":"https:\/\/lordreading.org\/fr\/wp-json\/wp\/v2\/pages\/996"}],"collection":[{"href":"https:\/\/lordreading.org\/fr\/wp-json\/wp\/v2\/pages"}],"about":[{"href":"https:\/\/lordreading.org\/fr\/wp-json\/wp\/v2\/types\/page"}],"author":[{"embeddable":true,"href":"https:\/\/lordreading.org\/fr\/wp-json\/wp\/v2\/users\/1"}],"replies":[{"embeddable":true,"href":"https:\/\/lordreading.org\/fr\/wp-json\/wp\/v2\/comments?post=996"}],"version-history":[{"count":4,"href":"https:\/\/lordreading.org\/fr\/wp-json\/wp\/v2\/pages\/996\/revisions"}],"predecessor-version":[{"id":2762,"href":"https:\/\/lordreading.org\/fr\/wp-json\/wp\/v2\/pages\/996\/revisions\/2762"}],"up":[{"embeddable":true,"href":"https:\/\/lordreading.org\/fr\/wp-json\/wp\/v2\/pages\/894"}],"wp:attachment":[{"href":"https:\/\/lordreading.org\/fr\/wp-json\/wp\/v2\/media?parent=996"}],"wp:term":[{"taxonomy":"category","embeddable":true,"href":"https:\/\/lordreading.org\/fr\/wp-json\/wp\/v2\/categories?post=996"},{"taxonomy":"post_tag","embeddable":true,"href":"https:\/\/lordreading.org\/fr\/wp-json\/wp\/v2\/tags?post=996"}],"curies":[{"name":"wp","href":"https:\/\/api.w.org\/{rel}","templated":true}]}}