{"id":997,"date":"2018-08-17T11:27:45","date_gmt":"2018-08-17T15:27:45","guid":{"rendered":"https:\/\/hadx.com\/?page_id=997"},"modified":"2018-08-17T11:27:45","modified_gmt":"2018-08-17T15:27:45","slug":"links","status":"publish","type":"page","link":"https:\/\/lordreading.org\/fr\/links\/","title":{"rendered":"Links"},"content":{"rendered":"[vc_row][vc_column][mk_revslider id=&#8221;about&#8221;][mk_padding_divider size=&#8221;70&#8243;][\/vc_column][\/vc_row][vc_row][vc_column width=&#8221;2\/3&#8243;][vc_column_text align=&#8221;center&#8221; css=&#8221;.vc_custom_1506974280238{margin-bottom: 0px !important;}&#8221;]\n<h1 style=\"text-align: left;\">Links<\/h1>\n<p style=\"text-align: left;\">The following may be sites of interest to our members and to the legal community.<\/p>\n<h4 style=\"text-align: left;\">GENERAL LEGAL SITES<\/h4>\n<p style=\"text-align: left;\"><a title=\"Barreau du Qu\u00e9bec\" href=\"http:\/\/www.barreau.qc.ca\/\">Barreau du Qu\u00e9bec<\/a><br \/>\n<a title=\"Bar of Montreal\" href=\"http:\/\/www.barreaudemontreal.qc.ca\/Ang\/Home.htm\">Bar of Montreal<\/a><br \/>\n<a title=\"Quebec Young Bar Association\" href=\"http:\/\/www.ajbm.qc.ca\/\">Quebec Young Bar Association<\/a><br \/>\n<a title=\"Canadian Bar Association\" href=\"http:\/\/www.cba.org\/CBA\/\">Canadian Bar Association<\/a><br \/>\n<a title=\"American Bar Association\" href=\"http:\/\/www.abanet.org\/\">American Bar Association<\/a><\/p>\n<h4 style=\"text-align: left;\">OTHER ASSOCIATIONS OF JEWISH JURISTS<\/h4>\n<p style=\"text-align: left;\"><a title=\"The Decalogue Society\" href=\"http:\/\/decaloguesociety.org\/default.aspx\">The Decalogue Society<\/a><br \/>\n<a title=\"American Association of Jewish Lawyers and Jurists\" href=\"http:\/\/www.jewishlawyers.org\/home.asp\">American Association of Jewish Lawyers and Jurists<\/a><br \/>\n<a title=\"International Association of Jewish Lawyers and Jurists\" href=\"http:\/\/www.intjewishlawyers.org\/\">International Association of Jewish Lawyers and Jurists<\/a><br \/>\n<a title=\"Asociaci\u00f3n de Abogados Jud\u00edos de la Rep\u00fablica Argentina\" href=\"http:\/\/www.aajra.org\/\">Asociaci\u00f3n de Abogados Jud\u00edos de la Rep\u00fablica Argentina<\/a><br \/>\n<a title=\"Jewish Lawyers Guild\" href=\"http:\/\/www.jewishlawyersguild.org\/index.htm\">Jewish Lawyers Guild (New York)<\/a><\/p>\n<h4 style=\"text-align: left;\">CALENDARS<\/h4>\n<p style=\"text-align: left;\">Please see our\u00a0<a title=\"calendars\" href=\"https:\/\/lordreading.org\/about\/calendars\/\">calendars<\/a>\u00a0page.<\/p>\n[\/vc_column_text][mk_padding_divider size=&#8221;70&#8243;][\/vc_column][vc_column width=&#8221;1\/3&#8243;][mk_custom_sidebar sidebar=&#8221;sidebar-1&#8243;][\/vc_column][\/vc_row]\n","protected":false},"excerpt":{"rendered":"<p>[vc_row][vc_column][mk_revslider id=&#8221;about&#8221;][mk_padding_divider size=&#8221;70&#8243;][\/vc_column][\/vc_row][vc_row][vc_column width=&#8221;2\/3&#8243;][vc_column_text align=&#8221;center&#8221; css=&#8221;.vc_custom_1506974280238{margin-bottom: 0px !important;}&#8221;] Links The following may be sites of interest to our members and to the legal community. GENERAL LEGAL SITES Barreau du Qu\u00e9bec Bar of Montreal Quebec Young Bar Association Canadian Bar Association American Bar Association OTHER ASSOCIATIONS OF JEWISH JURISTS The Decalogue Society American Association of Jewish [&hellip;]<\/p>\n","protected":false},"author":1,"featured_media":0,"parent":0,"menu_order":0,"comment_status":"closed","ping_status":"closed","template":"","meta":[],"categories":[],"tags":[],"yoast_head":"<!-- This site is optimized with the Yoast SEO plugin v16.6.1 - https:\/\/yoast.com\/wordpress\/plugins\/seo\/ -->\n<title>Links - L&#039;association de droit Lord Reading<\/title>\n<meta name=\"robots\" content=\"index, follow, max-snippet:-1, max-image-preview:large, max-video-preview:-1\" \/>\n<link rel=\"canonical\" href=\"https:\/\/lordreading.org\/fr\/links\/\" \/>\n<meta property=\"og:locale\" content=\"fr_FR\" \/>\n<meta property=\"og:type\" content=\"article\" \/>\n<meta property=\"og:title\" content=\"Links - L&#039;association de droit Lord Reading\" \/>\n<meta property=\"og:description\" content=\"[vc_row][vc_column][mk_revslider id=&#8221;about&#8221;][mk_padding_divider size=&#8221;70&#8243;][\/vc_column][\/vc_row][vc_row][vc_column width=&#8221;2\/3&#8243;][vc_column_text align=&#8221;center&#8221; css=&#8221;.vc_custom_1506974280238{margin-bottom: 0px !important;}&#8221;] Links The following may be sites of interest to our members and to the legal community. GENERAL LEGAL SITES Barreau du Qu\u00e9bec Bar of Montreal Quebec Young Bar Association Canadian Bar Association American Bar Association OTHER ASSOCIATIONS OF JEWISH JURISTS The Decalogue Society American Association of Jewish [&hellip;]\" \/>\n<meta property=\"og:url\" content=\"https:\/\/lordreading.org\/links\/\" \/>\n<meta property=\"og:site_name\" content=\"L&#039;association de droit Lord Reading\" \/>\n<meta property=\"article:publisher\" content=\"https:\/\/www.facebook.com\/LordReadingLawSociety\/\" \/>\n<meta name=\"twitter:card\" content=\"summary_large_image\" \/>\n<meta name=\"twitter:site\" content=\"@LRLawSociety\" \/>\n<meta name=\"twitter:label1\" content=\"Dur\u00e9e de lecture est.\" \/>\n\t<meta name=\"twitter:data1\" content=\"1 minute\" \/>\n<script type=\"application\/ld+json\" class=\"yoast-schema-graph\">{\"@context\":\"https:\/\/schema.org\",\"@graph\":[{\"@type\":\"WebSite\",\"@id\":\"https:\/\/lordreading.org\/#website\",\"url\":\"https:\/\/lordreading.org\/\",\"name\":\"L'association de droit Lord Reading\",\"description\":\"The Collective Voice of Jewish Jurists in Quebec\",\"potentialAction\":[{\"@type\":\"SearchAction\",\"target\":{\"@type\":\"EntryPoint\",\"urlTemplate\":\"https:\/\/lordreading.org\/?s={search_term_string}\"},\"query-input\":\"required name=search_term_string\"}],\"inLanguage\":\"fr-FR\"},{\"@type\":\"WebPage\",\"@id\":\"https:\/\/lordreading.org\/links\/#webpage\",\"url\":\"https:\/\/lordreading.org\/links\/\",\"name\":\"Links - L'association de droit Lord Reading\",\"isPartOf\":{\"@id\":\"https:\/\/lordreading.org\/#website\"},\"datePublished\":\"2018-08-17T15:27:45+00:00\",\"dateModified\":\"2018-08-17T15:27:45+00:00\",\"breadcrumb\":{\"@id\":\"https:\/\/lordreading.org\/links\/#breadcrumb\"},\"inLanguage\":\"fr-FR\",\"potentialAction\":[{\"@type\":\"ReadAction\",\"target\":[\"https:\/\/lordreading.org\/links\/\"]}]},{\"@type\":\"BreadcrumbList\",\"@id\":\"https:\/\/lordreading.org\/links\/#breadcrumb\",\"itemListElement\":[{\"@type\":\"ListItem\",\"position\":1,\"name\":\"Home\",\"item\":\"https:\/\/lordreading.org\/fr\/\"},{\"@type\":\"ListItem\",\"position\":2,\"name\":\"Links\"}]}]}<\/script>\n<!-- \/ Yoast SEO plugin. -->","_links":{"self":[{"href":"https:\/\/lordreading.org\/fr\/wp-json\/wp\/v2\/pages\/997"}],"collection":[{"href":"https:\/\/lordreading.org\/fr\/wp-json\/wp\/v2\/pages"}],"about":[{"href":"https:\/\/lordreading.org\/fr\/wp-json\/wp\/v2\/types\/page"}],"author":[{"embeddable":true,"href":"https:\/\/lordreading.org\/fr\/wp-json\/wp\/v2\/users\/1"}],"replies":[{"embeddable":true,"href":"https:\/\/lordreading.org\/fr\/wp-json\/wp\/v2\/comments?post=997"}],"version-history":[{"count":2,"href":"https:\/\/lordreading.org\/fr\/wp-json\/wp\/v2\/pages\/997\/revisions"}],"predecessor-version":[{"id":1034,"href":"https:\/\/lordreading.org\/fr\/wp-json\/wp\/v2\/pages\/997\/revisions\/1034"}],"wp:attachment":[{"href":"https:\/\/lordreading.org\/fr\/wp-json\/wp\/v2\/media?parent=997"}],"wp:term":[{"taxonomy":"category","embeddable":true,"href":"https:\/\/lordreading.org\/fr\/wp-json\/wp\/v2\/categories?post=997"},{"taxonomy":"post_tag","embeddable":true,"href":"https:\/\/lordreading.org\/fr\/wp-json\/wp\/v2\/tags?post=997"}],"curies":[{"name":"wp","href":"https:\/\/api.w.org\/{rel}","templated":true}]}}